{"id":7406,"date":"2021-04-14T23:03:54","date_gmt":"2021-04-14T21:03:54","guid":{"rendered":"https:\/\/fair.sviluppo.host\/?page_id=7406"},"modified":"2023-04-06T10:51:06","modified_gmt":"2023-04-06T08:51:06","slug":"slx-800","status":"publish","type":"page","link":"https:\/\/www.fair.it\/fr\/produits\/fusils-de-chasse\/superposes\/slx-800\/","title":{"rendered":"SLX 800"},"content":{"rendered":"\n\t<div id=\"text-3656599769\" class=\"text sottotitolo-prodotto\">\n\t\t\n\n<p>100% ITALIAN MADE<\/p>\n\t\t\n<style>\n#text-3656599769 {\n  text-align: center;\n}\n<\/style>\n\t<\/div>\n\t\n<div class=\"row align-middle\"  id=\"row-1056754938\">\n\n\n\t<div id=\"col-154082397\" class=\"col small-12 large-12\"  >\n\t\t\t\t<div class=\"col-inner\"  >\n\t\t\t\n\t\t\t\n\n\t<div class=\"img has-hover zoooom x md-x lg-x y md-y lg-y\" id=\"image_1254491276\">\n\t\t\t\t\t\t\t\t<div class=\"img-inner dark\" >\n\t\t\t<img loading=\"lazy\" decoding=\"async\" width=\"1020\" height=\"721\" src=\"https:\/\/www.fair.it\/wp-content\/uploads\/SLX800-1132x800.jpg\" class=\"attachment-large size-large\" alt=\"\" srcset=\"https:\/\/www.fair.it\/wp-content\/uploads\/SLX800-1132x800.jpg 1132w, https:\/\/www.fair.it\/wp-content\/uploads\/SLX800-510x361.jpg 510w, https:\/\/www.fair.it\/wp-content\/uploads\/SLX800-566x400.jpg 566w, https:\/\/www.fair.it\/wp-content\/uploads\/SLX800-768x543.jpg 768w, https:\/\/www.fair.it\/wp-content\/uploads\/SLX800-1536x1086.jpg 1536w, https:\/\/www.fair.it\/wp-content\/uploads\/SLX800.jpg 2000w\" sizes=\"(max-width: 1020px) 100vw, 1020px\" \/>\t\t\t\t\t\t\n\t\t\t\t\t<\/div>\n\t\t\t\t\t\t\t\t\n<style>\n#image_1254491276 {\n  width: 100%;\n}\n<\/style>\n\t<\/div>\n\t\n\n\n\t\t<\/div>\n\t\t\t\t\t<\/div>\n\n\t\n\n<\/div>\n\t<div id=\"gap-754882926\" class=\"gap-element clearfix\" style=\"display:block; height:auto;\">\n\t\t\n<style>\n#gap-754882926 {\n  padding-top: 30px;\n}\n<\/style>\n\t<\/div>\n\t\n\n<div class=\"row\"  id=\"row-616082890\">\n\n\n\t<div id=\"col-1700476617\" class=\"col small-12 large-12\"  >\n\t\t\t\t<div class=\"col-inner\"  >\n\t\t\t\n\t\t\t\n\n<a href=\"https:\/\/www.fair.it\/fr\/technologie\/\" class=\"button primary\"  >\n\t\t<span>Technologie<\/span>\n\t<\/a>\n\n\n<a href=\"#informazioni\" class=\"button primary\"  >\n\t\t<span>demander<\/span>\n\t<\/a>\n\n\n\n\t\t<\/div>\n\t\t\t\t\t<\/div>\n\n\t\n\n<\/div>\n<p class=\"giustificato\">Cette gamme de mod\u00e8les SLX 800 est n\u00e9e pour satisfaire les exigences d\u2019une partie des chasseurs qui demandaient un fusil \u00e9l\u00e9gant et solide, avec une esth\u00e9tique raffin\u00e9e. Les configurations des mod\u00e8les se distinguent par le mat\u00e9riel de la bascule et finition de la m\u00eame: Acier, chrom\u00e9s argent vieux, pour les versions SLX 800 et Aluminium (ERGAL 55) nickel\u00e9 pour les versions SLX 800 XLIGHT<sup>\u00ae<\/sup>.<\/p>\n<p class=\"giustificato\">Les mod\u00e8les avec faux-corps lat\u00e9rales prennent le nom \u00abPRESTIGE\u00bb Ces fusils sont disponibles en calibre 12 et en calibre 20 (avec 2 bascules diff\u00e9rentes) et renforts lat\u00e9raux, \u00e9jecteurs \u00e0 longue course, mono d\u00e9tente s\u00e9lective, coussinet anti-recul en caoutchouc, guidon en fibre optique, 3\/5 sujets dor\u00e9s pr\u00e9cieuse crosse en noyer avec finition \u00e0 l\u2019huile type FX-WOOD (brevet Optowood) et quadrillages fins au laser type \u00e9cossais. Les mod\u00e8les SLX 800 sont fournis avec une \u00e9l\u00e9gante mallette thermoform\u00e9e, mod\u00e8le V500SP et avec 7 chokes interchangeables type TECHNICHOKE<sup>\u00ae<\/sup>, dont 2 chokes en version IN-OUT XP100<\/p>\n<p><img decoding=\"async\" src=\"\/wp-content\/uploads\/sovrapposti-ico.png\" width=\"30px\" \/> <img decoding=\"async\" src=\"\/wp-content\/uploads\/anatra-x-ico.png\" width=\"50px\" \/> <img decoding=\"async\" src=\"\/wp-content\/uploads\/coniglio-ico.png\" width=\"50px\" \/> <img decoding=\"async\" src=\"\/wp-content\/uploads\/oca-ico.png\" width=\"50px\" \/><\/p>\n\t<div id=\"gap-195723798\" class=\"gap-element clearfix\" style=\"display:block; height:auto;\">\n\t\t\n<style>\n#gap-195723798 {\n  padding-top: 20px;\n}\n<\/style>\n\t<\/div>\n\t\n\n<div class=\"scrolla-tabella\">\n<table width=\"100%\" border=\"0\" cellspacing=\"0\" cellpadding=\"0\" class=\"nuovatabella\">\n<tbody>\n<tr class=\"titoli-nt\">\n<td width=\"16%\" style=\"text-align:left;\">Mod\u00e8le<\/td>\n<td width=\"8%\">CALIBRE<\/td>\n<td width=\"11%\">CHAMBER MM\/INCH<\/td>\n<td width=\"14%\">CANONS CM\/INCH<\/td>\n<td width=\"9%\">CHOKES<\/td>\n<td width=\"9%\">Syst\u00e8mE<\/td>\n<td width=\"11%\">Crosse mm\/inch<\/td>\n<td width=\"13%\">Poids kg. Approx.<\/td>\n<td width=\"8%\">EMBALLAGE<\/td>\n<\/tr>\n<tr class=\"riga-nt\">\n<td style=\"background: url(\/wp-content\/uploads\/tech-tab-grigio.png) no-repeat 95% center;text-align:left\"><strong>SLX 800<\/strong><\/td>\n<td><strong>12<br \/>20<\/strong><\/td>\n<td>76\/3\u201d<\/td>\n<td>68\/26 3\/4&Prime;<br \/><strong>71\/28&Prime;<\/strong><br \/> 76\/30\u201c<\/td>\n<td>TC XP50 5 + 2<\/td>\n<td>EJ-MS<\/td>\n<td>368\/14,50\u201d<\/td>\n<td>3,150\/12<br \/>2,850\/20<\/td>\n<td>V500SP<\/td>\n<\/tr>\n<tr class=\"riga-nt scura-nt\">\n<td style=\"background: url(\/wp-content\/uploads\/tech-tab-grigio.png) no-repeat 95% center;text-align:left;\"><strong>SLX 800 XLIGHT<sup>\u00ae<\/sup><\/strong><\/td>\n<td><strong>12<br \/>20<\/strong><\/td>\n<td>76\/3\u201d<\/td>\n<td>68\/26 3\/4&Prime;<br \/> <strong>71\/28&Prime;<\/strong><br \/> 76\/30\u201c<\/td>\n<td>TC XP50 5 + 2<\/td>\n<td>EJ-MS<\/td>\n<td>368\/14,50\u201d<\/td>\n<td>2,700\/12<br \/>2,500\/20 <\/td>\n<td>V500SP<\/td>\n<\/tr>\n<tr class=\"riga-nt\">\n<td style=\"background: url(\/wp-content\/uploads\/tech-tab-grigio.png) no-repeat 95% center;text-align:left;\"><strong>SLX 800 PRESTIGE<\/strong><\/td>\n<td><strong>12<br \/>20<\/strong><\/td>\n<td>76\/3\u201d<\/td>\n<td>68\/26 3\/4&Prime;<br \/><strong>71\/28&Prime;<\/strong><br \/>76\/30\u201c<\/td>\n<td>TC XP50 5 + 2<\/td>\n<td>EJ-MS<\/td>\n<td>368\/14,50\u201d<\/td>\n<td>3,300\/12<br \/>2,900\/20 <\/td>\n<td>V500SP<\/td>\n<\/tr>\n<tr class=\"riga-nt scura-nt\">\n<td style=\"background: url(\/wp-content\/uploads\/tech-tab-grigio.png) no-repeat 95% center;text-align:left;\"><strong>SLX 800 PRESTIGE XLIGHT<sup>\u00ae<\/sup><\/strong><\/td>\n<td><strong>12<br \/>20<\/strong><\/td>\n<td>76\/3\u201d<\/td>\n<td>68\/26 3\/4<br \/><strong>71\/28&Prime;<\/strong><br \/>76\/30\u201c<\/td>\n<td>TC XP50 5 + 2<\/td>\n<td>EJ-MS<\/td>\n<td>368\/14,50\u201d<\/td>\n<td>2,800\/12<br \/>2,600\/20 <\/td>\n<td>V500SP<\/td>\n<\/tr>\n<\/tbody>\n<\/table>\n<\/div>\n<p>MS = single selective trigger<br \/>EJ = automatic ejector<br \/>*all the version can be required with double trigger<\/p>\n\t<div id=\"gap-1722480390\" class=\"gap-element clearfix\" style=\"display:block; height:auto;\">\n\t\t\n<style>\n#gap-1722480390 {\n  padding-top: 20px;\n}\n<\/style>\n\t<\/div>\n\t\n\n\t<div id=\"text-3459197335\" class=\"text\">\n\t\t\n\n<h3>Gallery<\/h3>\n\t\t\n<style>\n#text-3459197335 {\n  color: #004586;\n}\n#text-3459197335 > * {\n  color: #004586;\n}\n<\/style>\n\t<\/div>\n\t\n\n  \n    <div class=\"row large-columns-4 medium-columns-3 small-columns-2 slider row-slider slider-nav-simple slider-nav-outside slider-nav-push\"  data-flickity-options='{&quot;imagesLoaded&quot;: true, &quot;groupCells&quot;: &quot;100%&quot;, &quot;dragThreshold&quot; : 5, &quot;cellAlign&quot;: &quot;left&quot;,&quot;wrapAround&quot;: true,&quot;prevNextButtons&quot;: true,&quot;percentPosition&quot;: true,&quot;pageDots&quot;: true, &quot;rightToLeft&quot;: false, &quot;autoPlay&quot; : 7000}' >\n\n  <div class=\"gallery-col col\" >\n          <div class=\"col-inner\">\n            <a class=\"image-lightbox lightbox-gallery\" href=\"https:\/\/www.fair.it\/wp-content\/uploads\/slx800_box6_m.jpg\" title=\"\">            <div class=\"box has-hover gallery-box box-normal\">\n              <div class=\"box-image box-shadow-1\" >\n                <img loading=\"lazy\" decoding=\"async\" width=\"581\" height=\"400\" src=\"https:\/\/www.fair.it\/wp-content\/uploads\/slx800_box6_m-581x400.jpg\" class=\"attachment-medium size-medium\" alt=\"\" ids=\"6395,6399,5632,5892\" style=\"normal\" type=\"slider\" depth=\"1\" slider_nav_style=\"simple\" slider_nav_position=\"outside\" slider_bullets=\"true\" auto_slide=\"7000\" srcset=\"https:\/\/www.fair.it\/wp-content\/uploads\/slx800_box6_m-581x400.jpg 581w, https:\/\/www.fair.it\/wp-content\/uploads\/slx800_box6_m-510x351.jpg 510w, https:\/\/www.fair.it\/wp-content\/uploads\/slx800_box6_m.jpg 715w\" sizes=\"(max-width: 581px) 100vw, 581px\" \/>                                                              <\/div>\n              <div class=\"box-text text-left\" >\n                 <p><\/p>\n              <\/div>\n            <\/div>\n            <\/a>          <\/div>\n         <\/div><div class=\"gallery-col col\" >\n          <div class=\"col-inner\">\n            <a class=\"image-lightbox lightbox-gallery\" href=\"https:\/\/www.fair.it\/wp-content\/uploads\/slx800_box1_m.jpg\" title=\"\">            <div class=\"box has-hover gallery-box box-normal\">\n              <div class=\"box-image box-shadow-1\" >\n                <img loading=\"lazy\" decoding=\"async\" width=\"581\" height=\"400\" src=\"https:\/\/www.fair.it\/wp-content\/uploads\/slx800_box1_m-581x400.jpg\" class=\"attachment-medium size-medium\" alt=\"\" ids=\"6395,6399,5632,5892\" style=\"normal\" type=\"slider\" depth=\"1\" slider_nav_style=\"simple\" slider_nav_position=\"outside\" slider_bullets=\"true\" auto_slide=\"7000\" srcset=\"https:\/\/www.fair.it\/wp-content\/uploads\/slx800_box1_m-581x400.jpg 581w, https:\/\/www.fair.it\/wp-content\/uploads\/slx800_box1_m-510x351.jpg 510w, https:\/\/www.fair.it\/wp-content\/uploads\/slx800_box1_m.jpg 715w\" sizes=\"(max-width: 581px) 100vw, 581px\" \/>                                                              <\/div>\n              <div class=\"box-text text-left\" >\n                 <p><\/p>\n              <\/div>\n            <\/div>\n            <\/a>          <\/div>\n         <\/div><div class=\"gallery-col col\" >\n          <div class=\"col-inner\">\n            <a class=\"image-lightbox lightbox-gallery\" href=\"https:\/\/www.fair.it\/wp-content\/uploads\/V500SP-V502SP-.jpg\" title=\"\">            <div class=\"box has-hover gallery-box box-normal\">\n              <div class=\"box-image box-shadow-1\" >\n                <img loading=\"lazy\" decoding=\"async\" width=\"581\" height=\"400\" src=\"https:\/\/www.fair.it\/wp-content\/uploads\/V500SP-V502SP--581x400.jpg\" class=\"attachment-medium size-medium\" alt=\"\" ids=\"6395,6399,5632,5892\" style=\"normal\" type=\"slider\" depth=\"1\" slider_nav_style=\"simple\" slider_nav_position=\"outside\" slider_bullets=\"true\" auto_slide=\"7000\" srcset=\"https:\/\/www.fair.it\/wp-content\/uploads\/V500SP-V502SP--581x400.jpg 581w, https:\/\/www.fair.it\/wp-content\/uploads\/V500SP-V502SP--510x351.jpg 510w, https:\/\/www.fair.it\/wp-content\/uploads\/V500SP-V502SP-.jpg 715w\" sizes=\"(max-width: 581px) 100vw, 581px\" \/>                                                              <\/div>\n              <div class=\"box-text text-left\" >\n                 <p><\/p>\n              <\/div>\n            <\/div>\n            <\/a>          <\/div>\n         <\/div><div class=\"gallery-col col\" >\n          <div class=\"col-inner\">\n            <a class=\"image-lightbox lightbox-gallery\" href=\"https:\/\/www.fair.it\/wp-content\/uploads\/tech.jpg\" title=\"\">            <div class=\"box has-hover gallery-box box-normal\">\n              <div class=\"box-image box-shadow-1\" >\n                <img loading=\"lazy\" decoding=\"async\" width=\"515\" height=\"339\" src=\"https:\/\/www.fair.it\/wp-content\/uploads\/tech.jpg\" class=\"attachment-medium size-medium\" alt=\"\" ids=\"6395,6399,5632,5892\" style=\"normal\" type=\"slider\" depth=\"1\" slider_nav_style=\"simple\" slider_nav_position=\"outside\" slider_bullets=\"true\" auto_slide=\"7000\" srcset=\"https:\/\/www.fair.it\/wp-content\/uploads\/tech.jpg 515w, https:\/\/www.fair.it\/wp-content\/uploads\/tech-510x336.jpg 510w\" sizes=\"(max-width: 515px) 100vw, 515px\" \/>                                                              <\/div>\n              <div class=\"box-text text-left\" >\n                 <p><\/p>\n              <\/div>\n            <\/div>\n            <\/a>          <\/div>\n         <\/div><\/div>\n\n\t<div id=\"gap-646519873\" class=\"gap-element clearfix\" style=\"display:block; height:auto;\">\n\t\t\n<style>\n#gap-646519873 {\n  padding-top: 20px;\n}\n<\/style>\n\t<\/div>\n\t\n\n\t<div id=\"text-3377741512\" class=\"text\">\n\t\t\n\n<h3>Demander<\/h3>\n\t\t\n<style>\n#text-3377741512 {\n  color: #004586;\n}\n#text-3377741512 > * {\n  color: #004586;\n}\n<\/style>\n\t<\/div>\n\t\n<span class=\"scroll-to\" data-label=\"Scroll to: #informazioni\" data-bullet=\"false\" data-link=\"#informazioni\" data-title=\"informazioni\" ><a name=\"informazioni\"><\/a><\/span>\n\n\n<div class=\"wpcf7 no-js\" id=\"wpcf7-f5160-o1\" lang=\"it-IT\" dir=\"ltr\">\n<div class=\"screen-reader-response\"><p role=\"status\" aria-live=\"polite\" aria-atomic=\"true\"><\/p> <ul><\/ul><\/div>\n<form action=\"\/fr\/wp-json\/wp\/v2\/pages\/7406#wpcf7-f5160-o1\" method=\"post\" class=\"wpcf7-form init\" aria-label=\"Modulo di contatto\" novalidate=\"novalidate\" data-status=\"init\">\n<div style=\"display: none;\">\n<input type=\"hidden\" name=\"_wpcf7\" value=\"5160\" \/>\n<input type=\"hidden\" name=\"_wpcf7_version\" value=\"5.9.7\" \/>\n<input type=\"hidden\" name=\"_wpcf7_locale\" value=\"it_IT\" \/>\n<input type=\"hidden\" name=\"_wpcf7_unit_tag\" value=\"wpcf7-f5160-o1\" \/>\n<input type=\"hidden\" name=\"_wpcf7_container_post\" value=\"0\" \/>\n<input type=\"hidden\" name=\"_wpcf7_posted_data_hash\" value=\"\" \/>\n<input type=\"hidden\" name=\"_wpcf7cf_hidden_group_fields\" value=\"[]\" \/>\n<input type=\"hidden\" name=\"_wpcf7cf_hidden_groups\" value=\"[]\" \/>\n<input type=\"hidden\" name=\"_wpcf7cf_visible_groups\" value=\"[]\" \/>\n<input type=\"hidden\" name=\"_wpcf7cf_repeaters\" value=\"[]\" \/>\n<input type=\"hidden\" name=\"_wpcf7cf_steps\" value=\"{}\" \/>\n<input type=\"hidden\" name=\"_wpcf7cf_options\" value=\"{&quot;form_id&quot;:5160,&quot;conditions&quot;:[],&quot;settings&quot;:{&quot;animation&quot;:&quot;yes&quot;,&quot;animation_intime&quot;:200,&quot;animation_outtime&quot;:200,&quot;conditions_ui&quot;:&quot;normal&quot;,&quot;notice_dismissed&quot;:false,&quot;notice_dismissed_rollback-cf7-5.5.6&quot;:true,&quot;notice_dismissed_update-cf7-5.9.7&quot;:true}}\" \/>\n<input type=\"hidden\" name=\"_wpcf7_recaptcha_response\" value=\"\" \/>\n<\/div>\n<div id=\"form-richiesta-info-prodotto\">\n\t<div class=\"flex-row medium-flex-wrap\">\n\t\t<div class=\"flex-col flex-grow\">\n\t\t\t<p><label>Nome *<\/label><br \/>\n<span class=\"wpcf7-form-control-wrap\" data-name=\"full-name\"><input size=\"40\" maxlength=\"400\" class=\"wpcf7-form-control wpcf7-text wpcf7-validates-as-required\" aria-required=\"true\" aria-invalid=\"false\" value=\"\" type=\"text\" name=\"full-name\" \/><\/span>\n\t\t\t<\/p>\n\t\t<\/div>\n\t\t<div class=\"flex-col flex-grow\">\n\t\t\t<p><label>Email *<\/label><br \/>\n<span class=\"wpcf7-form-control-wrap\" data-name=\"email\"><input size=\"40\" maxlength=\"400\" class=\"wpcf7-form-control wpcf7-email wpcf7-validates-as-required wpcf7-text wpcf7-validates-as-email\" aria-required=\"true\" aria-invalid=\"false\" value=\"\" type=\"email\" name=\"email\" \/><\/span>\n\t\t\t<\/p>\n\t\t<\/div>\n\t\t<div class=\"flex-col flex-grow\">\n\t\t\t<p><label>Telefono <\/label><br \/>\n<span class=\"wpcf7-form-control-wrap\" data-name=\"phone\"><input size=\"40\" maxlength=\"400\" class=\"wpcf7-form-control wpcf7-tel wpcf7-text wpcf7-validates-as-tel\" aria-invalid=\"false\" value=\"\" type=\"tel\" name=\"phone\" \/><\/span>\n\t\t\t<\/p>\n\t\t<\/div>\n\t<\/div>\n<input class=\"wpcf7-form-control wpcf7-hidden\" id=\"campo-nome-prodotto\" value=\"\" type=\"hidden\" name=\"product\" \/>\n\t<div class=\"flex-row medium-flex-wrap single\">\n\t\t<div class=\"flex-col flex-grow\">\n\t\t\t<p><label>Messaggio *<\/label><br \/>\n<span class=\"wpcf7-form-control-wrap\" data-name=\"message\"><textarea cols=\"40\" rows=\"10\" maxlength=\"2000\" class=\"wpcf7-form-control wpcf7-textarea wpcf7-validates-as-required\" aria-required=\"true\" aria-invalid=\"false\" name=\"message\"><\/textarea><\/span>\n\t\t\t<\/p>\n\t\t<\/div>\n\t<\/div>\n\t<div class=\"container-checkbox-privacy\">\n\t\t<p><span class=\"wpcf7-form-control-wrap\" data-name=\"acceptance-privacy\"><span class=\"wpcf7-form-control wpcf7-acceptance\"><span class=\"wpcf7-list-item\"><label><input type=\"checkbox\" name=\"acceptance-privacy\" value=\"1\" aria-invalid=\"false\" \/><span class=\"wpcf7-list-item-label\"><abbr class=\"required\">*<\/abbr> Ho letto e accettato l'<a href=\"\/privacy-policy\/\" target=\"_blank\" title=\"Leggi privacy policy\">informativa sul trattamento dei dati personali<\/a><\/span><\/label><\/span><\/span><\/span>\n\t\t<\/p>\n\t<\/div>\n\t<p><input class=\"wpcf7-form-control wpcf7-submit has-spinner button\" type=\"submit\" value=\"INVIA\" \/>\n\t<\/p>\n<\/div><div class=\"wpcf7-response-output\" aria-hidden=\"true\"><\/div>\n<\/form>\n<\/div>\n\n\n\n","protected":false},"excerpt":{"rendered":"","protected":false},"author":1,"featured_media":5084,"parent":7268,"menu_order":0,"comment_status":"closed","ping_status":"closed","template":"page-blank-title-center.php","meta":{"footnotes":""},"class_list":["post-7406","page","type-page","status-publish","has-post-thumbnail","hentry"],"yoast_head":"<!-- This site is optimized with the Yoast SEO plugin v23.0 - https:\/\/yoast.com\/wordpress\/plugins\/seo\/ -->\n<title>SLX 800 - Fair<\/title>\n<meta name=\"robots\" content=\"index, follow, max-snippet:-1, max-image-preview:large, max-video-preview:-1\" \/>\n<link rel=\"canonical\" href=\"https:\/\/www.fair.it\/fr\/produits\/fusils-de-chasse\/superposes\/slx-800\/\" \/>\n<meta property=\"og:locale\" content=\"fr_FR\" \/>\n<meta property=\"og:type\" content=\"article\" \/>\n<meta property=\"og:title\" content=\"SLX 800 - Fair\" \/>\n<meta property=\"og:url\" content=\"https:\/\/www.fair.it\/fr\/produits\/fusils-de-chasse\/superposes\/slx-800\/\" \/>\n<meta property=\"og:site_name\" content=\"Fair\" \/>\n<meta property=\"article:publisher\" content=\"https:\/\/www.facebook.com\/fair.italy\" \/>\n<meta property=\"article:modified_time\" content=\"2023-04-06T08:51:06+00:00\" \/>\n<meta property=\"og:image\" content=\"https:\/\/www.fair.it\/wp-content\/uploads\/SLX-800.jpg\" \/>\n\t<meta property=\"og:image:width\" content=\"700\" \/>\n\t<meta property=\"og:image:height\" content=\"400\" \/>\n\t<meta property=\"og:image:type\" content=\"image\/jpeg\" \/>\n<meta name=\"twitter:card\" content=\"summary_large_image\" \/>\n<meta name=\"twitter:site\" content=\"@FAIRITALY1971\" \/>\n<script type=\"application\/ld+json\" class=\"yoast-schema-graph\">{\"@context\":\"https:\/\/schema.org\",\"@graph\":[{\"@type\":\"WebPage\",\"@id\":\"https:\/\/www.fair.it\/fr\/produits\/fusils-de-chasse\/superposes\/slx-800\/\",\"url\":\"https:\/\/www.fair.it\/fr\/produits\/fusils-de-chasse\/superposes\/slx-800\/\",\"name\":\"SLX 800 - Fair\",\"isPartOf\":{\"@id\":\"https:\/\/www.fair.it\/#website\"},\"primaryImageOfPage\":{\"@id\":\"https:\/\/www.fair.it\/fr\/produits\/fusils-de-chasse\/superposes\/slx-800\/#primaryimage\"},\"image\":{\"@id\":\"https:\/\/www.fair.it\/fr\/produits\/fusils-de-chasse\/superposes\/slx-800\/#primaryimage\"},\"thumbnailUrl\":\"https:\/\/www.fair.it\/wp-content\/uploads\/SLX-800.jpg\",\"datePublished\":\"2021-04-14T21:03:54+00:00\",\"dateModified\":\"2023-04-06T08:51:06+00:00\",\"breadcrumb\":{\"@id\":\"https:\/\/www.fair.it\/fr\/produits\/fusils-de-chasse\/superposes\/slx-800\/#breadcrumb\"},\"inLanguage\":\"fr-FR\",\"potentialAction\":[{\"@type\":\"ReadAction\",\"target\":[\"https:\/\/www.fair.it\/fr\/produits\/fusils-de-chasse\/superposes\/slx-800\/\"]}]},{\"@type\":\"ImageObject\",\"inLanguage\":\"fr-FR\",\"@id\":\"https:\/\/www.fair.it\/fr\/produits\/fusils-de-chasse\/superposes\/slx-800\/#primaryimage\",\"url\":\"https:\/\/www.fair.it\/wp-content\/uploads\/SLX-800.jpg\",\"contentUrl\":\"https:\/\/www.fair.it\/wp-content\/uploads\/SLX-800.jpg\",\"width\":700,\"height\":400},{\"@type\":\"BreadcrumbList\",\"@id\":\"https:\/\/www.fair.it\/fr\/produits\/fusils-de-chasse\/superposes\/slx-800\/#breadcrumb\",\"itemListElement\":[{\"@type\":\"ListItem\",\"position\":1,\"name\":\"Home\",\"item\":\"https:\/\/www.fair.it\/fr\/\"},{\"@type\":\"ListItem\",\"position\":2,\"name\":\"Produits\",\"item\":\"https:\/\/www.fair.it\/fr\/produits\/\"},{\"@type\":\"ListItem\",\"position\":3,\"name\":\"FUSILS DE CHASSE\",\"item\":\"https:\/\/www.fair.it\/fr\/produits\/fusils-de-chasse\/\"},{\"@type\":\"ListItem\",\"position\":4,\"name\":\"Superposes\",\"item\":\"https:\/\/www.fair.it\/fr\/produits\/fusils-de-chasse\/superposes\/\"},{\"@type\":\"ListItem\",\"position\":5,\"name\":\"SLX 800\"}]},{\"@type\":\"WebSite\",\"@id\":\"https:\/\/www.fair.it\/#website\",\"url\":\"https:\/\/www.fair.it\/\",\"name\":\"Fair\",\"description\":\"\",\"publisher\":{\"@id\":\"https:\/\/www.fair.it\/#organization\"},\"potentialAction\":[{\"@type\":\"SearchAction\",\"target\":{\"@type\":\"EntryPoint\",\"urlTemplate\":\"https:\/\/www.fair.it\/?s={search_term_string}\"},\"query-input\":\"required name=search_term_string\"}],\"inLanguage\":\"fr-FR\"},{\"@type\":\"Organization\",\"@id\":\"https:\/\/www.fair.it\/#organization\",\"name\":\"F.a.i.r. srl\",\"url\":\"https:\/\/www.fair.it\/\",\"logo\":{\"@type\":\"ImageObject\",\"inLanguage\":\"fr-FR\",\"@id\":\"https:\/\/www.fair.it\/#\/schema\/logo\/image\/\",\"url\":\"https:\/\/www.fair.it\/wp-content\/uploads\/LOGO-2-scaled.jpg\",\"contentUrl\":\"https:\/\/www.fair.it\/wp-content\/uploads\/LOGO-2-scaled.jpg\",\"width\":2560,\"height\":1328,\"caption\":\"F.a.i.r. srl\"},\"image\":{\"@id\":\"https:\/\/www.fair.it\/#\/schema\/logo\/image\/\"},\"sameAs\":[\"https:\/\/www.facebook.com\/fair.italy\",\"https:\/\/x.com\/FAIRITALY1971\",\"https:\/\/www.instagram.com\/fairitaly\/\",\"https:\/\/www.pinterest.it\/FAIRITALY\/\",\"https:\/\/www.youtube.com\/channel\/UC2fQOBPNpVoq3RjivV7_KpQ\"]}]}<\/script>\n<!-- \/ Yoast SEO plugin. -->","yoast_head_json":{"title":"SLX 800 - Fair","robots":{"index":"index","follow":"follow","max-snippet":"max-snippet:-1","max-image-preview":"max-image-preview:large","max-video-preview":"max-video-preview:-1"},"canonical":"https:\/\/www.fair.it\/fr\/produits\/fusils-de-chasse\/superposes\/slx-800\/","og_locale":"fr_FR","og_type":"article","og_title":"SLX 800 - Fair","og_url":"https:\/\/www.fair.it\/fr\/produits\/fusils-de-chasse\/superposes\/slx-800\/","og_site_name":"Fair","article_publisher":"https:\/\/www.facebook.com\/fair.italy","article_modified_time":"2023-04-06T08:51:06+00:00","og_image":[{"width":700,"height":400,"url":"https:\/\/www.fair.it\/wp-content\/uploads\/SLX-800.jpg","type":"image\/jpeg"}],"twitter_card":"summary_large_image","twitter_site":"@FAIRITALY1971","schema":{"@context":"https:\/\/schema.org","@graph":[{"@type":"WebPage","@id":"https:\/\/www.fair.it\/fr\/produits\/fusils-de-chasse\/superposes\/slx-800\/","url":"https:\/\/www.fair.it\/fr\/produits\/fusils-de-chasse\/superposes\/slx-800\/","name":"SLX 800 - Fair","isPartOf":{"@id":"https:\/\/www.fair.it\/#website"},"primaryImageOfPage":{"@id":"https:\/\/www.fair.it\/fr\/produits\/fusils-de-chasse\/superposes\/slx-800\/#primaryimage"},"image":{"@id":"https:\/\/www.fair.it\/fr\/produits\/fusils-de-chasse\/superposes\/slx-800\/#primaryimage"},"thumbnailUrl":"https:\/\/www.fair.it\/wp-content\/uploads\/SLX-800.jpg","datePublished":"2021-04-14T21:03:54+00:00","dateModified":"2023-04-06T08:51:06+00:00","breadcrumb":{"@id":"https:\/\/www.fair.it\/fr\/produits\/fusils-de-chasse\/superposes\/slx-800\/#breadcrumb"},"inLanguage":"fr-FR","potentialAction":[{"@type":"ReadAction","target":["https:\/\/www.fair.it\/fr\/produits\/fusils-de-chasse\/superposes\/slx-800\/"]}]},{"@type":"ImageObject","inLanguage":"fr-FR","@id":"https:\/\/www.fair.it\/fr\/produits\/fusils-de-chasse\/superposes\/slx-800\/#primaryimage","url":"https:\/\/www.fair.it\/wp-content\/uploads\/SLX-800.jpg","contentUrl":"https:\/\/www.fair.it\/wp-content\/uploads\/SLX-800.jpg","width":700,"height":400},{"@type":"BreadcrumbList","@id":"https:\/\/www.fair.it\/fr\/produits\/fusils-de-chasse\/superposes\/slx-800\/#breadcrumb","itemListElement":[{"@type":"ListItem","position":1,"name":"Home","item":"https:\/\/www.fair.it\/fr\/"},{"@type":"ListItem","position":2,"name":"Produits","item":"https:\/\/www.fair.it\/fr\/produits\/"},{"@type":"ListItem","position":3,"name":"FUSILS DE CHASSE","item":"https:\/\/www.fair.it\/fr\/produits\/fusils-de-chasse\/"},{"@type":"ListItem","position":4,"name":"Superposes","item":"https:\/\/www.fair.it\/fr\/produits\/fusils-de-chasse\/superposes\/"},{"@type":"ListItem","position":5,"name":"SLX 800"}]},{"@type":"WebSite","@id":"https:\/\/www.fair.it\/#website","url":"https:\/\/www.fair.it\/","name":"Fair","description":"","publisher":{"@id":"https:\/\/www.fair.it\/#organization"},"potentialAction":[{"@type":"SearchAction","target":{"@type":"EntryPoint","urlTemplate":"https:\/\/www.fair.it\/?s={search_term_string}"},"query-input":"required name=search_term_string"}],"inLanguage":"fr-FR"},{"@type":"Organization","@id":"https:\/\/www.fair.it\/#organization","name":"F.a.i.r. srl","url":"https:\/\/www.fair.it\/","logo":{"@type":"ImageObject","inLanguage":"fr-FR","@id":"https:\/\/www.fair.it\/#\/schema\/logo\/image\/","url":"https:\/\/www.fair.it\/wp-content\/uploads\/LOGO-2-scaled.jpg","contentUrl":"https:\/\/www.fair.it\/wp-content\/uploads\/LOGO-2-scaled.jpg","width":2560,"height":1328,"caption":"F.a.i.r. srl"},"image":{"@id":"https:\/\/www.fair.it\/#\/schema\/logo\/image\/"},"sameAs":["https:\/\/www.facebook.com\/fair.italy","https:\/\/x.com\/FAIRITALY1971","https:\/\/www.instagram.com\/fairitaly\/","https:\/\/www.pinterest.it\/FAIRITALY\/","https:\/\/www.youtube.com\/channel\/UC2fQOBPNpVoq3RjivV7_KpQ"]}]}},"_links":{"self":[{"href":"https:\/\/www.fair.it\/fr\/wp-json\/wp\/v2\/pages\/7406"}],"collection":[{"href":"https:\/\/www.fair.it\/fr\/wp-json\/wp\/v2\/pages"}],"about":[{"href":"https:\/\/www.fair.it\/fr\/wp-json\/wp\/v2\/types\/page"}],"author":[{"embeddable":true,"href":"https:\/\/www.fair.it\/fr\/wp-json\/wp\/v2\/users\/1"}],"replies":[{"embeddable":true,"href":"https:\/\/www.fair.it\/fr\/wp-json\/wp\/v2\/comments?post=7406"}],"version-history":[{"count":3,"href":"https:\/\/www.fair.it\/fr\/wp-json\/wp\/v2\/pages\/7406\/revisions"}],"predecessor-version":[{"id":26936,"href":"https:\/\/www.fair.it\/fr\/wp-json\/wp\/v2\/pages\/7406\/revisions\/26936"}],"up":[{"embeddable":true,"href":"https:\/\/www.fair.it\/fr\/wp-json\/wp\/v2\/pages\/7268"}],"wp:featuredmedia":[{"embeddable":true,"href":"https:\/\/www.fair.it\/fr\/wp-json\/wp\/v2\/media\/5084"}],"wp:attachment":[{"href":"https:\/\/www.fair.it\/fr\/wp-json\/wp\/v2\/media?parent=7406"}],"curies":[{"name":"wp","href":"https:\/\/api.w.org\/{rel}","templated":true}]}}