{"id":7268,"date":"2021-04-13T17:28:57","date_gmt":"2021-04-13T15:28:57","guid":{"rendered":"https:\/\/fair.sviluppo.host\/?page_id=7268"},"modified":"2021-05-26T13:24:59","modified_gmt":"2021-05-26T11:24:59","slug":"superposes","status":"publish","type":"page","link":"https:\/\/www.fair.it\/fr\/produits\/fusils-de-chasse\/superposes\/","title":{"rendered":"Superposes"},"content":{"rendered":"\n\n\t<section class=\"section dark\" id=\"section_1222982424\">\n\t\t<div class=\"section-bg fill\" >\n\t\t\t<img loading=\"lazy\" decoding=\"async\" width=\"1920\" height=\"1280\" src=\"https:\/\/www.fair.it\/wp-content\/uploads\/sfondo-legno.jpg\" class=\"bg attachment- size-\" alt=\"\" \/>\t\t\t\t\t\t\n\t\t\t\n\n\t\t<\/div>\n\n\t\t\n\n\t\t<div class=\"section-content relative\">\n\t\t\t\n\n\n\t\t<\/div>\n\n\t\t\n<style>\n#section_1222982424 {\n  padding-top: 0px;\n  padding-bottom: 0px;\n  min-height: 170px;\n}\n@media (min-width:550px) {\n  #section_1222982424 {\n    padding-top: 30px;\n    padding-bottom: 30px;\n    min-height: 170px;\n  }\n}\n<\/style>\n\t<\/section>\n\t\n\n\t<section class=\"section\" id=\"section_740675257\">\n\t\t<div class=\"section-bg fill\" >\n\t\t\t\t\t\t\t\t\t\n\t\t\t\n\n\t\t<\/div>\n\n\t\t\n\n\t\t<div class=\"section-content relative\">\n\t\t\t\n\n<div class=\"row align-center\"  id=\"row-1024660107\">\n\n\n\t<div id=\"col-2006738733\" class=\"col medium-10 small-12 large-9\"  >\n\t\t\t\t<div class=\"col-inner text-center box-shadow-1\" style=\"background-color:rgb(255, 255, 255);\" >\n\t\t\t\n\t\t\t\n\n<h1>SUPERPOSES<\/h1>\n<p>Les fusils superpos\u00e9s F.A.I.R. sont \u00e9l\u00e9gants et robustes avec un haut raffinement esth\u00e9tique. Ils sont produits dans quatre configurations de bascules d\u00e9di\u00e9es.<\/p>\n\n\t\t<\/div>\n\t\t\t\t\n<style>\n#col-2006738733 > .col-inner {\n  margin: -100px 0px 0px 0px;\n}\n<\/style>\n\t<\/div>\n\n\t\n\n\n<style>\n#row-1024660107 > .col > .col-inner {\n  padding: 45px 25px 15px 25px;\n}\n@media (min-width:550px) {\n  #row-1024660107 > .col > .col-inner {\n    padding: 45px 80px 15px 80px;\n  }\n}\n@media (min-width:850px) {\n  #row-1024660107 > .col > .col-inner {\n    padding: 50px 50px 30px 50px;\n  }\n}\n<\/style>\n<\/div>\n\n\t\t<\/div>\n\n\t\t\n<style>\n#section_740675257 {\n  padding-top: 0px;\n  padding-bottom: 0px;\n  min-height: 0px;\n}\n<\/style>\n\t<\/section>\n\t\n\n\t<section class=\"section\" id=\"section_658730562\">\n\t\t<div class=\"section-bg fill\" >\n\t\t\t\t\t\t\t\t\t\n\t\t\t\n\n\t\t<\/div>\n\n\t\t\n\n\t\t<div class=\"section-content relative\">\n\t\t\t\n\n<div class=\"row row-large align-center\"  id=\"row-2080181682\">\n\n\n\t<div id=\"col-549265802\" class=\"col medium-4 small-11 large-4\"  >\n\t\t\t\t<div class=\"col-inner text-center box-shadow-1\" style=\"background-color:rgb(250, 250, 250);\" >\n\t\t\t\n\t\t\t\n\n\t<div class=\"box has-hover   has-hover box-text-bottom\" >\n\n\t\t<div class=\"box-image\" >\n\t\t\t<a href=\"\/fr\/produits\/fusils-de-chasse\/superposes\/lincoln-game\/\" >\t\t\t<div class=\"\" >\n\t\t\t\t<img loading=\"lazy\" decoding=\"async\" width=\"700\" height=\"400\" src=\"https:\/\/www.fair.it\/wp-content\/uploads\/LINCOLN-GAME.jpg\" class=\"attachment-original size-original\" alt=\"\" srcset=\"https:\/\/www.fair.it\/wp-content\/uploads\/LINCOLN-GAME.jpg 700w, https:\/\/www.fair.it\/wp-content\/uploads\/LINCOLN-GAME-510x291.jpg 510w\" sizes=\"(max-width: 700px) 100vw, 700px\" \/>\t\t\t\t\t\t\t\t\t\t\t<\/div>\n\t\t\t<\/a>\t\t<\/div>\n\n\t\t<div class=\"box-text text-center dark\" style=\"background-color:rgb(114, 116, 119);\">\n\t\t\t<div class=\"box-text-inner\">\n\t\t\t\t\n\n<h2>LINCOLN GAME<\/h2>\n<a href=\"\/fr\/produits\/fusils-de-chasse\/superposes\/lincoln-game\/\" class=\"button white lowercase\"  style=\"border-radius:99px;\">\n\t\t<span>Voir<\/span>\n\t<\/a>\n\n\n\n\t\t\t<\/div>\n\t\t<\/div>\n\t<\/div>\n\t\n\n\t\t<\/div>\n\t\t\t\t\t<\/div>\n\n\t\n\n\t<div id=\"col-1246230178\" class=\"col medium-4 small-11 large-4\"  >\n\t\t\t\t<div class=\"col-inner text-center box-shadow-2\" style=\"background-color:rgb(250, 250, 250);\" >\n\t\t\t\n\t\t\t\n\n\t<div class=\"box has-hover   has-hover box-text-bottom\" >\n\n\t\t<div class=\"box-image\" >\n\t\t\t<a href=\"\/fr\/produits\/fusils-de-chasse\/superposes\/premier\/\" >\t\t\t<div class=\"\" >\n\t\t\t\t<img loading=\"lazy\" decoding=\"async\" width=\"700\" height=\"400\" src=\"https:\/\/www.fair.it\/wp-content\/uploads\/PREMIER.jpg\" class=\"attachment-original size-original\" alt=\"\" srcset=\"https:\/\/www.fair.it\/wp-content\/uploads\/PREMIER.jpg 700w, https:\/\/www.fair.it\/wp-content\/uploads\/PREMIER-510x291.jpg 510w\" sizes=\"(max-width: 700px) 100vw, 700px\" \/>\t\t\t\t\t\t\t\t\t\t\t<\/div>\n\t\t\t<\/a>\t\t<\/div>\n\n\t\t<div class=\"box-text text-center dark\" style=\"background-color:rgb(114, 116, 119);\">\n\t\t\t<div class=\"box-text-inner\">\n\t\t\t\t\n\n<h2>PREMIER<\/h2>\n<a href=\"\/fr\/produits\/fusils-de-chasse\/superposes\/premier\/\" class=\"button white lowercase\"  style=\"border-radius:99px;\">\n\t\t<span>Voir<\/span>\n\t<\/a>\n\n\n\n\t\t\t<\/div>\n\t\t<\/div>\n\t<\/div>\n\t\n\n\t\t<\/div>\n\t\t\t\t\t<\/div>\n\n\t\n\n\t<div id=\"col-932902090\" class=\"col medium-4 small-11 large-4\"  >\n\t\t\t\t<div class=\"col-inner text-center box-shadow-2\" style=\"background-color:rgb(250, 250, 250);\" >\n\t\t\t\n\t\t\t\n\n\t<div class=\"box has-hover   has-hover box-text-bottom\" >\n\n\t\t<div class=\"box-image\" >\n\t\t\t<a href=\"\/fr\/produits\/fusils-de-chasse\/superposes\/slx-600-de-luxe\/\" >\t\t\t<div class=\"\" >\n\t\t\t\t<img loading=\"lazy\" decoding=\"async\" width=\"700\" height=\"400\" src=\"https:\/\/www.fair.it\/wp-content\/uploads\/SLX-600-DE-LUXE.jpg\" class=\"attachment-original size-original\" alt=\"\" srcset=\"https:\/\/www.fair.it\/wp-content\/uploads\/SLX-600-DE-LUXE.jpg 700w, https:\/\/www.fair.it\/wp-content\/uploads\/SLX-600-DE-LUXE-510x291.jpg 510w\" sizes=\"(max-width: 700px) 100vw, 700px\" \/>\t\t\t\t\t\t\t\t\t\t\t<\/div>\n\t\t\t<\/a>\t\t<\/div>\n\n\t\t<div class=\"box-text text-center dark\" style=\"background-color:rgb(114, 116, 119);\">\n\t\t\t<div class=\"box-text-inner\">\n\t\t\t\t\n\n<h2>SLX 600 DE LUXE<\/h2>\n<a href=\"\/fr\/produits\/fusils-de-chasse\/superposes\/slx-600-de-luxe\/\" class=\"button white lowercase\"  style=\"border-radius:99px;\">\n\t\t<span>Voir<\/span>\n\t<\/a>\n\n\n\n\t\t\t<\/div>\n\t\t<\/div>\n\t<\/div>\n\t\n\n\t\t<\/div>\n\t\t\t\t\t<\/div>\n\n\t\n\n<\/div>\n\t<div id=\"gap-1287883361\" class=\"gap-element clearfix\" style=\"display:block; height:auto;\">\n\t\t\n<style>\n#gap-1287883361 {\n  padding-top: 15px;\n}\n<\/style>\n\t<\/div>\n\t\n\n<div class=\"row row-large align-center\"  id=\"row-77768968\">\n\n\n\t<div id=\"col-41372036\" class=\"col medium-4 small-11 large-4\"  >\n\t\t\t\t<div class=\"col-inner text-center box-shadow-2\" style=\"background-color:rgb(250, 250, 250);\" >\n\t\t\t\n\t\t\t\n\n\t<div class=\"box has-hover   has-hover box-text-bottom\" >\n\n\t\t<div class=\"box-image\" >\n\t\t\t<a href=\"\/fr\/produits\/fusils-de-chasse\/superposes\/slx-600-slug\/\" >\t\t\t<div class=\"\" >\n\t\t\t\t<img loading=\"lazy\" decoding=\"async\" width=\"700\" height=\"400\" src=\"https:\/\/www.fair.it\/wp-content\/uploads\/SLX-600-SLUG.jpg\" class=\"attachment-original size-original\" alt=\"\" srcset=\"https:\/\/www.fair.it\/wp-content\/uploads\/SLX-600-SLUG.jpg 700w, https:\/\/www.fair.it\/wp-content\/uploads\/SLX-600-SLUG-510x291.jpg 510w\" sizes=\"(max-width: 700px) 100vw, 700px\" \/>\t\t\t\t\t\t\t\t\t\t\t<\/div>\n\t\t\t<\/a>\t\t<\/div>\n\n\t\t<div class=\"box-text text-center dark\" style=\"background-color:rgb(114, 116, 119);\">\n\t\t\t<div class=\"box-text-inner\">\n\t\t\t\t\n\n<h2>SLX 600 SLUG-BATTUE<\/h2>\n<a href=\"\/fr\/produits\/fusils-de-chasse\/superposes\/slx-600-slug\/\" class=\"button white lowercase\"  style=\"border-radius:99px;\">\n\t\t<span>Voir<\/span>\n\t<\/a>\n\n\n\n\t\t\t<\/div>\n\t\t<\/div>\n\t<\/div>\n\t\n\n\t\t<\/div>\n\t\t\t\t\t<\/div>\n\n\t\n\n\t<div id=\"col-547248462\" class=\"col medium-4 small-11 large-4\"  >\n\t\t\t\t<div class=\"col-inner text-center box-shadow-2\" style=\"background-color:rgb(250, 250, 250);\" >\n\t\t\t\n\t\t\t\n\n\t<div class=\"box has-hover   has-hover box-text-bottom\" >\n\n\t\t<div class=\"box-image\" >\n\t\t\t<a href=\"\/fr\/produits\/fusils-de-chasse\/superposes\/slx-600-goose\/\" >\t\t\t<div class=\"\" >\n\t\t\t\t<img loading=\"lazy\" decoding=\"async\" width=\"700\" height=\"400\" src=\"https:\/\/www.fair.it\/wp-content\/uploads\/SLX-600-GOOSE.jpg\" class=\"attachment-original size-original\" alt=\"\" srcset=\"https:\/\/www.fair.it\/wp-content\/uploads\/SLX-600-GOOSE.jpg 700w, https:\/\/www.fair.it\/wp-content\/uploads\/SLX-600-GOOSE-510x291.jpg 510w\" sizes=\"(max-width: 700px) 100vw, 700px\" \/>\t\t\t\t\t\t\t\t\t\t\t<\/div>\n\t\t\t<\/a>\t\t<\/div>\n\n\t\t<div class=\"box-text text-center dark\" style=\"background-color:rgb(114, 116, 119);\">\n\t\t\t<div class=\"box-text-inner\">\n\t\t\t\t\n\n<h2>SLX 600 GOOSE<\/h2>\n<a href=\"\/fr\/produits\/fusils-de-chasse\/superposes\/slx-600-goose\/\" class=\"button white lowercase\"  style=\"border-radius:99px;\">\n\t\t<span>Voir<\/span>\n\t<\/a>\n\n\n\n\t\t\t<\/div>\n\t\t<\/div>\n\t<\/div>\n\t\n\n\t\t<\/div>\n\t\t\t\t\t<\/div>\n\n\t\n\n\t<div id=\"col-1838727543\" class=\"col medium-4 small-11 large-4\"  >\n\t\t\t\t<div class=\"col-inner text-center box-shadow-2\" style=\"background-color:rgb(250, 250, 250);\" >\n\t\t\t\n\t\t\t\n\n\t<div class=\"box has-hover   has-hover box-text-bottom\" >\n\n\t\t<div class=\"box-image\" >\n\t\t\t<a href=\"\/fr\/produits\/fusils-de-chasse\/superposes\/slx-692-gold\/\" >\t\t\t<div class=\"\" >\n\t\t\t\t<img loading=\"lazy\" decoding=\"async\" width=\"700\" height=\"400\" src=\"https:\/\/www.fair.it\/wp-content\/uploads\/SLX-692-GOLD.jpg\" class=\"attachment-original size-original\" alt=\"\" srcset=\"https:\/\/www.fair.it\/wp-content\/uploads\/SLX-692-GOLD.jpg 700w, https:\/\/www.fair.it\/wp-content\/uploads\/SLX-692-GOLD-510x291.jpg 510w\" sizes=\"(max-width: 700px) 100vw, 700px\" \/>\t\t\t\t\t\t\t\t\t\t\t<\/div>\n\t\t\t<\/a>\t\t<\/div>\n\n\t\t<div class=\"box-text text-center dark\" style=\"background-color:rgb(114, 116, 119);\">\n\t\t\t<div class=\"box-text-inner\">\n\t\t\t\t\n\n<h2>SLX 692 GOLD<\/h2>\n<a href=\"\/fr\/produits\/fusils-de-chasse\/superposes\/slx-692-gold\/\" class=\"button white lowercase\"  style=\"border-radius:99px;\">\n\t\t<span>Voir<\/span>\n\t<\/a>\n\n\n\n\t\t\t<\/div>\n\t\t<\/div>\n\t<\/div>\n\t\n\n\t\t<\/div>\n\t\t\t\t\t<\/div>\n\n\t\n\n<\/div>\n\t<div id=\"gap-137817331\" class=\"gap-element clearfix\" style=\"display:block; height:auto;\">\n\t\t\n<style>\n#gap-137817331 {\n  padding-top: 15px;\n}\n<\/style>\n\t<\/div>\n\t\n\n<div class=\"row row-large align-center\"  id=\"row-642938887\">\n\n\n\t<div id=\"col-130410098\" class=\"col medium-4 small-11 large-4\"  >\n\t\t\t\t<div class=\"col-inner text-center box-shadow-2\" style=\"background-color:rgb(250, 250, 250);\" >\n\t\t\t\n\t\t\t\n\n\t<div class=\"box has-hover   has-hover box-text-bottom\" >\n\n\t\t<div class=\"box-image\" >\n\t\t\t<a href=\"\/fr\/produits\/fusils-de-chasse\/superposes\/xlight\/\" >\t\t\t<div class=\"\" >\n\t\t\t\t<img loading=\"lazy\" decoding=\"async\" width=\"700\" height=\"400\" src=\"https:\/\/www.fair.it\/wp-content\/uploads\/XLIGHT.jpg\" class=\"attachment-original size-original\" alt=\"\" srcset=\"https:\/\/www.fair.it\/wp-content\/uploads\/XLIGHT.jpg 700w, https:\/\/www.fair.it\/wp-content\/uploads\/XLIGHT-510x291.jpg 510w\" sizes=\"(max-width: 700px) 100vw, 700px\" \/>\t\t\t\t\t\t\t\t\t\t\t<\/div>\n\t\t\t<\/a>\t\t<\/div>\n\n\t\t<div class=\"box-text text-center dark\" style=\"background-color:rgb(114, 116, 119);\">\n\t\t\t<div class=\"box-text-inner\">\n\t\t\t\t\n\n<h2>XLIGHT<\/h2>\n<a href=\"\/fr\/produits\/fusils-de-chasse\/superposes\/xlight\/\" class=\"button white lowercase\"  style=\"border-radius:99px;\">\n\t\t<span>Voir<\/span>\n\t<\/a>\n\n\n\n\t\t\t<\/div>\n\t\t<\/div>\n\t<\/div>\n\t\n\n\t\t<\/div>\n\t\t\t\t\t<\/div>\n\n\t\n\n\t<div id=\"col-1959484940\" class=\"col medium-4 small-11 large-4\"  >\n\t\t\t\t<div class=\"col-inner text-center box-shadow-2\" style=\"background-color:rgb(250, 250, 250);\" >\n\t\t\t\n\t\t\t\n\n\t<div class=\"box has-hover   has-hover box-text-bottom\" >\n\n\t\t<div class=\"box-image\" >\n\t\t\t<a href=\"\/fr\/produits\/fusils-de-chasse\/superposes\/slx-800\/\" >\t\t\t<div class=\"\" >\n\t\t\t\t<img loading=\"lazy\" decoding=\"async\" width=\"700\" height=\"400\" src=\"https:\/\/www.fair.it\/wp-content\/uploads\/SLX-800.jpg\" class=\"attachment-original size-original\" alt=\"\" srcset=\"https:\/\/www.fair.it\/wp-content\/uploads\/SLX-800.jpg 700w, https:\/\/www.fair.it\/wp-content\/uploads\/SLX-800-510x291.jpg 510w\" sizes=\"(max-width: 700px) 100vw, 700px\" \/>\t\t\t\t\t\t\t\t\t\t\t<\/div>\n\t\t\t<\/a>\t\t<\/div>\n\n\t\t<div class=\"box-text text-center dark\" style=\"background-color:rgb(114, 116, 119);\">\n\t\t\t<div class=\"box-text-inner\">\n\t\t\t\t\n\n<h2>SLX 800<\/h2>\n<a href=\"\/fr\/produits\/fusils-de-chasse\/superposes\/slx-800\/\" class=\"button white lowercase\"  style=\"border-radius:99px;\">\n\t\t<span>Voir<\/span>\n\t<\/a>\n\n\n\n\t\t\t<\/div>\n\t\t<\/div>\n\t<\/div>\n\t\n\n\t\t<\/div>\n\t\t\t\t\t<\/div>\n\n\t\n\n\t<div id=\"col-1554085535\" class=\"col medium-4 small-11 large-4\"  >\n\t\t\t\t<div class=\"col-inner text-center box-shadow-2\" style=\"background-color:rgb(250, 250, 250);\" >\n\t\t\t\n\t\t\t\n\n\t<div class=\"box has-hover   has-hover box-text-bottom\" >\n\n\t\t<div class=\"box-image\" >\n\t\t\t<a href=\"\/fr\/produits\/fusils-de-chasse\/superposes\/jubilee\/\" >\t\t\t<div class=\"\" >\n\t\t\t\t<img loading=\"lazy\" decoding=\"async\" width=\"700\" height=\"400\" src=\"https:\/\/www.fair.it\/wp-content\/uploads\/JUBILEE.jpg\" class=\"attachment-original size-original\" alt=\"\" srcset=\"https:\/\/www.fair.it\/wp-content\/uploads\/JUBILEE.jpg 700w, https:\/\/www.fair.it\/wp-content\/uploads\/JUBILEE-510x291.jpg 510w\" sizes=\"(max-width: 700px) 100vw, 700px\" \/>\t\t\t\t\t\t\t\t\t\t\t<\/div>\n\t\t\t<\/a>\t\t<\/div>\n\n\t\t<div class=\"box-text text-center dark\" style=\"background-color:rgb(114, 116, 119);\">\n\t\t\t<div class=\"box-text-inner\">\n\t\t\t\t\n\n<h2>JUBILEE<\/h2>\n<a href=\"\/fr\/produits\/fusils-de-chasse\/superposes\/jubilee\/\" class=\"button white lowercase\"  style=\"border-radius:99px;\">\n\t\t<span>Voir<\/span>\n\t<\/a>\n\n\n\n\t\t\t<\/div>\n\t\t<\/div>\n\t<\/div>\n\t\n\n\t\t<\/div>\n\t\t\t\t\t<\/div>\n\n\t\n\n<\/div>\n\t<div id=\"gap-1493549834\" class=\"gap-element clearfix\" style=\"display:block; height:auto;\">\n\t\t\n<style>\n#gap-1493549834 {\n  padding-top: 15px;\n}\n<\/style>\n\t<\/div>\n\t\n\n<div class=\"row row-large align-center\"  id=\"row-315369717\">\n\n\n\t<div id=\"col-117970813\" class=\"col medium-4 small-11 large-4\"  >\n\t\t\t\t<div class=\"col-inner text-center box-shadow-2\" style=\"background-color:rgb(250, 250, 250);\" >\n\t\t\t\n\t\t\t\n\n\t<div class=\"box has-hover   has-hover box-text-bottom\" >\n\n\t\t<div class=\"box-image\" >\n\t\t\t<a href=\"\/fr\/produits\/fusils-de-chasse\/superposes\/jubilee-prestige\/\" >\t\t\t<div class=\"\" >\n\t\t\t\t<img loading=\"lazy\" decoding=\"async\" width=\"700\" height=\"400\" src=\"https:\/\/www.fair.it\/wp-content\/uploads\/JUBILEE-PRESTIGE.jpg\" class=\"attachment-original size-original\" alt=\"\" srcset=\"https:\/\/www.fair.it\/wp-content\/uploads\/JUBILEE-PRESTIGE.jpg 700w, https:\/\/www.fair.it\/wp-content\/uploads\/JUBILEE-PRESTIGE-510x291.jpg 510w\" sizes=\"(max-width: 700px) 100vw, 700px\" \/>\t\t\t\t\t\t\t\t\t\t\t<\/div>\n\t\t\t<\/a>\t\t<\/div>\n\n\t\t<div class=\"box-text text-center dark\" style=\"background-color:rgb(114, 116, 119);\">\n\t\t\t<div class=\"box-text-inner\">\n\t\t\t\t\n\n<h2>JUBILEE PRESTIGE<\/h2>\n<a href=\"\/fr\/produits\/fusils-de-chasse\/superposes\/jubilee-prestige\/\" class=\"button white lowercase\"  style=\"border-radius:99px;\">\n\t\t<span>Voir<\/span>\n\t<\/a>\n\n\n\n\t\t\t<\/div>\n\t\t<\/div>\n\t<\/div>\n\t\n\n\t\t<\/div>\n\t\t\t\t\t<\/div>\n\n\t\n\n\t<div id=\"col-1986259317\" class=\"col medium-4 small-11 large-4\"  >\n\t\t\t\t<div class=\"col-inner text-center box-shadow-2\" style=\"background-color:rgb(250, 250, 250);\" >\n\t\t\t\n\t\t\t\n\n\t<div class=\"box has-hover   has-hover box-text-bottom\" >\n\n\t\t<div class=\"box-image\" >\n\t\t\t<a href=\"\/fr\/produits\/fusils-de-chasse\/superposes\/classic\/\" >\t\t\t<div class=\"\" >\n\t\t\t\t<img loading=\"lazy\" decoding=\"async\" width=\"700\" height=\"400\" src=\"https:\/\/www.fair.it\/wp-content\/uploads\/classic-1.jpg\" class=\"attachment-original size-original\" alt=\"\" srcset=\"https:\/\/www.fair.it\/wp-content\/uploads\/classic-1.jpg 700w, https:\/\/www.fair.it\/wp-content\/uploads\/classic-1-510x291.jpg 510w\" sizes=\"(max-width: 700px) 100vw, 700px\" \/>\t\t\t\t\t\t\t\t\t\t\t<\/div>\n\t\t\t<\/a>\t\t<\/div>\n\n\t\t<div class=\"box-text text-center dark\" style=\"background-color:rgb(114, 116, 119);\">\n\t\t\t<div class=\"box-text-inner\">\n\t\t\t\t\n\n<h2>CLASSIC<\/h2>\n<a href=\"\/fr\/produits\/fusils-de-chasse\/superposes\/classic\/\" class=\"button white lowercase\"  style=\"border-radius:99px;\">\n\t\t<span>Voir<\/span>\n\t<\/a>\n\n\n\n\t\t\t<\/div>\n\t\t<\/div>\n\t<\/div>\n\t\n\n\t\t<\/div>\n\t\t\t\t\t<\/div>\n\n\t\n\n\t<div id=\"col-1570406804\" class=\"col medium-4 small-11 large-4\"  >\n\t\t\t\t<div class=\"col-inner text-center box-shadow-2\" style=\"background-color:rgb(250, 250, 250);\" >\n\t\t\t\n\t\t\t\n\n\n\t\t<\/div>\n\t\t\t\t\t<\/div>\n\n\t\n\n<\/div>\n\n\t\t<\/div>\n\n\t\t\n<style>\n#section_658730562 {\n  padding-top: 0px;\n  padding-bottom: 0px;\n}\n@media (min-width:550px) {\n  #section_658730562 {\n    padding-top: 30px;\n    padding-bottom: 30px;\n  }\n}\n<\/style>\n\t<\/section>\n\t\n\n","protected":false},"excerpt":{"rendered":"","protected":false},"author":1,"featured_media":0,"parent":5982,"menu_order":0,"comment_status":"closed","ping_status":"closed","template":"page-blank.php","meta":{"footnotes":""},"class_list":["post-7268","page","type-page","status-publish","hentry"],"yoast_head":"<!-- This site is optimized with the Yoast SEO plugin v23.0 - https:\/\/yoast.com\/wordpress\/plugins\/seo\/ -->\n<title>Superposes - Fair<\/title>\n<meta name=\"robots\" content=\"index, follow, max-snippet:-1, max-image-preview:large, max-video-preview:-1\" \/>\n<link rel=\"canonical\" href=\"https:\/\/www.fair.it\/fr\/produits\/fusils-de-chasse\/superposes\/\" \/>\n<meta property=\"og:locale\" content=\"fr_FR\" \/>\n<meta property=\"og:type\" content=\"article\" \/>\n<meta property=\"og:title\" content=\"Superposes - Fair\" \/>\n<meta property=\"og:url\" content=\"https:\/\/www.fair.it\/fr\/produits\/fusils-de-chasse\/superposes\/\" \/>\n<meta property=\"og:site_name\" content=\"Fair\" \/>\n<meta property=\"article:publisher\" content=\"https:\/\/www.facebook.com\/fair.italy\" \/>\n<meta property=\"article:modified_time\" content=\"2021-05-26T11:24:59+00:00\" \/>\n<meta property=\"og:image\" content=\"https:\/\/www.fair.it\/wp-content\/uploads\/LOGO-2-scaled.jpg\" \/>\n\t<meta property=\"og:image:width\" content=\"2560\" \/>\n\t<meta property=\"og:image:height\" content=\"1328\" \/>\n\t<meta property=\"og:image:type\" content=\"image\/jpeg\" \/>\n<meta name=\"twitter:card\" content=\"summary_large_image\" \/>\n<meta name=\"twitter:site\" content=\"@FAIRITALY1971\" \/>\n<script type=\"application\/ld+json\" class=\"yoast-schema-graph\">{\"@context\":\"https:\/\/schema.org\",\"@graph\":[{\"@type\":\"WebPage\",\"@id\":\"https:\/\/www.fair.it\/fr\/produits\/fusils-de-chasse\/superposes\/\",\"url\":\"https:\/\/www.fair.it\/fr\/produits\/fusils-de-chasse\/superposes\/\",\"name\":\"Superposes - Fair\",\"isPartOf\":{\"@id\":\"https:\/\/www.fair.it\/#website\"},\"datePublished\":\"2021-04-13T15:28:57+00:00\",\"dateModified\":\"2021-05-26T11:24:59+00:00\",\"breadcrumb\":{\"@id\":\"https:\/\/www.fair.it\/fr\/produits\/fusils-de-chasse\/superposes\/#breadcrumb\"},\"inLanguage\":\"fr-FR\",\"potentialAction\":[{\"@type\":\"ReadAction\",\"target\":[\"https:\/\/www.fair.it\/fr\/produits\/fusils-de-chasse\/superposes\/\"]}]},{\"@type\":\"BreadcrumbList\",\"@id\":\"https:\/\/www.fair.it\/fr\/produits\/fusils-de-chasse\/superposes\/#breadcrumb\",\"itemListElement\":[{\"@type\":\"ListItem\",\"position\":1,\"name\":\"Home\",\"item\":\"https:\/\/www.fair.it\/fr\/\"},{\"@type\":\"ListItem\",\"position\":2,\"name\":\"Produits\",\"item\":\"https:\/\/www.fair.it\/fr\/produits\/\"},{\"@type\":\"ListItem\",\"position\":3,\"name\":\"FUSILS DE CHASSE\",\"item\":\"https:\/\/www.fair.it\/fr\/produits\/fusils-de-chasse\/\"},{\"@type\":\"ListItem\",\"position\":4,\"name\":\"Superposes\"}]},{\"@type\":\"WebSite\",\"@id\":\"https:\/\/www.fair.it\/#website\",\"url\":\"https:\/\/www.fair.it\/\",\"name\":\"Fair\",\"description\":\"\",\"publisher\":{\"@id\":\"https:\/\/www.fair.it\/#organization\"},\"potentialAction\":[{\"@type\":\"SearchAction\",\"target\":{\"@type\":\"EntryPoint\",\"urlTemplate\":\"https:\/\/www.fair.it\/?s={search_term_string}\"},\"query-input\":\"required name=search_term_string\"}],\"inLanguage\":\"fr-FR\"},{\"@type\":\"Organization\",\"@id\":\"https:\/\/www.fair.it\/#organization\",\"name\":\"F.a.i.r. srl\",\"url\":\"https:\/\/www.fair.it\/\",\"logo\":{\"@type\":\"ImageObject\",\"inLanguage\":\"fr-FR\",\"@id\":\"https:\/\/www.fair.it\/#\/schema\/logo\/image\/\",\"url\":\"https:\/\/www.fair.it\/wp-content\/uploads\/LOGO-2-scaled.jpg\",\"contentUrl\":\"https:\/\/www.fair.it\/wp-content\/uploads\/LOGO-2-scaled.jpg\",\"width\":2560,\"height\":1328,\"caption\":\"F.a.i.r. srl\"},\"image\":{\"@id\":\"https:\/\/www.fair.it\/#\/schema\/logo\/image\/\"},\"sameAs\":[\"https:\/\/www.facebook.com\/fair.italy\",\"https:\/\/x.com\/FAIRITALY1971\",\"https:\/\/www.instagram.com\/fairitaly\/\",\"https:\/\/www.pinterest.it\/FAIRITALY\/\",\"https:\/\/www.youtube.com\/channel\/UC2fQOBPNpVoq3RjivV7_KpQ\"]}]}<\/script>\n<!-- \/ Yoast SEO plugin. -->","yoast_head_json":{"title":"Superposes - Fair","robots":{"index":"index","follow":"follow","max-snippet":"max-snippet:-1","max-image-preview":"max-image-preview:large","max-video-preview":"max-video-preview:-1"},"canonical":"https:\/\/www.fair.it\/fr\/produits\/fusils-de-chasse\/superposes\/","og_locale":"fr_FR","og_type":"article","og_title":"Superposes - Fair","og_url":"https:\/\/www.fair.it\/fr\/produits\/fusils-de-chasse\/superposes\/","og_site_name":"Fair","article_publisher":"https:\/\/www.facebook.com\/fair.italy","article_modified_time":"2021-05-26T11:24:59+00:00","og_image":[{"width":2560,"height":1328,"url":"https:\/\/www.fair.it\/wp-content\/uploads\/LOGO-2-scaled.jpg","type":"image\/jpeg"}],"twitter_card":"summary_large_image","twitter_site":"@FAIRITALY1971","schema":{"@context":"https:\/\/schema.org","@graph":[{"@type":"WebPage","@id":"https:\/\/www.fair.it\/fr\/produits\/fusils-de-chasse\/superposes\/","url":"https:\/\/www.fair.it\/fr\/produits\/fusils-de-chasse\/superposes\/","name":"Superposes - Fair","isPartOf":{"@id":"https:\/\/www.fair.it\/#website"},"datePublished":"2021-04-13T15:28:57+00:00","dateModified":"2021-05-26T11:24:59+00:00","breadcrumb":{"@id":"https:\/\/www.fair.it\/fr\/produits\/fusils-de-chasse\/superposes\/#breadcrumb"},"inLanguage":"fr-FR","potentialAction":[{"@type":"ReadAction","target":["https:\/\/www.fair.it\/fr\/produits\/fusils-de-chasse\/superposes\/"]}]},{"@type":"BreadcrumbList","@id":"https:\/\/www.fair.it\/fr\/produits\/fusils-de-chasse\/superposes\/#breadcrumb","itemListElement":[{"@type":"ListItem","position":1,"name":"Home","item":"https:\/\/www.fair.it\/fr\/"},{"@type":"ListItem","position":2,"name":"Produits","item":"https:\/\/www.fair.it\/fr\/produits\/"},{"@type":"ListItem","position":3,"name":"FUSILS DE CHASSE","item":"https:\/\/www.fair.it\/fr\/produits\/fusils-de-chasse\/"},{"@type":"ListItem","position":4,"name":"Superposes"}]},{"@type":"WebSite","@id":"https:\/\/www.fair.it\/#website","url":"https:\/\/www.fair.it\/","name":"Fair","description":"","publisher":{"@id":"https:\/\/www.fair.it\/#organization"},"potentialAction":[{"@type":"SearchAction","target":{"@type":"EntryPoint","urlTemplate":"https:\/\/www.fair.it\/?s={search_term_string}"},"query-input":"required name=search_term_string"}],"inLanguage":"fr-FR"},{"@type":"Organization","@id":"https:\/\/www.fair.it\/#organization","name":"F.a.i.r. srl","url":"https:\/\/www.fair.it\/","logo":{"@type":"ImageObject","inLanguage":"fr-FR","@id":"https:\/\/www.fair.it\/#\/schema\/logo\/image\/","url":"https:\/\/www.fair.it\/wp-content\/uploads\/LOGO-2-scaled.jpg","contentUrl":"https:\/\/www.fair.it\/wp-content\/uploads\/LOGO-2-scaled.jpg","width":2560,"height":1328,"caption":"F.a.i.r. srl"},"image":{"@id":"https:\/\/www.fair.it\/#\/schema\/logo\/image\/"},"sameAs":["https:\/\/www.facebook.com\/fair.italy","https:\/\/x.com\/FAIRITALY1971","https:\/\/www.instagram.com\/fairitaly\/","https:\/\/www.pinterest.it\/FAIRITALY\/","https:\/\/www.youtube.com\/channel\/UC2fQOBPNpVoq3RjivV7_KpQ"]}]}},"_links":{"self":[{"href":"https:\/\/www.fair.it\/fr\/wp-json\/wp\/v2\/pages\/7268"}],"collection":[{"href":"https:\/\/www.fair.it\/fr\/wp-json\/wp\/v2\/pages"}],"about":[{"href":"https:\/\/www.fair.it\/fr\/wp-json\/wp\/v2\/types\/page"}],"author":[{"embeddable":true,"href":"https:\/\/www.fair.it\/fr\/wp-json\/wp\/v2\/users\/1"}],"replies":[{"embeddable":true,"href":"https:\/\/www.fair.it\/fr\/wp-json\/wp\/v2\/comments?post=7268"}],"version-history":[{"count":3,"href":"https:\/\/www.fair.it\/fr\/wp-json\/wp\/v2\/pages\/7268\/revisions"}],"predecessor-version":[{"id":8385,"href":"https:\/\/www.fair.it\/fr\/wp-json\/wp\/v2\/pages\/7268\/revisions\/8385"}],"up":[{"embeddable":true,"href":"https:\/\/www.fair.it\/fr\/wp-json\/wp\/v2\/pages\/5982"}],"wp:attachment":[{"href":"https:\/\/www.fair.it\/fr\/wp-json\/wp\/v2\/media?parent=7268"}],"curies":[{"name":"wp","href":"https:\/\/api.w.org\/{rel}","templated":true}]}}