{"id":7053,"date":"2021-04-11T00:21:00","date_gmt":"2021-04-10T22:21:00","guid":{"rendered":"https:\/\/fair.sviluppo.host\/?page_id=7053"},"modified":"2021-09-02T16:59:48","modified_gmt":"2021-09-02T14:59:48","slug":"accessoires","status":"publish","type":"page","link":"https:\/\/www.fair.it\/fr\/produits\/accessoires\/","title":{"rendered":"ACCESSOIRES"},"content":{"rendered":"\n\n\t<section class=\"section dark\" id=\"section_1438736292\">\n\t\t<div class=\"section-bg fill\" >\n\t\t\t<img loading=\"lazy\" decoding=\"async\" width=\"1920\" height=\"1280\" src=\"https:\/\/www.fair.it\/wp-content\/uploads\/sfondo-legno.jpg\" class=\"bg attachment- size-\" alt=\"\" \/>\t\t\t\t\t\t\n\t\t\t\n\n\t\t<\/div>\n\n\t\t\n\n\t\t<div class=\"section-content relative\">\n\t\t\t\n\n\n\t\t<\/div>\n\n\t\t\n<style>\n#section_1438736292 {\n  padding-top: 0px;\n  padding-bottom: 0px;\n  min-height: 170px;\n}\n#section_1438736292 .section-bg img {\n  object-position: 0% 43%;\n}\n@media (min-width:550px) {\n  #section_1438736292 {\n    padding-top: 30px;\n    padding-bottom: 30px;\n    min-height: 170px;\n  }\n}\n<\/style>\n\t<\/section>\n\t\n\n\t<section class=\"section\" id=\"section_663521549\">\n\t\t<div class=\"section-bg fill\" >\n\t\t\t\t\t\t\t\t\t\n\t\t\t\n\n\t\t<\/div>\n\n\t\t\n\n\t\t<div class=\"section-content relative\">\n\t\t\t\n\n<div class=\"row align-center\"  id=\"row-928609656\">\n\n\n\t<div id=\"col-1094009614\" class=\"col medium-10 small-12 large-9\"  >\n\t\t\t\t<div class=\"col-inner text-center box-shadow-1\" style=\"background-color:rgb(255, 255, 255);\" >\n\t\t\t\n\t\t\t\n\n<h1>ACCESSOIRES<\/h1>\n<p>Une ligne compl\u00e8te de fusils \u00e9tudi\u00e9e pour satisfaire toutes les disciplines de tir et de chasse ne peut se passer d\u2019une riche gamme d\u2019accessoires de qualit\u00e9. <\/p>\n\n\t\t<\/div>\n\t\t\t\t\n<style>\n#col-1094009614 > .col-inner {\n  margin: -100px 0px 0px 0px;\n}\n<\/style>\n\t<\/div>\n\n\t\n\n\n<style>\n#row-928609656 > .col > .col-inner {\n  padding: 45px 25px 15px 25px;\n}\n@media (min-width:550px) {\n  #row-928609656 > .col > .col-inner {\n    padding: 45px 80px 15px 80px;\n  }\n}\n@media (min-width:850px) {\n  #row-928609656 > .col > .col-inner {\n    padding: 50px 50px 30px 50px;\n  }\n}\n<\/style>\n<\/div>\n\n\t\t<\/div>\n\n\t\t\n<style>\n#section_663521549 {\n  padding-top: 0px;\n  padding-bottom: 0px;\n  min-height: 0px;\n}\n<\/style>\n\t<\/section>\n\t\n\n\t<section class=\"section\" id=\"section_859510943\">\n\t\t<div class=\"section-bg fill\" >\n\t\t\t\t\t\t\t\t\t\n\t\t\t\n\n\t\t<\/div>\n\n\t\t\n\n\t\t<div class=\"section-content relative\">\n\t\t\t\n\n<div class=\"row\"  id=\"row-2070311883\">\n\n\n\t<div id=\"col-1159995024\" class=\"col small-12 large-12\"  >\n\t\t\t\t<div class=\"col-inner\"  >\n\t\t\t\n\t\t\t\n\n<p>Le catalogue F.A.I.R.<sup>\u00ae<\/sup> offre plusieurs articles de buffleterie, des gilets de tir \u00e9l\u00e9gants, des t-shirts et polos, lubrifiants sp\u00e9cifiques pour armes, mallettes pour fusils et cartouches, montages optiques et une s\u00e9rie de petites nouveaut\u00e9s extr\u00eamement utiles pour ceux qui utilisent une arme pour le sport ou le temps libre. A noter, les chokes interchangeables TECHNICHOKE<sup>\u00ae<\/sup>, offrant un syst\u00e8me efficace d\u2019accroissement balistique du rendement des gerbes produites par la combinaison arme\/munition. Gr\u00e2ce aux TECHNICHOKE<sup>\u00ae<\/sup>, le chasseur ou le tireur pourra choisir une gamme de chokes, afin d\u2019obtenir la distribution et l\u2019\u00e9nergie cin\u00e9tique des billes les plus appropri\u00e9s pour ses besoins.<\/p>\n\n\t\t<\/div>\n\t\t\t\t\t<\/div>\n\n\t\n\n<\/div>\n<div class=\"row row-large align-center\"  id=\"row-599065391\">\n\n\n\t<div id=\"col-1163518959\" class=\"col medium-4 small-11 large-4\"  >\n\t\t\t\t<div class=\"col-inner text-center box-shadow-1\" style=\"background-color:rgb(250, 250, 250);\" >\n\t\t\t\n\t\t\t\n\n\t<div class=\"box has-hover   has-hover box-text-bottom\" >\n\n\t\t<div class=\"box-image\" >\n\t\t\t<a href=\"\/fr\/categorie-produit\/vetements\/\" >\t\t\t<div class=\"\" >\n\t\t\t\t<img loading=\"lazy\" decoding=\"async\" width=\"700\" height=\"600\" src=\"https:\/\/www.fair.it\/wp-content\/uploads\/Abbigliamento.jpg\" class=\"attachment-original size-original\" alt=\"\" srcset=\"https:\/\/www.fair.it\/wp-content\/uploads\/Abbigliamento.jpg 700w, https:\/\/www.fair.it\/wp-content\/uploads\/Abbigliamento-510x437.jpg 510w, https:\/\/www.fair.it\/wp-content\/uploads\/Abbigliamento-467x400.jpg 467w\" sizes=\"(max-width: 700px) 100vw, 700px\" \/>\t\t\t\t\t\t\t\t\t\t\t<\/div>\n\t\t\t<\/a>\t\t<\/div>\n\n\t\t<div class=\"box-text text-center dark\" style=\"background-color:rgb(114, 116, 119);\">\n\t\t\t<div class=\"box-text-inner\">\n\t\t\t\t\n\n<h2>VETEMENTS<\/h2>\n<a href=\"\/fr\/categorie-produit\/vetements\/\" class=\"button white lowercase\"  style=\"border-radius:99px;\">\n\t\t<span>Voir<\/span>\n\t<\/a>\n\n\n\n\t\t\t<\/div>\n\t\t<\/div>\n\t<\/div>\n\t\n\n\t\t<\/div>\n\t\t\t\t\t<\/div>\n\n\t\n\n\t<div id=\"col-146537890\" class=\"col medium-4 small-11 large-4\"  >\n\t\t\t\t<div class=\"col-inner text-center box-shadow-2\" style=\"background-color:rgb(250, 250, 250);\" >\n\t\t\t\n\t\t\t\n\n\t<div class=\"box has-hover   has-hover box-text-bottom\" >\n\n\t\t<div class=\"box-image\" >\n\t\t\t<a href=\"\/fr\/categorie-produit\/sacs-et-mallettes\/\" >\t\t\t<div class=\"\" >\n\t\t\t\t<img loading=\"lazy\" decoding=\"async\" width=\"700\" height=\"600\" src=\"https:\/\/www.fair.it\/wp-content\/uploads\/Borse_e_Valigette.jpg\" class=\"attachment-original size-original\" alt=\"\" srcset=\"https:\/\/www.fair.it\/wp-content\/uploads\/Borse_e_Valigette.jpg 700w, https:\/\/www.fair.it\/wp-content\/uploads\/Borse_e_Valigette-510x437.jpg 510w, https:\/\/www.fair.it\/wp-content\/uploads\/Borse_e_Valigette-467x400.jpg 467w\" sizes=\"(max-width: 700px) 100vw, 700px\" \/>\t\t\t\t\t\t\t\t\t\t\t<\/div>\n\t\t\t<\/a>\t\t<\/div>\n\n\t\t<div class=\"box-text text-center dark\" style=\"background-color:rgb(114, 116, 119);\">\n\t\t\t<div class=\"box-text-inner\">\n\t\t\t\t\n\n<h2>SACS ET MALLETTES<\/h2>\n<a href=\"\/fr\/categorie-produit\/sacs-et-mallettes\/\" class=\"button white lowercase\"  style=\"border-radius:99px;\">\n\t\t<span>Voir<\/span>\n\t<\/a>\n\n\n\n\t\t\t<\/div>\n\t\t<\/div>\n\t<\/div>\n\t\n\n\t\t<\/div>\n\t\t\t\t\t<\/div>\n\n\t\n\n\t<div id=\"col-5584215\" class=\"col medium-4 small-11 large-4\"  >\n\t\t\t\t<div class=\"col-inner text-center box-shadow-2\" style=\"background-color:rgb(250, 250, 250);\" >\n\t\t\t\n\t\t\t\n\n\t<div class=\"box has-hover   has-hover box-text-bottom\" >\n\n\t\t<div class=\"box-image\" >\n\t\t\t<a href=\"\/fr\/categorie-produit\/kit-de-nettoyage\/\" >\t\t\t<div class=\"\" >\n\t\t\t\t<img loading=\"lazy\" decoding=\"async\" width=\"700\" height=\"600\" src=\"https:\/\/www.fair.it\/wp-content\/uploads\/Prodotti_Pulizia.jpg\" class=\"attachment-original size-original\" alt=\"\" srcset=\"https:\/\/www.fair.it\/wp-content\/uploads\/Prodotti_Pulizia.jpg 700w, https:\/\/www.fair.it\/wp-content\/uploads\/Prodotti_Pulizia-510x437.jpg 510w, https:\/\/www.fair.it\/wp-content\/uploads\/Prodotti_Pulizia-467x400.jpg 467w\" sizes=\"(max-width: 700px) 100vw, 700px\" \/>\t\t\t\t\t\t\t\t\t\t\t<\/div>\n\t\t\t<\/a>\t\t<\/div>\n\n\t\t<div class=\"box-text text-center dark\" style=\"background-color:rgb(114, 116, 119);\">\n\t\t\t<div class=\"box-text-inner\">\n\t\t\t\t\n\n<h2>KIT DE NETTOYAGE<\/h2>\n<a href=\"\/fr\/categorie-produit\/kit-de-nettoyage\/\" class=\"button white lowercase\"  style=\"border-radius:99px;\">\n\t\t<span>Voir<\/span>\n\t<\/a>\n\n\n\n\t\t\t<\/div>\n\t\t<\/div>\n\t<\/div>\n\t\n\n\t\t<\/div>\n\t\t\t\t\t<\/div>\n\n\t\n\n<\/div>\n<div class=\"row row-large align-center\"  id=\"row-486725990\">\n\n\n\t<div id=\"col-400280537\" class=\"col medium-4 small-11 large-4\"  >\n\t\t\t\t<div class=\"col-inner text-center box-shadow-1\" style=\"background-color:rgb(250, 250, 250);\" >\n\t\t\t\n\t\t\t\n\n\t<div class=\"box has-hover   has-hover box-text-bottom\" >\n\n\t\t<div class=\"box-image\" >\n\t\t\t<a href=\"\/fr\/categorie-produit\/technichoke-fr\/\" >\t\t\t<div class=\"\" >\n\t\t\t\t<img loading=\"lazy\" decoding=\"async\" width=\"700\" height=\"600\" src=\"https:\/\/www.fair.it\/wp-content\/uploads\/Technichoke.jpg\" class=\"attachment-original size-original\" alt=\"\" srcset=\"https:\/\/www.fair.it\/wp-content\/uploads\/Technichoke.jpg 700w, https:\/\/www.fair.it\/wp-content\/uploads\/Technichoke-510x437.jpg 510w, https:\/\/www.fair.it\/wp-content\/uploads\/Technichoke-467x400.jpg 467w\" sizes=\"(max-width: 700px) 100vw, 700px\" \/>\t\t\t\t\t\t\t\t\t\t\t<\/div>\n\t\t\t<\/a>\t\t<\/div>\n\n\t\t<div class=\"box-text text-center dark\" style=\"background-color:rgb(114, 116, 119);\">\n\t\t\t<div class=\"box-text-inner\">\n\t\t\t\t\n\n<h2>TECHNICHOKE<sup>\u00ae<\/sup><\/h2>\n<a href=\"\/fr\/categorie-produit\/technichoke-fr\/\" class=\"button white lowercase\"  style=\"border-radius:99px;\">\n\t\t<span>Voir<\/span>\n\t<\/a>\n\n\n\n\t\t\t<\/div>\n\t\t<\/div>\n\t<\/div>\n\t\n\n\t\t<\/div>\n\t\t\t\t\t<\/div>\n\n\t\n\n\t<div id=\"col-1000620860\" class=\"col medium-4 small-11 large-4\"  >\n\t\t\t\t<div class=\"col-inner text-center box-shadow-2\" style=\"background-color:rgb(250, 250, 250);\" >\n\t\t\t\n\t\t\t\n\n\t<div class=\"box has-hover   has-hover box-text-bottom\" >\n\n\t\t<div class=\"box-image\" >\n\t\t\t<a href=\"\/fr\/categorie-produit\/accessoires\/\" >\t\t\t<div class=\"\" >\n\t\t\t\t<img loading=\"lazy\" decoding=\"async\" width=\"700\" height=\"600\" src=\"https:\/\/www.fair.it\/wp-content\/uploads\/Accessori_Vari.jpg\" class=\"attachment-original size-original\" alt=\"\" srcset=\"https:\/\/www.fair.it\/wp-content\/uploads\/Accessori_Vari.jpg 700w, https:\/\/www.fair.it\/wp-content\/uploads\/Accessori_Vari-510x437.jpg 510w, https:\/\/www.fair.it\/wp-content\/uploads\/Accessori_Vari-467x400.jpg 467w\" sizes=\"(max-width: 700px) 100vw, 700px\" \/>\t\t\t\t\t\t\t\t\t\t\t<\/div>\n\t\t\t<\/a>\t\t<\/div>\n\n\t\t<div class=\"box-text text-center dark\" style=\"background-color:rgb(114, 116, 119);\">\n\t\t\t<div class=\"box-text-inner\">\n\t\t\t\t\n\n<h2>ACCESSOIRES<\/h2>\n<a href=\"\/fr\/categorie-produit\/accessoires\/\" class=\"button white lowercase\"  style=\"border-radius:99px;\">\n\t\t<span>Voir<\/span>\n\t<\/a>\n\n\n\n\t\t\t<\/div>\n\t\t<\/div>\n\t<\/div>\n\t\n\n\t\t<\/div>\n\t\t\t\t\t<\/div>\n\n\t\n\n\t<div id=\"col-444147455\" class=\"col medium-4 small-11 large-4\"  >\n\t\t\t\t<div class=\"col-inner text-center box-shadow-2\" style=\"background-color:rgb(250, 250, 250);\" >\n\t\t\t\n\t\t\t\n\n\t<div class=\"box has-hover   has-hover box-text-bottom\" >\n\n\t\t<div class=\"box-image\" >\n\t\t\t<a href=\"\/fr\/categorie-produit\/gadget-fr\/\" >\t\t\t<div class=\"\" >\n\t\t\t\t<img loading=\"lazy\" decoding=\"async\" width=\"700\" height=\"600\" src=\"https:\/\/www.fair.it\/wp-content\/uploads\/Gadget.jpg\" class=\"attachment-original size-original\" alt=\"\" srcset=\"https:\/\/www.fair.it\/wp-content\/uploads\/Gadget.jpg 700w, https:\/\/www.fair.it\/wp-content\/uploads\/Gadget-510x437.jpg 510w, https:\/\/www.fair.it\/wp-content\/uploads\/Gadget-467x400.jpg 467w\" sizes=\"(max-width: 700px) 100vw, 700px\" \/>\t\t\t\t\t\t\t\t\t\t\t<\/div>\n\t\t\t<\/a>\t\t<\/div>\n\n\t\t<div class=\"box-text text-center dark\" style=\"background-color:rgb(114, 116, 119);\">\n\t\t\t<div class=\"box-text-inner\">\n\t\t\t\t\n\n<h2>GADGET<\/h2>\n<a href=\"\/fr\/categorie-produit\/gadget-fr\/\" class=\"button white lowercase\"  style=\"border-radius:99px;\">\n\t\t<span>Voir<\/span>\n\t<\/a>\n\n\n\n\t\t\t<\/div>\n\t\t<\/div>\n\t<\/div>\n\t\n\n\t\t<\/div>\n\t\t\t\t\t<\/div>\n\n\t\n\n<\/div>\n\t<div id=\"gap-1968390764\" class=\"gap-element clearfix\" style=\"display:block; height:auto;\">\n\t\t\n<style>\n#gap-1968390764 {\n  padding-top: 15px;\n}\n<\/style>\n\t<\/div>\n\t\n\n\n\t\t<\/div>\n\n\t\t\n<style>\n#section_859510943 {\n  padding-top: 0px;\n  padding-bottom: 0px;\n}\n@media (min-width:550px) {\n  #section_859510943 {\n    padding-top: 0px;\n    padding-bottom: 0px;\n  }\n}\n<\/style>\n\t<\/section>\n\t\n","protected":false},"excerpt":{"rendered":"","protected":false},"author":1,"featured_media":0,"parent":6509,"menu_order":0,"comment_status":"closed","ping_status":"closed","template":"page-blank.php","meta":{"footnotes":""},"class_list":["post-7053","page","type-page","status-publish","hentry"],"yoast_head":"<!-- This site is optimized with the Yoast SEO plugin v23.0 - https:\/\/yoast.com\/wordpress\/plugins\/seo\/ -->\n<title>Accessoires de chasse et de tir - F.A.I.R. \u00ae<\/title>\n<meta name=\"description\" content=\"D\u00e9couvrez la gamme compl\u00e8te d&#039;accessoires de chasse et de tir F.A.I.R.\u00ae: vetements, chokes, sacs et mallettes, accessoires.\" \/>\n<meta name=\"robots\" content=\"index, follow, max-snippet:-1, max-image-preview:large, max-video-preview:-1\" \/>\n<link rel=\"canonical\" href=\"https:\/\/www.fair.it\/fr\/produits\/accessoires\/\" \/>\n<meta property=\"og:locale\" content=\"fr_FR\" \/>\n<meta property=\"og:type\" content=\"article\" \/>\n<meta property=\"og:title\" content=\"Accessoires de chasse et de tir - F.A.I.R. \u00ae\" \/>\n<meta property=\"og:description\" content=\"D\u00e9couvrez la gamme compl\u00e8te d&#039;accessoires de chasse et de tir F.A.I.R.\u00ae: vetements, chokes, sacs et mallettes, accessoires.\" \/>\n<meta property=\"og:url\" content=\"https:\/\/www.fair.it\/fr\/produits\/accessoires\/\" \/>\n<meta property=\"og:site_name\" content=\"Fair\" \/>\n<meta property=\"article:publisher\" content=\"https:\/\/www.facebook.com\/fair.italy\" \/>\n<meta property=\"article:modified_time\" content=\"2021-09-02T14:59:48+00:00\" \/>\n<meta property=\"og:image\" content=\"https:\/\/www.fair.it\/wp-content\/uploads\/LOGO-2-scaled.jpg\" \/>\n\t<meta property=\"og:image:width\" content=\"2560\" \/>\n\t<meta property=\"og:image:height\" content=\"1328\" \/>\n\t<meta property=\"og:image:type\" content=\"image\/jpeg\" \/>\n<meta name=\"twitter:card\" content=\"summary_large_image\" \/>\n<meta name=\"twitter:site\" content=\"@FAIRITALY1971\" \/>\n<script type=\"application\/ld+json\" class=\"yoast-schema-graph\">{\"@context\":\"https:\/\/schema.org\",\"@graph\":[{\"@type\":\"WebPage\",\"@id\":\"https:\/\/www.fair.it\/fr\/produits\/accessoires\/\",\"url\":\"https:\/\/www.fair.it\/fr\/produits\/accessoires\/\",\"name\":\"Accessoires de chasse et de tir - F.A.I.R. \u00ae\",\"isPartOf\":{\"@id\":\"https:\/\/www.fair.it\/#website\"},\"datePublished\":\"2021-04-10T22:21:00+00:00\",\"dateModified\":\"2021-09-02T14:59:48+00:00\",\"description\":\"D\u00e9couvrez la gamme compl\u00e8te d'accessoires de chasse et de tir F.A.I.R.\u00ae: vetements, chokes, sacs et mallettes, accessoires.\",\"breadcrumb\":{\"@id\":\"https:\/\/www.fair.it\/fr\/produits\/accessoires\/#breadcrumb\"},\"inLanguage\":\"fr-FR\",\"potentialAction\":[{\"@type\":\"ReadAction\",\"target\":[\"https:\/\/www.fair.it\/fr\/produits\/accessoires\/\"]}]},{\"@type\":\"BreadcrumbList\",\"@id\":\"https:\/\/www.fair.it\/fr\/produits\/accessoires\/#breadcrumb\",\"itemListElement\":[{\"@type\":\"ListItem\",\"position\":1,\"name\":\"Home\",\"item\":\"https:\/\/www.fair.it\/fr\/\"},{\"@type\":\"ListItem\",\"position\":2,\"name\":\"Produits\",\"item\":\"https:\/\/www.fair.it\/fr\/produits\/\"},{\"@type\":\"ListItem\",\"position\":3,\"name\":\"ACCESSOIRES\"}]},{\"@type\":\"WebSite\",\"@id\":\"https:\/\/www.fair.it\/#website\",\"url\":\"https:\/\/www.fair.it\/\",\"name\":\"Fair\",\"description\":\"\",\"publisher\":{\"@id\":\"https:\/\/www.fair.it\/#organization\"},\"potentialAction\":[{\"@type\":\"SearchAction\",\"target\":{\"@type\":\"EntryPoint\",\"urlTemplate\":\"https:\/\/www.fair.it\/?s={search_term_string}\"},\"query-input\":\"required name=search_term_string\"}],\"inLanguage\":\"fr-FR\"},{\"@type\":\"Organization\",\"@id\":\"https:\/\/www.fair.it\/#organization\",\"name\":\"F.a.i.r. srl\",\"url\":\"https:\/\/www.fair.it\/\",\"logo\":{\"@type\":\"ImageObject\",\"inLanguage\":\"fr-FR\",\"@id\":\"https:\/\/www.fair.it\/#\/schema\/logo\/image\/\",\"url\":\"https:\/\/www.fair.it\/wp-content\/uploads\/LOGO-2-scaled.jpg\",\"contentUrl\":\"https:\/\/www.fair.it\/wp-content\/uploads\/LOGO-2-scaled.jpg\",\"width\":2560,\"height\":1328,\"caption\":\"F.a.i.r. srl\"},\"image\":{\"@id\":\"https:\/\/www.fair.it\/#\/schema\/logo\/image\/\"},\"sameAs\":[\"https:\/\/www.facebook.com\/fair.italy\",\"https:\/\/x.com\/FAIRITALY1971\",\"https:\/\/www.instagram.com\/fairitaly\/\",\"https:\/\/www.pinterest.it\/FAIRITALY\/\",\"https:\/\/www.youtube.com\/channel\/UC2fQOBPNpVoq3RjivV7_KpQ\"]}]}<\/script>\n<!-- \/ Yoast SEO plugin. -->","yoast_head_json":{"title":"Accessoires de chasse et de tir - F.A.I.R. \u00ae","description":"D\u00e9couvrez la gamme compl\u00e8te d'accessoires de chasse et de tir F.A.I.R.\u00ae: vetements, chokes, sacs et mallettes, accessoires.","robots":{"index":"index","follow":"follow","max-snippet":"max-snippet:-1","max-image-preview":"max-image-preview:large","max-video-preview":"max-video-preview:-1"},"canonical":"https:\/\/www.fair.it\/fr\/produits\/accessoires\/","og_locale":"fr_FR","og_type":"article","og_title":"Accessoires de chasse et de tir - F.A.I.R. \u00ae","og_description":"D\u00e9couvrez la gamme compl\u00e8te d'accessoires de chasse et de tir F.A.I.R.\u00ae: vetements, chokes, sacs et mallettes, accessoires.","og_url":"https:\/\/www.fair.it\/fr\/produits\/accessoires\/","og_site_name":"Fair","article_publisher":"https:\/\/www.facebook.com\/fair.italy","article_modified_time":"2021-09-02T14:59:48+00:00","og_image":[{"width":2560,"height":1328,"url":"https:\/\/www.fair.it\/wp-content\/uploads\/LOGO-2-scaled.jpg","type":"image\/jpeg"}],"twitter_card":"summary_large_image","twitter_site":"@FAIRITALY1971","schema":{"@context":"https:\/\/schema.org","@graph":[{"@type":"WebPage","@id":"https:\/\/www.fair.it\/fr\/produits\/accessoires\/","url":"https:\/\/www.fair.it\/fr\/produits\/accessoires\/","name":"Accessoires de chasse et de tir - F.A.I.R. \u00ae","isPartOf":{"@id":"https:\/\/www.fair.it\/#website"},"datePublished":"2021-04-10T22:21:00+00:00","dateModified":"2021-09-02T14:59:48+00:00","description":"D\u00e9couvrez la gamme compl\u00e8te d'accessoires de chasse et de tir F.A.I.R.\u00ae: vetements, chokes, sacs et mallettes, accessoires.","breadcrumb":{"@id":"https:\/\/www.fair.it\/fr\/produits\/accessoires\/#breadcrumb"},"inLanguage":"fr-FR","potentialAction":[{"@type":"ReadAction","target":["https:\/\/www.fair.it\/fr\/produits\/accessoires\/"]}]},{"@type":"BreadcrumbList","@id":"https:\/\/www.fair.it\/fr\/produits\/accessoires\/#breadcrumb","itemListElement":[{"@type":"ListItem","position":1,"name":"Home","item":"https:\/\/www.fair.it\/fr\/"},{"@type":"ListItem","position":2,"name":"Produits","item":"https:\/\/www.fair.it\/fr\/produits\/"},{"@type":"ListItem","position":3,"name":"ACCESSOIRES"}]},{"@type":"WebSite","@id":"https:\/\/www.fair.it\/#website","url":"https:\/\/www.fair.it\/","name":"Fair","description":"","publisher":{"@id":"https:\/\/www.fair.it\/#organization"},"potentialAction":[{"@type":"SearchAction","target":{"@type":"EntryPoint","urlTemplate":"https:\/\/www.fair.it\/?s={search_term_string}"},"query-input":"required name=search_term_string"}],"inLanguage":"fr-FR"},{"@type":"Organization","@id":"https:\/\/www.fair.it\/#organization","name":"F.a.i.r. srl","url":"https:\/\/www.fair.it\/","logo":{"@type":"ImageObject","inLanguage":"fr-FR","@id":"https:\/\/www.fair.it\/#\/schema\/logo\/image\/","url":"https:\/\/www.fair.it\/wp-content\/uploads\/LOGO-2-scaled.jpg","contentUrl":"https:\/\/www.fair.it\/wp-content\/uploads\/LOGO-2-scaled.jpg","width":2560,"height":1328,"caption":"F.a.i.r. srl"},"image":{"@id":"https:\/\/www.fair.it\/#\/schema\/logo\/image\/"},"sameAs":["https:\/\/www.facebook.com\/fair.italy","https:\/\/x.com\/FAIRITALY1971","https:\/\/www.instagram.com\/fairitaly\/","https:\/\/www.pinterest.it\/FAIRITALY\/","https:\/\/www.youtube.com\/channel\/UC2fQOBPNpVoq3RjivV7_KpQ"]}]}},"_links":{"self":[{"href":"https:\/\/www.fair.it\/fr\/wp-json\/wp\/v2\/pages\/7053"}],"collection":[{"href":"https:\/\/www.fair.it\/fr\/wp-json\/wp\/v2\/pages"}],"about":[{"href":"https:\/\/www.fair.it\/fr\/wp-json\/wp\/v2\/types\/page"}],"author":[{"embeddable":true,"href":"https:\/\/www.fair.it\/fr\/wp-json\/wp\/v2\/users\/1"}],"replies":[{"embeddable":true,"href":"https:\/\/www.fair.it\/fr\/wp-json\/wp\/v2\/comments?post=7053"}],"version-history":[{"count":14,"href":"https:\/\/www.fair.it\/fr\/wp-json\/wp\/v2\/pages\/7053\/revisions"}],"predecessor-version":[{"id":7067,"href":"https:\/\/www.fair.it\/fr\/wp-json\/wp\/v2\/pages\/7053\/revisions\/7067"}],"up":[{"embeddable":true,"href":"https:\/\/www.fair.it\/fr\/wp-json\/wp\/v2\/pages\/6509"}],"wp:attachment":[{"href":"https:\/\/www.fair.it\/fr\/wp-json\/wp\/v2\/media?parent=7053"}],"curies":[{"name":"wp","href":"https:\/\/api.w.org\/{rel}","templated":true}]}}