{"id":6455,"date":"2021-04-02T14:55:44","date_gmt":"2021-04-02T12:55:44","guid":{"rendered":"https:\/\/fair.sviluppo.host\/?page_id=6455"},"modified":"2022-09-26T15:18:24","modified_gmt":"2022-09-26T13:18:24","slug":"srl-802","status":"publish","type":"page","link":"https:\/\/www.fair.it\/fr\/produits\/competition-shotguns\/srl-802\/","title":{"rendered":"SRL 802"},"content":{"rendered":"\n\t<div id=\"text-2280471623\" class=\"text sottotitolo-prodotto\">\n\t\t\n\n100% ITALIAN MADE\n\t\t\n<style>\n#text-2280471623 {\n  text-align: center;\n}\n<\/style>\n\t<\/div>\n\t\n<div class=\"row align-middle\"  id=\"row-1495217765\">\n\n\n\t<div id=\"col-278582442\" class=\"col small-12 large-12\"  >\n\t\t\t\t<div class=\"col-inner\"  >\n\t\t\t\n\t\t\t\n\n\t<div class=\"img has-hover zoooom x md-x lg-x y md-y lg-y\" id=\"image_868820428\">\n\t\t\t\t\t\t\t\t<div class=\"img-inner dark\" >\n\t\t\t<img loading=\"lazy\" decoding=\"async\" width=\"1020\" height=\"552\" src=\"https:\/\/www.fair.it\/wp-content\/uploads\/SRL802-1400x758.jpg\" class=\"attachment-large size-large\" alt=\"\" srcset=\"https:\/\/www.fair.it\/wp-content\/uploads\/SRL802-1400x758.jpg 1400w, https:\/\/www.fair.it\/wp-content\/uploads\/SRL802-510x276.jpg 510w, https:\/\/www.fair.it\/wp-content\/uploads\/SRL802-739x400.jpg 739w, https:\/\/www.fair.it\/wp-content\/uploads\/SRL802-768x416.jpg 768w, https:\/\/www.fair.it\/wp-content\/uploads\/SRL802-1536x831.jpg 1536w, https:\/\/www.fair.it\/wp-content\/uploads\/SRL802.jpg 1920w\" sizes=\"(max-width: 1020px) 100vw, 1020px\" \/>\t\t\t\t\t\t\n\t\t\t\t\t<\/div>\n\t\t\t\t\t\t\t\t\n<style>\n#image_868820428 {\n  width: 100%;\n}\n<\/style>\n\t<\/div>\n\t\n\n\n\t\t<\/div>\n\t\t\t\t\t<\/div>\n\n\t\n\n<\/div>\n<div class=\"row\"  id=\"row-1079247923\">\n\n\n\t<div id=\"col-30048471\" class=\"col small-12 large-12\"  >\n\t\t\t\t<div class=\"col-inner\"  >\n\t\t\t\n\t\t\t\n\n<a href=\"https:\/\/www.fair.it\/fr\/technologie\/\" class=\"button primary\"  >\n\t\t<span>Technologie<\/span>\n\t<\/a>\n\n\n<a href=\"#informazioni\" class=\"button primary\"  >\n\t\t<span>demander<\/span>\n\t<\/a>\n\n\n\n\t\t<\/div>\n\t\t\t\t\t<\/div>\n\n\t\n\n<\/div>\n<p>Le mod\u00e8le SRL 802 est n\u00e9 sur la base des mod\u00e8les MASTER, avec les m\u00eames caract\u00e9ristiques techniques pour les diff\u00e9rentes configurations sportives, en trois versions : SRL 802 Trap \u2013 SRL 802 Skeet et SRL 802 Sporting, en deux calibres (12 et 20) avec bascules diff\u00e9rentes. <\/p> <p>Le mod\u00e8le SRL 802 se distingue du mod\u00e8le MASTER par ses faux corps lat\u00e9raux sans vis, avec une \u00e9l\u00e9gante gravure florale et par la crosse en noyer s\u00e9lectionn\u00e9 avec \u00e9cusson en laiton pour la gravure des initiales. Tout comme les autres mod\u00e8les de tir, le mod\u00e8le SRL 802 est livr\u00e9 dans une \u00e9l\u00e9gante mallette thermoform\u00e9e mod\u00e8le V500SP, parfaite pour le transport. Les chambres sont, comme d\u2019habitude, de 70 mm-2 3\u20444\u201d pour les versions Trap et Skeet et de 76 mm-3\u201d pour la version Sporting, \u00e9quip\u00e9e de chokes interchangeables TECHNICHOKE\u00ae SPORTING XP70 de 70mm (2 3\u20444\u201d).<\/p>\n<p><img decoding=\"async\" src=\"\/wp-content\/uploads\/sovrapposti-ico.png\" width=\"30px\"> <img decoding=\"async\" src=\"\/wp-content\/uploads\/tech-ico.png\" width=\"50px\"> <\/p>\n\t<div id=\"gap-1625251361\" class=\"gap-element clearfix\" style=\"display:block; height:auto;\">\n\t\t\n<style>\n#gap-1625251361 {\n  padding-top: 20px;\n}\n<\/style>\n\t<\/div>\n\t\n\n<div class=\"scrolla-tabella\">\n<table width=\"100%\" border=\"0\" cellspacing=\"0\" cellpadding=\"0\" class=\"nuovatabella\">\n<tbody>\n<tr class=\"titoli-nt\">\n<td width=\"17%\" style=\"text-align:left;\">Mod\u00e8le<\/td>\n<td width=\"8%\">calibre<\/td>\n<td width=\"10%\">chamber mm\/inch<\/td>\n<td width=\"14%\">canons cm\/inch<\/td>\n<td width=\"9%\">chokes<\/td>\n<td width=\"9%\">Syst\u00e8me<\/td>\n<td width=\"11%\">crosse mm\/inch<\/td>\n<td width=\"13%\">poids kg. Approx.<\/td>\n<td width=\"8%\">emballage<\/td>\n<\/tr>\n<tr class=\"riga-nt \">\n<td style=\"text-align:left;\"><strong>SRL 802 TRAP<\/strong><\/td>\n<td><strong>12<br \/>20<\/strong><\/td>\n<td>70\/2 3\/4&Prime;<\/td>\n<td><strong>76\/30\u201d<\/strong><\/td>\n<td>IM\/F<\/td>\n<td>EJ-MF*<\/td>\n<td>370\/14,60\u201d<\/td>\n<td>3,550\/12<br \/>3,350\/20<\/td>\n<td>V500SP<\/td>\n<\/tr>\n<tr class=\"riga-nt scura-nt\">\n<td style=\"text-align:left;\"><strong>SRL 802 SKEET<\/strong><\/td>\n<td><strong>12<br \/>20<\/strong><\/td>\n<td>70\/2 3\/4&Prime;<\/td>\n<td>66\/26\u201d<br \/><strong>71\/28\u201d<\/strong><\/td>\n<td>CL\/CL<\/td>\n<td>EJ-MF*<\/td>\n<td>368\/14,50\u201d<\/td>\n<td>3,450\/12<br \/>3,250\/20<\/td>\n<td>V500SP<\/td>\n<\/tr>\n<tr class=\"riga-nt\">\n<td style=\"background: url(\/wp-content\/uploads\/tech-tab-grigio.png) no-repeat 95% center; text-align:left;\"><strong>SRL 802 SPORTING<\/strong><\/td>\n<td><strong>12<br \/>20<\/strong><\/td>\n<td>76\/3\u201d<\/td>\n<td><strong>71\/28\u201d<\/strong><br \/>76\/30\u201d<br \/>81\/32&Prime;<\/td>\n<td>TC XP70 5<\/td>\n<td>EJ-MF*<\/td>\n<td>368\/14,50\u201d<\/td>\n<td>3,550\/12<br \/>3,350\/20<\/td>\n<td>V500SP<\/td>\n<\/tr>\n<\/tbody>\n<\/table>\n<\/div>\n<p>MS = single selective trigger<br \/>EJ = automatic ejector<br \/>MF = single trigger<br>* optional on demand adjustable single trigger<\/p>\n\t<div id=\"gap-5373809\" class=\"gap-element clearfix\" style=\"display:block; height:auto;\">\n\t\t\n<style>\n#gap-5373809 {\n  padding-top: 20px;\n}\n<\/style>\n\t<\/div>\n\t\n\n\t<div id=\"text-1288744175\" class=\"text\">\n\t\t\n\n<h3>Gallery<\/h3>\n\t\t\n<style>\n#text-1288744175 {\n  color: #004586;\n}\n#text-1288744175 > * {\n  color: #004586;\n}\n<\/style>\n\t<\/div>\n\t\n\n  \n    <div class=\"row large-columns-4 medium-columns-3 small-columns-2 slider row-slider slider-nav-simple slider-nav-outside\"  data-flickity-options='{&quot;imagesLoaded&quot;: true, &quot;groupCells&quot;: &quot;100%&quot;, &quot;dragThreshold&quot; : 5, &quot;cellAlign&quot;: &quot;left&quot;,&quot;wrapAround&quot;: true,&quot;prevNextButtons&quot;: true,&quot;percentPosition&quot;: true,&quot;pageDots&quot;: true, &quot;rightToLeft&quot;: false, &quot;autoPlay&quot; : null}' >\n\n  <div class=\"gallery-col col\" >\n          <div class=\"col-inner\">\n            <a class=\"image-lightbox lightbox-gallery\" href=\"https:\/\/www.fair.it\/wp-content\/uploads\/21.jpg\" title=\"\">            <div class=\"box has-hover gallery-box box-overlay dark\">\n              <div class=\"box-image\" >\n                <img loading=\"lazy\" decoding=\"async\" width=\"581\" height=\"400\" src=\"https:\/\/www.fair.it\/wp-content\/uploads\/21-581x400.jpg\" class=\"attachment-medium size-medium\" alt=\"\" ids=\"5624,5628,5632\" type=\"slider\" slider_nav_style=\"simple\" slider_nav_position=\"outside\" slider_bullets=\"true\" auto_slide=\"null\" srcset=\"https:\/\/www.fair.it\/wp-content\/uploads\/21-581x400.jpg 581w, https:\/\/www.fair.it\/wp-content\/uploads\/21-510x351.jpg 510w, https:\/\/www.fair.it\/wp-content\/uploads\/21.jpg 715w\" sizes=\"(max-width: 581px) 100vw, 581px\" \/>                                  <div class=\"overlay fill\"\n                      style=\"background-color: rgba(0,0,0,.15)\">\n                  <\/div>\n                                                              <\/div>\n              <div class=\"box-text text-left\" >\n                 <p><\/p>\n              <\/div>\n            <\/div>\n            <\/a>          <\/div>\n         <\/div><div class=\"gallery-col col\" >\n          <div class=\"col-inner\">\n            <a class=\"image-lightbox lightbox-gallery\" href=\"https:\/\/www.fair.it\/wp-content\/uploads\/20.jpg\" title=\"\">            <div class=\"box has-hover gallery-box box-overlay dark\">\n              <div class=\"box-image\" >\n                <img loading=\"lazy\" decoding=\"async\" width=\"581\" height=\"400\" src=\"https:\/\/www.fair.it\/wp-content\/uploads\/20-581x400.jpg\" class=\"attachment-medium size-medium\" alt=\"\" ids=\"5624,5628,5632\" type=\"slider\" slider_nav_style=\"simple\" slider_nav_position=\"outside\" slider_bullets=\"true\" auto_slide=\"null\" srcset=\"https:\/\/www.fair.it\/wp-content\/uploads\/20-581x400.jpg 581w, https:\/\/www.fair.it\/wp-content\/uploads\/20-510x351.jpg 510w, https:\/\/www.fair.it\/wp-content\/uploads\/20.jpg 715w\" sizes=\"(max-width: 581px) 100vw, 581px\" \/>                                  <div class=\"overlay fill\"\n                      style=\"background-color: rgba(0,0,0,.15)\">\n                  <\/div>\n                                                              <\/div>\n              <div class=\"box-text text-left\" >\n                 <p><\/p>\n              <\/div>\n            <\/div>\n            <\/a>          <\/div>\n         <\/div><div class=\"gallery-col col\" >\n          <div class=\"col-inner\">\n            <a class=\"image-lightbox lightbox-gallery\" href=\"https:\/\/www.fair.it\/wp-content\/uploads\/V500SP-V502SP-.jpg\" title=\"\">            <div class=\"box has-hover gallery-box box-overlay dark\">\n              <div class=\"box-image\" >\n                <img loading=\"lazy\" decoding=\"async\" width=\"581\" height=\"400\" src=\"https:\/\/www.fair.it\/wp-content\/uploads\/V500SP-V502SP--581x400.jpg\" class=\"attachment-medium size-medium\" alt=\"\" ids=\"5624,5628,5632\" type=\"slider\" slider_nav_style=\"simple\" slider_nav_position=\"outside\" slider_bullets=\"true\" auto_slide=\"null\" srcset=\"https:\/\/www.fair.it\/wp-content\/uploads\/V500SP-V502SP--581x400.jpg 581w, https:\/\/www.fair.it\/wp-content\/uploads\/V500SP-V502SP--510x351.jpg 510w, https:\/\/www.fair.it\/wp-content\/uploads\/V500SP-V502SP-.jpg 715w\" sizes=\"(max-width: 581px) 100vw, 581px\" \/>                                  <div class=\"overlay fill\"\n                      style=\"background-color: rgba(0,0,0,.15)\">\n                  <\/div>\n                                                              <\/div>\n              <div class=\"box-text text-left\" >\n                 <p><\/p>\n              <\/div>\n            <\/div>\n            <\/a>          <\/div>\n         <\/div><\/div>\n\n\t<div id=\"gap-244806121\" class=\"gap-element clearfix\" style=\"display:block; height:auto;\">\n\t\t\n<style>\n#gap-244806121 {\n  padding-top: 20px;\n}\n<\/style>\n\t<\/div>\n\t\n\n\t<div id=\"text-3334005956\" class=\"text\">\n\t\t\n\n<h3>Demander<\/h3>\n\t\t\n<style>\n#text-3334005956 {\n  color: #004586;\n}\n#text-3334005956 > * {\n  color: #004586;\n}\n<\/style>\n\t<\/div>\n\t\n<span class=\"scroll-to\" data-label=\"Scroll to: #informazioni\" data-bullet=\"false\" data-link=\"#informazioni\" data-title=\"informazioni\" ><a name=\"informazioni\"><\/a><\/span>\n\n\n<div class=\"wpcf7 no-js\" id=\"wpcf7-f5160-o1\" lang=\"it-IT\" dir=\"ltr\">\n<div class=\"screen-reader-response\"><p role=\"status\" aria-live=\"polite\" aria-atomic=\"true\"><\/p> <ul><\/ul><\/div>\n<form action=\"\/fr\/wp-json\/wp\/v2\/pages\/6455#wpcf7-f5160-o1\" method=\"post\" class=\"wpcf7-form init\" aria-label=\"Modulo di contatto\" novalidate=\"novalidate\" data-status=\"init\">\n<div style=\"display: none;\">\n<input type=\"hidden\" name=\"_wpcf7\" value=\"5160\" \/>\n<input type=\"hidden\" name=\"_wpcf7_version\" value=\"5.9.7\" \/>\n<input type=\"hidden\" name=\"_wpcf7_locale\" value=\"it_IT\" \/>\n<input type=\"hidden\" name=\"_wpcf7_unit_tag\" value=\"wpcf7-f5160-o1\" \/>\n<input type=\"hidden\" name=\"_wpcf7_container_post\" value=\"0\" \/>\n<input type=\"hidden\" name=\"_wpcf7_posted_data_hash\" value=\"\" \/>\n<input type=\"hidden\" name=\"_wpcf7cf_hidden_group_fields\" value=\"[]\" \/>\n<input type=\"hidden\" name=\"_wpcf7cf_hidden_groups\" value=\"[]\" \/>\n<input type=\"hidden\" name=\"_wpcf7cf_visible_groups\" value=\"[]\" \/>\n<input type=\"hidden\" name=\"_wpcf7cf_repeaters\" value=\"[]\" \/>\n<input type=\"hidden\" name=\"_wpcf7cf_steps\" value=\"{}\" \/>\n<input type=\"hidden\" name=\"_wpcf7cf_options\" value=\"{&quot;form_id&quot;:5160,&quot;conditions&quot;:[],&quot;settings&quot;:{&quot;animation&quot;:&quot;yes&quot;,&quot;animation_intime&quot;:200,&quot;animation_outtime&quot;:200,&quot;conditions_ui&quot;:&quot;normal&quot;,&quot;notice_dismissed&quot;:false,&quot;notice_dismissed_rollback-cf7-5.5.6&quot;:true,&quot;notice_dismissed_update-cf7-5.9.7&quot;:true}}\" \/>\n<input type=\"hidden\" name=\"_wpcf7_recaptcha_response\" value=\"\" \/>\n<\/div>\n<div id=\"form-richiesta-info-prodotto\">\n\t<div class=\"flex-row medium-flex-wrap\">\n\t\t<div class=\"flex-col flex-grow\">\n\t\t\t<p><label>Nome *<\/label><br \/>\n<span class=\"wpcf7-form-control-wrap\" data-name=\"full-name\"><input size=\"40\" maxlength=\"400\" class=\"wpcf7-form-control wpcf7-text wpcf7-validates-as-required\" aria-required=\"true\" aria-invalid=\"false\" value=\"\" type=\"text\" name=\"full-name\" \/><\/span>\n\t\t\t<\/p>\n\t\t<\/div>\n\t\t<div class=\"flex-col flex-grow\">\n\t\t\t<p><label>Email *<\/label><br \/>\n<span class=\"wpcf7-form-control-wrap\" data-name=\"email\"><input size=\"40\" maxlength=\"400\" class=\"wpcf7-form-control wpcf7-email wpcf7-validates-as-required wpcf7-text wpcf7-validates-as-email\" aria-required=\"true\" aria-invalid=\"false\" value=\"\" type=\"email\" name=\"email\" \/><\/span>\n\t\t\t<\/p>\n\t\t<\/div>\n\t\t<div class=\"flex-col flex-grow\">\n\t\t\t<p><label>Telefono <\/label><br \/>\n<span class=\"wpcf7-form-control-wrap\" data-name=\"phone\"><input size=\"40\" maxlength=\"400\" class=\"wpcf7-form-control wpcf7-tel wpcf7-text wpcf7-validates-as-tel\" aria-invalid=\"false\" value=\"\" type=\"tel\" name=\"phone\" \/><\/span>\n\t\t\t<\/p>\n\t\t<\/div>\n\t<\/div>\n<input class=\"wpcf7-form-control wpcf7-hidden\" id=\"campo-nome-prodotto\" value=\"\" type=\"hidden\" name=\"product\" \/>\n\t<div class=\"flex-row medium-flex-wrap single\">\n\t\t<div class=\"flex-col flex-grow\">\n\t\t\t<p><label>Messaggio *<\/label><br \/>\n<span class=\"wpcf7-form-control-wrap\" data-name=\"message\"><textarea cols=\"40\" rows=\"10\" maxlength=\"2000\" class=\"wpcf7-form-control wpcf7-textarea wpcf7-validates-as-required\" aria-required=\"true\" aria-invalid=\"false\" name=\"message\"><\/textarea><\/span>\n\t\t\t<\/p>\n\t\t<\/div>\n\t<\/div>\n\t<div class=\"container-checkbox-privacy\">\n\t\t<p><span class=\"wpcf7-form-control-wrap\" data-name=\"acceptance-privacy\"><span class=\"wpcf7-form-control wpcf7-acceptance\"><span class=\"wpcf7-list-item\"><label><input type=\"checkbox\" name=\"acceptance-privacy\" value=\"1\" aria-invalid=\"false\" \/><span class=\"wpcf7-list-item-label\"><abbr class=\"required\">*<\/abbr> Ho letto e accettato l'<a href=\"\/privacy-policy\/\" target=\"_blank\" title=\"Leggi privacy policy\">informativa sul trattamento dei dati personali<\/a><\/span><\/label><\/span><\/span><\/span>\n\t\t<\/p>\n\t<\/div>\n\t<p><input class=\"wpcf7-form-control wpcf7-submit has-spinner button\" type=\"submit\" value=\"INVIA\" \/>\n\t<\/p>\n<\/div><div class=\"wpcf7-response-output\" aria-hidden=\"true\"><\/div>\n<\/form>\n<\/div>\n\n\n<p>\n","protected":false},"excerpt":{"rendered":"","protected":false},"author":138,"featured_media":5396,"parent":6002,"menu_order":0,"comment_status":"closed","ping_status":"closed","template":"page-blank-title-center.php","meta":{"footnotes":""},"class_list":["post-6455","page","type-page","status-publish","has-post-thumbnail","hentry"],"yoast_head":"<!-- This site is optimized with the Yoast SEO plugin v23.0 - https:\/\/yoast.com\/wordpress\/plugins\/seo\/ -->\n<title>SRL 802 - Fair<\/title>\n<meta name=\"robots\" content=\"index, follow, max-snippet:-1, max-image-preview:large, max-video-preview:-1\" \/>\n<link rel=\"canonical\" href=\"https:\/\/www.fair.it\/prodotti\/fucili-da-tiro\/srl-802\/\" \/>\n<meta property=\"og:locale\" content=\"fr_FR\" \/>\n<meta property=\"og:type\" content=\"article\" \/>\n<meta property=\"og:title\" content=\"SRL 802 - Fair\" \/>\n<meta property=\"og:url\" content=\"https:\/\/www.fair.it\/prodotti\/fucili-da-tiro\/srl-802\/\" \/>\n<meta property=\"og:site_name\" content=\"Fair\" \/>\n<meta property=\"article:publisher\" content=\"https:\/\/www.facebook.com\/fair.italy\" \/>\n<meta property=\"article:modified_time\" content=\"2022-09-26T13:18:24+00:00\" \/>\n<meta property=\"og:image\" content=\"https:\/\/www.fair.it\/wp-content\/uploads\/SRL802.jpg\" \/>\n\t<meta property=\"og:image:width\" content=\"1920\" \/>\n\t<meta property=\"og:image:height\" content=\"1039\" \/>\n\t<meta property=\"og:image:type\" content=\"image\/jpeg\" \/>\n<meta name=\"twitter:card\" content=\"summary_large_image\" \/>\n<meta name=\"twitter:site\" content=\"@FAIRITALY1971\" \/>\n<script type=\"application\/ld+json\" class=\"yoast-schema-graph\">{\"@context\":\"https:\/\/schema.org\",\"@graph\":[{\"@type\":\"WebPage\",\"@id\":\"https:\/\/www.fair.it\/prodotti\/fucili-da-tiro\/srl-802\/\",\"url\":\"https:\/\/www.fair.it\/prodotti\/fucili-da-tiro\/srl-802\/\",\"name\":\"SRL 802 - Fair\",\"isPartOf\":{\"@id\":\"https:\/\/www.fair.it\/#website\"},\"primaryImageOfPage\":{\"@id\":\"https:\/\/www.fair.it\/prodotti\/fucili-da-tiro\/srl-802\/#primaryimage\"},\"image\":{\"@id\":\"https:\/\/www.fair.it\/prodotti\/fucili-da-tiro\/srl-802\/#primaryimage\"},\"thumbnailUrl\":\"https:\/\/www.fair.it\/wp-content\/uploads\/SRL-802.jpg\",\"datePublished\":\"2021-04-02T12:55:44+00:00\",\"dateModified\":\"2022-09-26T13:18:24+00:00\",\"breadcrumb\":{\"@id\":\"https:\/\/www.fair.it\/prodotti\/fucili-da-tiro\/srl-802\/#breadcrumb\"},\"inLanguage\":\"fr-FR\",\"potentialAction\":[{\"@type\":\"ReadAction\",\"target\":[\"https:\/\/www.fair.it\/prodotti\/fucili-da-tiro\/srl-802\/\"]}]},{\"@type\":\"ImageObject\",\"inLanguage\":\"fr-FR\",\"@id\":\"https:\/\/www.fair.it\/prodotti\/fucili-da-tiro\/srl-802\/#primaryimage\",\"url\":\"https:\/\/www.fair.it\/wp-content\/uploads\/SRL-802.jpg\",\"contentUrl\":\"https:\/\/www.fair.it\/wp-content\/uploads\/SRL-802.jpg\",\"width\":700,\"height\":400},{\"@type\":\"BreadcrumbList\",\"@id\":\"https:\/\/www.fair.it\/prodotti\/fucili-da-tiro\/srl-802\/#breadcrumb\",\"itemListElement\":[{\"@type\":\"ListItem\",\"position\":1,\"name\":\"Home\",\"item\":\"https:\/\/www.fair.it\/fr\/\"},{\"@type\":\"ListItem\",\"position\":2,\"name\":\"Produits\",\"item\":\"https:\/\/www.fair.it\/fr\/produits\/\"},{\"@type\":\"ListItem\",\"position\":3,\"name\":\"FUSILS DE TIR\",\"item\":\"https:\/\/www.fair.it\/fr\/produits\/competition-shotguns\/\"},{\"@type\":\"ListItem\",\"position\":4,\"name\":\"SRL 802\"}]},{\"@type\":\"WebSite\",\"@id\":\"https:\/\/www.fair.it\/#website\",\"url\":\"https:\/\/www.fair.it\/\",\"name\":\"Fair\",\"description\":\"\",\"publisher\":{\"@id\":\"https:\/\/www.fair.it\/#organization\"},\"potentialAction\":[{\"@type\":\"SearchAction\",\"target\":{\"@type\":\"EntryPoint\",\"urlTemplate\":\"https:\/\/www.fair.it\/?s={search_term_string}\"},\"query-input\":\"required name=search_term_string\"}],\"inLanguage\":\"fr-FR\"},{\"@type\":\"Organization\",\"@id\":\"https:\/\/www.fair.it\/#organization\",\"name\":\"F.a.i.r. srl\",\"url\":\"https:\/\/www.fair.it\/\",\"logo\":{\"@type\":\"ImageObject\",\"inLanguage\":\"fr-FR\",\"@id\":\"https:\/\/www.fair.it\/#\/schema\/logo\/image\/\",\"url\":\"https:\/\/www.fair.it\/wp-content\/uploads\/LOGO-2-scaled.jpg\",\"contentUrl\":\"https:\/\/www.fair.it\/wp-content\/uploads\/LOGO-2-scaled.jpg\",\"width\":2560,\"height\":1328,\"caption\":\"F.a.i.r. srl\"},\"image\":{\"@id\":\"https:\/\/www.fair.it\/#\/schema\/logo\/image\/\"},\"sameAs\":[\"https:\/\/www.facebook.com\/fair.italy\",\"https:\/\/x.com\/FAIRITALY1971\",\"https:\/\/www.instagram.com\/fairitaly\/\",\"https:\/\/www.pinterest.it\/FAIRITALY\/\",\"https:\/\/www.youtube.com\/channel\/UC2fQOBPNpVoq3RjivV7_KpQ\"]}]}<\/script>\n<!-- \/ Yoast SEO plugin. -->","yoast_head_json":{"title":"SRL 802 - Fair","robots":{"index":"index","follow":"follow","max-snippet":"max-snippet:-1","max-image-preview":"max-image-preview:large","max-video-preview":"max-video-preview:-1"},"canonical":"https:\/\/www.fair.it\/prodotti\/fucili-da-tiro\/srl-802\/","og_locale":"fr_FR","og_type":"article","og_title":"SRL 802 - Fair","og_url":"https:\/\/www.fair.it\/prodotti\/fucili-da-tiro\/srl-802\/","og_site_name":"Fair","article_publisher":"https:\/\/www.facebook.com\/fair.italy","article_modified_time":"2022-09-26T13:18:24+00:00","og_image":[{"width":1920,"height":1039,"url":"https:\/\/www.fair.it\/wp-content\/uploads\/SRL802.jpg","type":"image\/jpeg"}],"twitter_card":"summary_large_image","twitter_site":"@FAIRITALY1971","schema":{"@context":"https:\/\/schema.org","@graph":[{"@type":"WebPage","@id":"https:\/\/www.fair.it\/prodotti\/fucili-da-tiro\/srl-802\/","url":"https:\/\/www.fair.it\/prodotti\/fucili-da-tiro\/srl-802\/","name":"SRL 802 - Fair","isPartOf":{"@id":"https:\/\/www.fair.it\/#website"},"primaryImageOfPage":{"@id":"https:\/\/www.fair.it\/prodotti\/fucili-da-tiro\/srl-802\/#primaryimage"},"image":{"@id":"https:\/\/www.fair.it\/prodotti\/fucili-da-tiro\/srl-802\/#primaryimage"},"thumbnailUrl":"https:\/\/www.fair.it\/wp-content\/uploads\/SRL-802.jpg","datePublished":"2021-04-02T12:55:44+00:00","dateModified":"2022-09-26T13:18:24+00:00","breadcrumb":{"@id":"https:\/\/www.fair.it\/prodotti\/fucili-da-tiro\/srl-802\/#breadcrumb"},"inLanguage":"fr-FR","potentialAction":[{"@type":"ReadAction","target":["https:\/\/www.fair.it\/prodotti\/fucili-da-tiro\/srl-802\/"]}]},{"@type":"ImageObject","inLanguage":"fr-FR","@id":"https:\/\/www.fair.it\/prodotti\/fucili-da-tiro\/srl-802\/#primaryimage","url":"https:\/\/www.fair.it\/wp-content\/uploads\/SRL-802.jpg","contentUrl":"https:\/\/www.fair.it\/wp-content\/uploads\/SRL-802.jpg","width":700,"height":400},{"@type":"BreadcrumbList","@id":"https:\/\/www.fair.it\/prodotti\/fucili-da-tiro\/srl-802\/#breadcrumb","itemListElement":[{"@type":"ListItem","position":1,"name":"Home","item":"https:\/\/www.fair.it\/fr\/"},{"@type":"ListItem","position":2,"name":"Produits","item":"https:\/\/www.fair.it\/fr\/produits\/"},{"@type":"ListItem","position":3,"name":"FUSILS DE TIR","item":"https:\/\/www.fair.it\/fr\/produits\/competition-shotguns\/"},{"@type":"ListItem","position":4,"name":"SRL 802"}]},{"@type":"WebSite","@id":"https:\/\/www.fair.it\/#website","url":"https:\/\/www.fair.it\/","name":"Fair","description":"","publisher":{"@id":"https:\/\/www.fair.it\/#organization"},"potentialAction":[{"@type":"SearchAction","target":{"@type":"EntryPoint","urlTemplate":"https:\/\/www.fair.it\/?s={search_term_string}"},"query-input":"required name=search_term_string"}],"inLanguage":"fr-FR"},{"@type":"Organization","@id":"https:\/\/www.fair.it\/#organization","name":"F.a.i.r. srl","url":"https:\/\/www.fair.it\/","logo":{"@type":"ImageObject","inLanguage":"fr-FR","@id":"https:\/\/www.fair.it\/#\/schema\/logo\/image\/","url":"https:\/\/www.fair.it\/wp-content\/uploads\/LOGO-2-scaled.jpg","contentUrl":"https:\/\/www.fair.it\/wp-content\/uploads\/LOGO-2-scaled.jpg","width":2560,"height":1328,"caption":"F.a.i.r. srl"},"image":{"@id":"https:\/\/www.fair.it\/#\/schema\/logo\/image\/"},"sameAs":["https:\/\/www.facebook.com\/fair.italy","https:\/\/x.com\/FAIRITALY1971","https:\/\/www.instagram.com\/fairitaly\/","https:\/\/www.pinterest.it\/FAIRITALY\/","https:\/\/www.youtube.com\/channel\/UC2fQOBPNpVoq3RjivV7_KpQ"]}]}},"_links":{"self":[{"href":"https:\/\/www.fair.it\/fr\/wp-json\/wp\/v2\/pages\/6455"}],"collection":[{"href":"https:\/\/www.fair.it\/fr\/wp-json\/wp\/v2\/pages"}],"about":[{"href":"https:\/\/www.fair.it\/fr\/wp-json\/wp\/v2\/types\/page"}],"author":[{"embeddable":true,"href":"https:\/\/www.fair.it\/fr\/wp-json\/wp\/v2\/users\/138"}],"replies":[{"embeddable":true,"href":"https:\/\/www.fair.it\/fr\/wp-json\/wp\/v2\/comments?post=6455"}],"version-history":[{"count":3,"href":"https:\/\/www.fair.it\/fr\/wp-json\/wp\/v2\/pages\/6455\/revisions"}],"predecessor-version":[{"id":24118,"href":"https:\/\/www.fair.it\/fr\/wp-json\/wp\/v2\/pages\/6455\/revisions\/24118"}],"up":[{"embeddable":true,"href":"https:\/\/www.fair.it\/fr\/wp-json\/wp\/v2\/pages\/6002"}],"wp:featuredmedia":[{"embeddable":true,"href":"https:\/\/www.fair.it\/fr\/wp-json\/wp\/v2\/media\/5396"}],"wp:attachment":[{"href":"https:\/\/www.fair.it\/fr\/wp-json\/wp\/v2\/media?parent=6455"}],"curies":[{"name":"wp","href":"https:\/\/api.w.org\/{rel}","templated":true}]}}