{"id":6446,"date":"2021-04-02T14:42:05","date_gmt":"2021-04-02T12:42:05","guid":{"rendered":"https:\/\/fair.sviluppo.host\/?page_id=6446"},"modified":"2022-09-26T15:13:19","modified_gmt":"2022-09-26T13:13:19","slug":"master","status":"publish","type":"page","link":"https:\/\/www.fair.it\/fr\/produits\/competition-shotguns\/master\/","title":{"rendered":"MASTER"},"content":{"rendered":"\n\t<div id=\"text-1421582485\" class=\"text sottotitolo-prodotto\">\n\t\t\n\n100% ITALIAN MADE\n\t\t\n<style>\n#text-1421582485 {\n  text-align: center;\n}\n<\/style>\n\t<\/div>\n\t\n<div class=\"row align-middle\"  id=\"row-1565725215\">\n\n\n\t<div id=\"col-1090982248\" class=\"col small-12 large-12\"  >\n\t\t\t\t<div class=\"col-inner\"  >\n\t\t\t\n\t\t\t\n\n\t<div class=\"img has-hover zoooom x md-x lg-x y md-y lg-y\" id=\"image_2009266653\">\n\t\t\t\t\t\t\t\t<div class=\"img-inner dark\" >\n\t\t\t<img loading=\"lazy\" decoding=\"async\" width=\"1020\" height=\"560\" src=\"https:\/\/www.fair.it\/wp-content\/uploads\/MASTER-1-1400x769.jpg\" class=\"attachment-large size-large\" alt=\"\" srcset=\"https:\/\/www.fair.it\/wp-content\/uploads\/MASTER-1-1400x769.jpg 1400w, https:\/\/www.fair.it\/wp-content\/uploads\/MASTER-1-510x280.jpg 510w, https:\/\/www.fair.it\/wp-content\/uploads\/MASTER-1-729x400.jpg 729w, https:\/\/www.fair.it\/wp-content\/uploads\/MASTER-1-768x422.jpg 768w, https:\/\/www.fair.it\/wp-content\/uploads\/MASTER-1-1536x843.jpg 1536w, https:\/\/www.fair.it\/wp-content\/uploads\/MASTER-1.jpg 1920w\" sizes=\"(max-width: 1020px) 100vw, 1020px\" \/>\t\t\t\t\t\t\n\t\t\t\t\t<\/div>\n\t\t\t\t\t\t\t\t\n<style>\n#image_2009266653 {\n  width: 100%;\n}\n<\/style>\n\t<\/div>\n\t\n\n\n\t\t<\/div>\n\t\t\t\t\t<\/div>\n\n\t\n\n<\/div>\n<div class=\"row\"  id=\"row-1907230589\">\n\n\n\t<div id=\"col-779324893\" class=\"col small-12 large-12\"  >\n\t\t\t\t<div class=\"col-inner\"  >\n\t\t\t\n\t\t\t\n\n<a href=\"https:\/\/www.fair.it\/fr\/technologie\/\" class=\"button primary\"  >\n\t\t<span>Technologie<\/span>\n\t<\/a>\n\n\n<a href=\"#informazioni\" class=\"button primary\"  >\n\t\t<span>demander<\/span>\n\t<\/a>\n\n\n\n\t\t<\/div>\n\t\t\t\t\t<\/div>\n\n\t\n\n<\/div>\n<p>Les exigences particuli\u00e8res des diff\u00e9rentes disciplines de tir trouvent une r\u00e9ponse efficace dans ce mod\u00e8le F.A.I.R.\u00ae. <\/p> <p>Disponibles en trois configurations (Trap, Skeet et Sporting) et avec bascules en calibre 12 et 20, les mod\u00e8les MASTER sont \u00e9quip\u00e9s de crosse ergonomique en noyer s\u00e9lectionn\u00e9e avec finition matte, mono d\u00e9tente brunie et \u00e9jecteurs \u00e0 longue course. Comme pour tous les fusils F.A.I.R.\u00ae, les tourillons sont interchangeables et pour ces mod\u00e8les, bomb\u00e9s; \u00e0 cela s\u2019ajoutent les devants en noyer ergonomiques pour une prise excellente, les coussinets anti-recul en caoutchouc et le guidon en fibre optique. <\/p> <p>Ces fusils sont livr\u00e9s avec une mallette mod\u00e8le V500SP et, pour les mod\u00e8les Sporting, avec 5 chokes interchangeables de 70mm (2 3\u20444\u201d) type TECHNICHOKE\u00ae SPORTING XP70. Les chambres sont de 70 mm (2 3\u20444\u201d) pour les versions Master Trap et Master Skeet et de 76 mm (3\u201d) pour la version Master Sporting.<\/p>\n<p><img decoding=\"async\" src=\"\/wp-content\/uploads\/sovrapposti-ico.png\" width=\"30px\"> <img decoding=\"async\" src=\"\/wp-content\/uploads\/tech-ico.png\" width=\"50px\"> <\/p>\n\t<div id=\"gap-1775086204\" class=\"gap-element clearfix\" style=\"display:block; height:auto;\">\n\t\t\n<style>\n#gap-1775086204 {\n  padding-top: 20px;\n}\n<\/style>\n\t<\/div>\n\t\n\n<div class=\"scrolla-tabella\">\n<table width=\"100%\" border=\"0\" cellspacing=\"0\" cellpadding=\"0\" class=\"nuovatabella\">\n<tbody>\n<tr class=\"titoli-nt\">\n<td width=\"17%\" style=\"text-align:left;\">Mod\u00e8lel<\/td>\n<td width=\"8%\">calibre<\/td>\n<td width=\"10%\">Chamber <br \/>mm\/inch<\/td>\n<td width=\"14%\">canons<br \/>cm\/inch<\/td>\n<td width=\"9%\">chokes<\/td>\n<td width=\"9%\">Syst\u00e8me<\/td>\n<td width=\"11%\">crosse<br \/>mm\/inch<\/td>\n<td width=\"13%\">poids kg. Approx.<\/td>\n<td width=\"8%\">emballage<\/td>\n<\/tr>\n<tr class=\"riga-nt \">\n<td style=\"text-align:left;\"><strong>MASTER TRAP<\/strong><\/td>\n<td><strong>12<br \/>20<\/strong><\/td>\n<td>70\/2 3\/4&Prime;<\/td>\n<td><strong>76\/30\u201d<\/strong><\/td>\n<td>IM\/F<\/td>\n<td>EJ-MF*<\/td>\n<td>370\/14,60\u201d<\/td>\n<td>3,500\/12<br \/>3,300\/20<\/td>\n<td>V500SP<\/td>\n<\/tr>\n<tr class=\"riga-nt scura-nt\">\n<td style=\"text-align:left;\"><strong>MASTER SKEET<\/strong><\/td>\n<td><strong>12<br \/>20<\/strong><\/td>\n<td>70\/2 3\/4&Prime;<\/td>\n<td>66\/26\u201d-<br \/><strong>71\/28\u201d<\/strong><\/td>\n<td>CL\/CL<\/td>\n<td>EJ-MF*<\/td>\n<td>368\/14,50\u201d<\/td>\n<td>3,400\/12<br \/>3,200\/20<\/td>\n<td>V500SP<\/td>\n<\/tr>\n<tr class=\"riga-nt\">\n<td style=\"background: url(\/wp-content\/uploads\/tech-tab-grigio.png) no-repeat 95% center; text-align:left;\"><strong>MASTER SPORTING<\/strong><\/td>\n<td><strong>12<br \/>20<\/strong><\/td>\n<td>76\/3\u201d<\/td>\n<td><strong>71\/28\u201d<\/strong><br \/>76\/30\u201d<br \/>81\/32&Prime;<\/td>\n<td>TC XP70 5<\/td>\n<td>EJ-MF*<\/td>\n<td>368\/14,50\u201d<\/td>\n<td>3,500\/12<br \/>3,300\/20<\/td>\n<td>V500SP<\/td>\n<\/tr>\n<\/tbody>\n<\/table>\n<\/div>\n<p>MS = single selective trigger<br \/>EJ = automatic ejector<br \/>MF = single trigger<br>* optional on demand adjustable single trigger<\/p>\n\t<div id=\"gap-1513011386\" class=\"gap-element clearfix\" style=\"display:block; height:auto;\">\n\t\t\n<style>\n#gap-1513011386 {\n  padding-top: 20px;\n}\n<\/style>\n\t<\/div>\n\t\n\n\t<div id=\"text-1977120429\" class=\"text\">\n\t\t\n\n<h3>Gallery<\/h3>\n\t\t\n<style>\n#text-1977120429 {\n  color: #004586;\n}\n#text-1977120429 > * {\n  color: #004586;\n}\n<\/style>\n\t<\/div>\n\t\n\n  \n    <div class=\"row large-columns-4 medium-columns-3 small-columns-2 slider row-slider slider-nav-simple slider-nav-outside slider-nav-push\"  data-flickity-options='{&quot;imagesLoaded&quot;: true, &quot;groupCells&quot;: &quot;100%&quot;, &quot;dragThreshold&quot; : 5, &quot;cellAlign&quot;: &quot;left&quot;,&quot;wrapAround&quot;: true,&quot;prevNextButtons&quot;: true,&quot;percentPosition&quot;: true,&quot;pageDots&quot;: true, &quot;rightToLeft&quot;: false, &quot;autoPlay&quot; : 5000}' >\n\n  <div class=\"gallery-col col\" >\n          <div class=\"col-inner\">\n            <a class=\"image-lightbox lightbox-gallery\" href=\"https:\/\/www.fair.it\/wp-content\/uploads\/V-500-SP-V-502-SP-.jpg\" title=\"\">            <div class=\"box has-hover gallery-box box-normal\">\n              <div class=\"box-image\" >\n                <img loading=\"lazy\" decoding=\"async\" width=\"581\" height=\"400\" src=\"https:\/\/www.fair.it\/wp-content\/uploads\/V-500-SP-V-502-SP--581x400.jpg\" class=\"attachment-medium size-medium\" alt=\"\" ids=\"5598,5594,5590,5586,5603\" style=\"normal\" type=\"slider\" slider_nav_style=\"simple\" slider_nav_position=\"outside\" slider_bullets=\"true\" auto_slide=\"5000\" srcset=\"https:\/\/www.fair.it\/wp-content\/uploads\/V-500-SP-V-502-SP--581x400.jpg 581w, https:\/\/www.fair.it\/wp-content\/uploads\/V-500-SP-V-502-SP--510x351.jpg 510w, https:\/\/www.fair.it\/wp-content\/uploads\/V-500-SP-V-502-SP-.jpg 715w\" sizes=\"(max-width: 581px) 100vw, 581px\" \/>                                                              <\/div>\n              <div class=\"box-text text-left\" >\n                 <p><\/p>\n              <\/div>\n            <\/div>\n            <\/a>          <\/div>\n         <\/div><div class=\"gallery-col col\" >\n          <div class=\"col-inner\">\n            <a class=\"image-lightbox lightbox-gallery\" href=\"https:\/\/www.fair.it\/wp-content\/uploads\/master_box1_m.jpg\" title=\"\">            <div class=\"box has-hover gallery-box box-normal\">\n              <div class=\"box-image\" >\n                <img loading=\"lazy\" decoding=\"async\" width=\"581\" height=\"400\" src=\"https:\/\/www.fair.it\/wp-content\/uploads\/master_box1_m-581x400.jpg\" class=\"attachment-medium size-medium\" alt=\"\" ids=\"5598,5594,5590,5586,5603\" style=\"normal\" type=\"slider\" slider_nav_style=\"simple\" slider_nav_position=\"outside\" slider_bullets=\"true\" auto_slide=\"5000\" srcset=\"https:\/\/www.fair.it\/wp-content\/uploads\/master_box1_m-581x400.jpg 581w, https:\/\/www.fair.it\/wp-content\/uploads\/master_box1_m-510x351.jpg 510w, https:\/\/www.fair.it\/wp-content\/uploads\/master_box1_m.jpg 715w\" sizes=\"(max-width: 581px) 100vw, 581px\" \/>                                                              <\/div>\n              <div class=\"box-text text-left\" >\n                 <p><\/p>\n              <\/div>\n            <\/div>\n            <\/a>          <\/div>\n         <\/div><div class=\"gallery-col col\" >\n          <div class=\"col-inner\">\n            <a class=\"image-lightbox lightbox-gallery\" href=\"https:\/\/www.fair.it\/wp-content\/uploads\/master_box2_m.jpg\" title=\"\">            <div class=\"box has-hover gallery-box box-normal\">\n              <div class=\"box-image\" >\n                <img loading=\"lazy\" decoding=\"async\" width=\"581\" height=\"400\" src=\"https:\/\/www.fair.it\/wp-content\/uploads\/master_box2_m-581x400.jpg\" class=\"attachment-medium size-medium\" alt=\"\" ids=\"5598,5594,5590,5586,5603\" style=\"normal\" type=\"slider\" slider_nav_style=\"simple\" slider_nav_position=\"outside\" slider_bullets=\"true\" auto_slide=\"5000\" srcset=\"https:\/\/www.fair.it\/wp-content\/uploads\/master_box2_m-581x400.jpg 581w, https:\/\/www.fair.it\/wp-content\/uploads\/master_box2_m-510x351.jpg 510w, https:\/\/www.fair.it\/wp-content\/uploads\/master_box2_m.jpg 715w\" sizes=\"(max-width: 581px) 100vw, 581px\" \/>                                                              <\/div>\n              <div class=\"box-text text-left\" >\n                 <p><\/p>\n              <\/div>\n            <\/div>\n            <\/a>          <\/div>\n         <\/div><div class=\"gallery-col col\" >\n          <div class=\"col-inner\">\n            <a class=\"image-lightbox lightbox-gallery\" href=\"https:\/\/www.fair.it\/wp-content\/uploads\/masterdeluxe_box2_m.jpg\" title=\"\">            <div class=\"box has-hover gallery-box box-normal\">\n              <div class=\"box-image\" >\n                <img loading=\"lazy\" decoding=\"async\" width=\"581\" height=\"400\" src=\"https:\/\/www.fair.it\/wp-content\/uploads\/masterdeluxe_box2_m-581x400.jpg\" class=\"attachment-medium size-medium\" alt=\"\" ids=\"5598,5594,5590,5586,5603\" style=\"normal\" type=\"slider\" slider_nav_style=\"simple\" slider_nav_position=\"outside\" slider_bullets=\"true\" auto_slide=\"5000\" srcset=\"https:\/\/www.fair.it\/wp-content\/uploads\/masterdeluxe_box2_m-581x400.jpg 581w, https:\/\/www.fair.it\/wp-content\/uploads\/masterdeluxe_box2_m-510x351.jpg 510w, https:\/\/www.fair.it\/wp-content\/uploads\/masterdeluxe_box2_m.jpg 715w\" sizes=\"(max-width: 581px) 100vw, 581px\" \/>                                                              <\/div>\n              <div class=\"box-text text-left\" >\n                 <p><\/p>\n              <\/div>\n            <\/div>\n            <\/a>          <\/div>\n         <\/div><div class=\"gallery-col col\" >\n          <div class=\"col-inner\">\n            <a class=\"image-lightbox lightbox-gallery\" href=\"https:\/\/www.fair.it\/wp-content\/uploads\/master_box3_m.jpg\" title=\"\">            <div class=\"box has-hover gallery-box box-normal\">\n              <div class=\"box-image\" >\n                <img loading=\"lazy\" decoding=\"async\" width=\"581\" height=\"400\" src=\"https:\/\/www.fair.it\/wp-content\/uploads\/master_box3_m-581x400.jpg\" class=\"attachment-medium size-medium\" alt=\"\" ids=\"5598,5594,5590,5586,5603\" style=\"normal\" type=\"slider\" slider_nav_style=\"simple\" slider_nav_position=\"outside\" slider_bullets=\"true\" auto_slide=\"5000\" srcset=\"https:\/\/www.fair.it\/wp-content\/uploads\/master_box3_m-581x400.jpg 581w, https:\/\/www.fair.it\/wp-content\/uploads\/master_box3_m-510x351.jpg 510w, https:\/\/www.fair.it\/wp-content\/uploads\/master_box3_m.jpg 715w\" sizes=\"(max-width: 581px) 100vw, 581px\" \/>                                                              <\/div>\n              <div class=\"box-text text-left\" >\n                 <p><\/p>\n              <\/div>\n            <\/div>\n            <\/a>          <\/div>\n         <\/div><\/div>\n\n\t<div id=\"gap-2091019504\" class=\"gap-element clearfix\" style=\"display:block; height:auto;\">\n\t\t\n<style>\n#gap-2091019504 {\n  padding-top: 20px;\n}\n<\/style>\n\t<\/div>\n\t\n\n\t<div id=\"text-3908604020\" class=\"text\">\n\t\t\n\n<h3>Demander<\/h3>\n\t\t\n<style>\n#text-3908604020 {\n  color: #004586;\n}\n#text-3908604020 > * {\n  color: #004586;\n}\n<\/style>\n\t<\/div>\n\t\n<span class=\"scroll-to\" data-label=\"Scroll to: #informazioni\" data-bullet=\"false\" data-link=\"#informazioni\" data-title=\"informazioni\" ><a name=\"informazioni\"><\/a><\/span>\n\n\n<div class=\"wpcf7 no-js\" id=\"wpcf7-f5160-o1\" lang=\"it-IT\" dir=\"ltr\">\n<div class=\"screen-reader-response\"><p role=\"status\" aria-live=\"polite\" aria-atomic=\"true\"><\/p> <ul><\/ul><\/div>\n<form action=\"\/fr\/wp-json\/wp\/v2\/pages\/6446#wpcf7-f5160-o1\" method=\"post\" class=\"wpcf7-form init\" aria-label=\"Modulo di contatto\" novalidate=\"novalidate\" data-status=\"init\">\n<div style=\"display: none;\">\n<input type=\"hidden\" name=\"_wpcf7\" value=\"5160\" \/>\n<input type=\"hidden\" name=\"_wpcf7_version\" value=\"5.9.7\" \/>\n<input type=\"hidden\" name=\"_wpcf7_locale\" value=\"it_IT\" \/>\n<input type=\"hidden\" name=\"_wpcf7_unit_tag\" value=\"wpcf7-f5160-o1\" \/>\n<input type=\"hidden\" name=\"_wpcf7_container_post\" value=\"0\" \/>\n<input type=\"hidden\" name=\"_wpcf7_posted_data_hash\" value=\"\" \/>\n<input type=\"hidden\" name=\"_wpcf7cf_hidden_group_fields\" value=\"[]\" \/>\n<input type=\"hidden\" name=\"_wpcf7cf_hidden_groups\" value=\"[]\" \/>\n<input type=\"hidden\" name=\"_wpcf7cf_visible_groups\" value=\"[]\" \/>\n<input type=\"hidden\" name=\"_wpcf7cf_repeaters\" value=\"[]\" \/>\n<input type=\"hidden\" name=\"_wpcf7cf_steps\" value=\"{}\" \/>\n<input type=\"hidden\" name=\"_wpcf7cf_options\" value=\"{&quot;form_id&quot;:5160,&quot;conditions&quot;:[],&quot;settings&quot;:{&quot;animation&quot;:&quot;yes&quot;,&quot;animation_intime&quot;:200,&quot;animation_outtime&quot;:200,&quot;conditions_ui&quot;:&quot;normal&quot;,&quot;notice_dismissed&quot;:false,&quot;notice_dismissed_rollback-cf7-5.5.6&quot;:true,&quot;notice_dismissed_update-cf7-5.9.7&quot;:true}}\" \/>\n<input type=\"hidden\" name=\"_wpcf7_recaptcha_response\" value=\"\" \/>\n<\/div>\n<div id=\"form-richiesta-info-prodotto\">\n\t<div class=\"flex-row medium-flex-wrap\">\n\t\t<div class=\"flex-col flex-grow\">\n\t\t\t<p><label>Nome *<\/label><br \/>\n<span class=\"wpcf7-form-control-wrap\" data-name=\"full-name\"><input size=\"40\" maxlength=\"400\" class=\"wpcf7-form-control wpcf7-text wpcf7-validates-as-required\" aria-required=\"true\" aria-invalid=\"false\" value=\"\" type=\"text\" name=\"full-name\" \/><\/span>\n\t\t\t<\/p>\n\t\t<\/div>\n\t\t<div class=\"flex-col flex-grow\">\n\t\t\t<p><label>Email *<\/label><br \/>\n<span class=\"wpcf7-form-control-wrap\" data-name=\"email\"><input size=\"40\" maxlength=\"400\" class=\"wpcf7-form-control wpcf7-email wpcf7-validates-as-required wpcf7-text wpcf7-validates-as-email\" aria-required=\"true\" aria-invalid=\"false\" value=\"\" type=\"email\" name=\"email\" \/><\/span>\n\t\t\t<\/p>\n\t\t<\/div>\n\t\t<div class=\"flex-col flex-grow\">\n\t\t\t<p><label>Telefono <\/label><br \/>\n<span class=\"wpcf7-form-control-wrap\" data-name=\"phone\"><input size=\"40\" maxlength=\"400\" class=\"wpcf7-form-control wpcf7-tel wpcf7-text wpcf7-validates-as-tel\" aria-invalid=\"false\" value=\"\" type=\"tel\" name=\"phone\" \/><\/span>\n\t\t\t<\/p>\n\t\t<\/div>\n\t<\/div>\n<input class=\"wpcf7-form-control wpcf7-hidden\" id=\"campo-nome-prodotto\" value=\"\" type=\"hidden\" name=\"product\" \/>\n\t<div class=\"flex-row medium-flex-wrap single\">\n\t\t<div class=\"flex-col flex-grow\">\n\t\t\t<p><label>Messaggio *<\/label><br \/>\n<span class=\"wpcf7-form-control-wrap\" data-name=\"message\"><textarea cols=\"40\" rows=\"10\" maxlength=\"2000\" class=\"wpcf7-form-control wpcf7-textarea wpcf7-validates-as-required\" aria-required=\"true\" aria-invalid=\"false\" name=\"message\"><\/textarea><\/span>\n\t\t\t<\/p>\n\t\t<\/div>\n\t<\/div>\n\t<div class=\"container-checkbox-privacy\">\n\t\t<p><span class=\"wpcf7-form-control-wrap\" data-name=\"acceptance-privacy\"><span class=\"wpcf7-form-control wpcf7-acceptance\"><span class=\"wpcf7-list-item\"><label><input type=\"checkbox\" name=\"acceptance-privacy\" value=\"1\" aria-invalid=\"false\" \/><span class=\"wpcf7-list-item-label\"><abbr class=\"required\">*<\/abbr> Ho letto e accettato l'<a href=\"\/privacy-policy\/\" target=\"_blank\" title=\"Leggi privacy policy\">informativa sul trattamento dei dati personali<\/a><\/span><\/label><\/span><\/span><\/span>\n\t\t<\/p>\n\t<\/div>\n\t<p><input class=\"wpcf7-form-control wpcf7-submit has-spinner button\" type=\"submit\" value=\"INVIA\" \/>\n\t<\/p>\n<\/div><div class=\"wpcf7-response-output\" aria-hidden=\"true\"><\/div>\n<\/form>\n<\/div>\n\n\n<p>\n","protected":false},"excerpt":{"rendered":"","protected":false},"author":138,"featured_media":5392,"parent":6002,"menu_order":0,"comment_status":"closed","ping_status":"closed","template":"page-blank-title-center.php","meta":{"footnotes":""},"class_list":["post-6446","page","type-page","status-publish","has-post-thumbnail","hentry"],"yoast_head":"<!-- This site is optimized with the Yoast SEO plugin v23.0 - https:\/\/yoast.com\/wordpress\/plugins\/seo\/ -->\n<title>MASTER - Fair<\/title>\n<meta name=\"robots\" content=\"index, follow, max-snippet:-1, max-image-preview:large, max-video-preview:-1\" \/>\n<link rel=\"canonical\" href=\"https:\/\/www.fair.it\/fr\/produits\/competition-shotguns\/master\/\" \/>\n<meta property=\"og:locale\" content=\"fr_FR\" \/>\n<meta property=\"og:type\" content=\"article\" \/>\n<meta property=\"og:title\" content=\"MASTER - Fair\" \/>\n<meta property=\"og:url\" content=\"https:\/\/www.fair.it\/fr\/produits\/competition-shotguns\/master\/\" \/>\n<meta property=\"og:site_name\" content=\"Fair\" \/>\n<meta property=\"article:publisher\" content=\"https:\/\/www.facebook.com\/fair.italy\" \/>\n<meta property=\"article:modified_time\" content=\"2022-09-26T13:13:19+00:00\" \/>\n<meta property=\"og:image\" content=\"https:\/\/www.fair.it\/wp-content\/uploads\/MASTER.jpg\" \/>\n\t<meta property=\"og:image:width\" content=\"700\" \/>\n\t<meta property=\"og:image:height\" content=\"400\" \/>\n\t<meta property=\"og:image:type\" content=\"image\/jpeg\" \/>\n<meta name=\"twitter:card\" content=\"summary_large_image\" \/>\n<meta name=\"twitter:site\" content=\"@FAIRITALY1971\" \/>\n<script type=\"application\/ld+json\" class=\"yoast-schema-graph\">{\"@context\":\"https:\/\/schema.org\",\"@graph\":[{\"@type\":\"WebPage\",\"@id\":\"https:\/\/www.fair.it\/fr\/produits\/competition-shotguns\/master\/\",\"url\":\"https:\/\/www.fair.it\/fr\/produits\/competition-shotguns\/master\/\",\"name\":\"MASTER - Fair\",\"isPartOf\":{\"@id\":\"https:\/\/www.fair.it\/#website\"},\"primaryImageOfPage\":{\"@id\":\"https:\/\/www.fair.it\/fr\/produits\/competition-shotguns\/master\/#primaryimage\"},\"image\":{\"@id\":\"https:\/\/www.fair.it\/fr\/produits\/competition-shotguns\/master\/#primaryimage\"},\"thumbnailUrl\":\"https:\/\/www.fair.it\/wp-content\/uploads\/MASTER.jpg\",\"datePublished\":\"2021-04-02T12:42:05+00:00\",\"dateModified\":\"2022-09-26T13:13:19+00:00\",\"breadcrumb\":{\"@id\":\"https:\/\/www.fair.it\/fr\/produits\/competition-shotguns\/master\/#breadcrumb\"},\"inLanguage\":\"fr-FR\",\"potentialAction\":[{\"@type\":\"ReadAction\",\"target\":[\"https:\/\/www.fair.it\/fr\/produits\/competition-shotguns\/master\/\"]}]},{\"@type\":\"ImageObject\",\"inLanguage\":\"fr-FR\",\"@id\":\"https:\/\/www.fair.it\/fr\/produits\/competition-shotguns\/master\/#primaryimage\",\"url\":\"https:\/\/www.fair.it\/wp-content\/uploads\/MASTER.jpg\",\"contentUrl\":\"https:\/\/www.fair.it\/wp-content\/uploads\/MASTER.jpg\",\"width\":700,\"height\":400},{\"@type\":\"BreadcrumbList\",\"@id\":\"https:\/\/www.fair.it\/fr\/produits\/competition-shotguns\/master\/#breadcrumb\",\"itemListElement\":[{\"@type\":\"ListItem\",\"position\":1,\"name\":\"Home\",\"item\":\"https:\/\/www.fair.it\/fr\/\"},{\"@type\":\"ListItem\",\"position\":2,\"name\":\"Produits\",\"item\":\"https:\/\/www.fair.it\/fr\/produits\/\"},{\"@type\":\"ListItem\",\"position\":3,\"name\":\"FUSILS DE TIR\",\"item\":\"https:\/\/www.fair.it\/fr\/produits\/competition-shotguns\/\"},{\"@type\":\"ListItem\",\"position\":4,\"name\":\"MASTER\"}]},{\"@type\":\"WebSite\",\"@id\":\"https:\/\/www.fair.it\/#website\",\"url\":\"https:\/\/www.fair.it\/\",\"name\":\"Fair\",\"description\":\"\",\"publisher\":{\"@id\":\"https:\/\/www.fair.it\/#organization\"},\"potentialAction\":[{\"@type\":\"SearchAction\",\"target\":{\"@type\":\"EntryPoint\",\"urlTemplate\":\"https:\/\/www.fair.it\/?s={search_term_string}\"},\"query-input\":\"required name=search_term_string\"}],\"inLanguage\":\"fr-FR\"},{\"@type\":\"Organization\",\"@id\":\"https:\/\/www.fair.it\/#organization\",\"name\":\"F.a.i.r. srl\",\"url\":\"https:\/\/www.fair.it\/\",\"logo\":{\"@type\":\"ImageObject\",\"inLanguage\":\"fr-FR\",\"@id\":\"https:\/\/www.fair.it\/#\/schema\/logo\/image\/\",\"url\":\"https:\/\/www.fair.it\/wp-content\/uploads\/LOGO-2-scaled.jpg\",\"contentUrl\":\"https:\/\/www.fair.it\/wp-content\/uploads\/LOGO-2-scaled.jpg\",\"width\":2560,\"height\":1328,\"caption\":\"F.a.i.r. srl\"},\"image\":{\"@id\":\"https:\/\/www.fair.it\/#\/schema\/logo\/image\/\"},\"sameAs\":[\"https:\/\/www.facebook.com\/fair.italy\",\"https:\/\/x.com\/FAIRITALY1971\",\"https:\/\/www.instagram.com\/fairitaly\/\",\"https:\/\/www.pinterest.it\/FAIRITALY\/\",\"https:\/\/www.youtube.com\/channel\/UC2fQOBPNpVoq3RjivV7_KpQ\"]}]}<\/script>\n<!-- \/ Yoast SEO plugin. -->","yoast_head_json":{"title":"MASTER - Fair","robots":{"index":"index","follow":"follow","max-snippet":"max-snippet:-1","max-image-preview":"max-image-preview:large","max-video-preview":"max-video-preview:-1"},"canonical":"https:\/\/www.fair.it\/fr\/produits\/competition-shotguns\/master\/","og_locale":"fr_FR","og_type":"article","og_title":"MASTER - Fair","og_url":"https:\/\/www.fair.it\/fr\/produits\/competition-shotguns\/master\/","og_site_name":"Fair","article_publisher":"https:\/\/www.facebook.com\/fair.italy","article_modified_time":"2022-09-26T13:13:19+00:00","og_image":[{"width":700,"height":400,"url":"https:\/\/www.fair.it\/wp-content\/uploads\/MASTER.jpg","type":"image\/jpeg"}],"twitter_card":"summary_large_image","twitter_site":"@FAIRITALY1971","schema":{"@context":"https:\/\/schema.org","@graph":[{"@type":"WebPage","@id":"https:\/\/www.fair.it\/fr\/produits\/competition-shotguns\/master\/","url":"https:\/\/www.fair.it\/fr\/produits\/competition-shotguns\/master\/","name":"MASTER - Fair","isPartOf":{"@id":"https:\/\/www.fair.it\/#website"},"primaryImageOfPage":{"@id":"https:\/\/www.fair.it\/fr\/produits\/competition-shotguns\/master\/#primaryimage"},"image":{"@id":"https:\/\/www.fair.it\/fr\/produits\/competition-shotguns\/master\/#primaryimage"},"thumbnailUrl":"https:\/\/www.fair.it\/wp-content\/uploads\/MASTER.jpg","datePublished":"2021-04-02T12:42:05+00:00","dateModified":"2022-09-26T13:13:19+00:00","breadcrumb":{"@id":"https:\/\/www.fair.it\/fr\/produits\/competition-shotguns\/master\/#breadcrumb"},"inLanguage":"fr-FR","potentialAction":[{"@type":"ReadAction","target":["https:\/\/www.fair.it\/fr\/produits\/competition-shotguns\/master\/"]}]},{"@type":"ImageObject","inLanguage":"fr-FR","@id":"https:\/\/www.fair.it\/fr\/produits\/competition-shotguns\/master\/#primaryimage","url":"https:\/\/www.fair.it\/wp-content\/uploads\/MASTER.jpg","contentUrl":"https:\/\/www.fair.it\/wp-content\/uploads\/MASTER.jpg","width":700,"height":400},{"@type":"BreadcrumbList","@id":"https:\/\/www.fair.it\/fr\/produits\/competition-shotguns\/master\/#breadcrumb","itemListElement":[{"@type":"ListItem","position":1,"name":"Home","item":"https:\/\/www.fair.it\/fr\/"},{"@type":"ListItem","position":2,"name":"Produits","item":"https:\/\/www.fair.it\/fr\/produits\/"},{"@type":"ListItem","position":3,"name":"FUSILS DE TIR","item":"https:\/\/www.fair.it\/fr\/produits\/competition-shotguns\/"},{"@type":"ListItem","position":4,"name":"MASTER"}]},{"@type":"WebSite","@id":"https:\/\/www.fair.it\/#website","url":"https:\/\/www.fair.it\/","name":"Fair","description":"","publisher":{"@id":"https:\/\/www.fair.it\/#organization"},"potentialAction":[{"@type":"SearchAction","target":{"@type":"EntryPoint","urlTemplate":"https:\/\/www.fair.it\/?s={search_term_string}"},"query-input":"required name=search_term_string"}],"inLanguage":"fr-FR"},{"@type":"Organization","@id":"https:\/\/www.fair.it\/#organization","name":"F.a.i.r. srl","url":"https:\/\/www.fair.it\/","logo":{"@type":"ImageObject","inLanguage":"fr-FR","@id":"https:\/\/www.fair.it\/#\/schema\/logo\/image\/","url":"https:\/\/www.fair.it\/wp-content\/uploads\/LOGO-2-scaled.jpg","contentUrl":"https:\/\/www.fair.it\/wp-content\/uploads\/LOGO-2-scaled.jpg","width":2560,"height":1328,"caption":"F.a.i.r. srl"},"image":{"@id":"https:\/\/www.fair.it\/#\/schema\/logo\/image\/"},"sameAs":["https:\/\/www.facebook.com\/fair.italy","https:\/\/x.com\/FAIRITALY1971","https:\/\/www.instagram.com\/fairitaly\/","https:\/\/www.pinterest.it\/FAIRITALY\/","https:\/\/www.youtube.com\/channel\/UC2fQOBPNpVoq3RjivV7_KpQ"]}]}},"_links":{"self":[{"href":"https:\/\/www.fair.it\/fr\/wp-json\/wp\/v2\/pages\/6446"}],"collection":[{"href":"https:\/\/www.fair.it\/fr\/wp-json\/wp\/v2\/pages"}],"about":[{"href":"https:\/\/www.fair.it\/fr\/wp-json\/wp\/v2\/types\/page"}],"author":[{"embeddable":true,"href":"https:\/\/www.fair.it\/fr\/wp-json\/wp\/v2\/users\/138"}],"replies":[{"embeddable":true,"href":"https:\/\/www.fair.it\/fr\/wp-json\/wp\/v2\/comments?post=6446"}],"version-history":[{"count":3,"href":"https:\/\/www.fair.it\/fr\/wp-json\/wp\/v2\/pages\/6446\/revisions"}],"predecessor-version":[{"id":24112,"href":"https:\/\/www.fair.it\/fr\/wp-json\/wp\/v2\/pages\/6446\/revisions\/24112"}],"up":[{"embeddable":true,"href":"https:\/\/www.fair.it\/fr\/wp-json\/wp\/v2\/pages\/6002"}],"wp:featuredmedia":[{"embeddable":true,"href":"https:\/\/www.fair.it\/fr\/wp-json\/wp\/v2\/media\/5392"}],"wp:attachment":[{"href":"https:\/\/www.fair.it\/fr\/wp-json\/wp\/v2\/media?parent=6446"}],"curies":[{"name":"wp","href":"https:\/\/api.w.org\/{rel}","templated":true}]}}