{"id":6343,"date":"2021-04-02T12:27:53","date_gmt":"2021-04-02T10:27:53","guid":{"rendered":"https:\/\/fair.sviluppo.host\/?page_id=6343"},"modified":"2022-12-20T15:50:11","modified_gmt":"2022-12-20T14:50:11","slug":"newsletter","status":"publish","type":"page","link":"https:\/\/www.fair.it\/fr\/newsletter\/","title":{"rendered":"Newsletter"},"content":{"rendered":"\n\n\t<section class=\"section dark\" id=\"section_1596145469\">\n\t\t<div class=\"section-bg fill\" >\n\t\t\t<img loading=\"lazy\" decoding=\"async\" width=\"1920\" height=\"1280\" src=\"https:\/\/www.fair.it\/wp-content\/uploads\/sfondo-legno.jpg\" class=\"bg attachment- size-\" alt=\"\" \/>\t\t\t\t\t\t\n\t\t\t\n\n\t\t<\/div>\n\n\t\t\n\n\t\t<div class=\"section-content relative\">\n\t\t\t\n\n\n\t\t<\/div>\n\n\t\t\n<style>\n#section_1596145469 {\n  padding-top: 0px;\n  padding-bottom: 0px;\n  min-height: 170px;\n}\n@media (min-width:550px) {\n  #section_1596145469 {\n    padding-top: 30px;\n    padding-bottom: 30px;\n    min-height: 170px;\n  }\n}\n<\/style>\n\t<\/section>\n\t\n\n\t<section class=\"section\" id=\"section_1957861787\">\n\t\t<div class=\"section-bg fill\" >\n\t\t\t\t\t\t\t\t\t\n\t\t\t\n\n\t\t<\/div>\n\n\t\t\n\n\t\t<div class=\"section-content relative\">\n\t\t\t\n\n<div class=\"row align-center\"  id=\"row-1225911856\">\n\n\n\t<div id=\"col-71747108\" class=\"col medium-10 small-12 large-9\"  >\n\t\t\t\t<div class=\"col-inner text-center box-shadow-1\" style=\"background-color:rgb(255, 255, 255);\" >\n\t\t\t\n\t\t\t\n\n<h1>NEWSLETTER<\/h1>\n<p>Abonnez-vous \u00e0 notre newsletter pour rester ajourn\u00e9 sur le monde de F.A.I.R.<\/p>\n\n\t\t<\/div>\n\t\t\t\t\n<style>\n#col-71747108 > .col-inner {\n  margin: -100px 0px 0px 0px;\n}\n<\/style>\n\t<\/div>\n\n\t\n\n\n<style>\n#row-1225911856 > .col > .col-inner {\n  padding: 45px 25px 15px 25px;\n}\n@media (min-width:550px) {\n  #row-1225911856 > .col > .col-inner {\n    padding: 45px 80px 15px 80px;\n  }\n}\n@media (min-width:850px) {\n  #row-1225911856 > .col > .col-inner {\n    padding: 50px 50px 30px 50px;\n  }\n}\n<\/style>\n<\/div>\n\n\t\t<\/div>\n\n\t\t\n<style>\n#section_1957861787 {\n  padding-top: 0px;\n  padding-bottom: 0px;\n  min-height: 0px;\n}\n<\/style>\n\t<\/section>\n\t\n<div class=\"row align-middle\"  id=\"row-473253124\">\n\n\n\t<div id=\"col-868267220\" class=\"col medium-6 small-12 large-6\"  >\n\t\t\t\t<div class=\"col-inner\"  >\n\t\t\t\n\t\t\t\n\n\t<div class=\"img has-hover x md-x lg-x y md-y lg-y\" id=\"image_630665096\">\n\t\t\t\t\t\t\t\t<div class=\"img-inner dark\" >\n\t\t\t<img loading=\"lazy\" decoding=\"async\" width=\"556\" height=\"494\" src=\"https:\/\/www.fair.it\/wp-content\/uploads\/newsletter-1.jpg\" class=\"attachment-large size-large\" alt=\"\" srcset=\"https:\/\/www.fair.it\/wp-content\/uploads\/newsletter-1.jpg 556w, https:\/\/www.fair.it\/wp-content\/uploads\/newsletter-1-510x453.jpg 510w, https:\/\/www.fair.it\/wp-content\/uploads\/newsletter-1-450x400.jpg 450w\" sizes=\"(max-width: 556px) 100vw, 556px\" \/>\t\t\t\t\t\t\n\t\t\t\t\t<\/div>\n\t\t\t\t\t\t\t\t\n<style>\n#image_630665096 {\n  width: 100%;\n}\n<\/style>\n\t<\/div>\n\t\n\n\n\t\t<\/div>\n\t\t\t\t\t<\/div>\n\n\t\n\n\t<div id=\"col-2088756957\" class=\"col medium-6 small-12 large-6\"  >\n\t\t\t\t<div class=\"col-inner\"  >\n\t\t\t\n\t\t\t\n\n<form action=\"https:\/\/c7c9x.mailupclient.com\/frontend\/subscribe.aspx\" target=\"_blank\" class=\"form-newsletter-en-fr\">\n<p><b>10% de r\u00e9duction<\/b> pour l&rsquo;inscription \u00e0 la newsletter.<\/p>\n<div>\n<label for=\"1\">Email*<\/label><br \/>\n<input type=\"email\" name=\"email\" required id=\"1\" placeholder=\"Entrez votre email\"style=\"border:1px solid\" ><\/p>\n<p >V\u00e9rifiez votre e-mail pour confirmer votre abonnement<\/p>\n<\/div>\n<div>\n<div >\n<label ><br \/>\n<input type=\"radio\" name=\"group\" value=\"1423\" required style=\"margin:0px\">Version fran\u00e7aise <\/label>\n<\/div>\n<p ><input value=\"1\" class=\"A\" title=\"\" style=\"\" data-load-state=\"\" data-tooltip=\"\" type=\"checkbox\" required><a href=\"it\/privacy-policy\" target=\"_blank\" rel=\"noopener\">J&rsquo;ai lu et j&rsquo;accepte la politique sur le traitement des donn\u00e9es personnelles conform\u00e9ment au R\u00e8glement europ\u00e9en 2016\/679 ou GDPR*<\/a><\/p>\n<\/div>\n<div>\n<button type=\"submit\"name=\"submit\" value=\"true\" id=\"bot-newslet\" class=\"bottonecolore\" style=\"color:white\">\nS&rsquo;INSCRIRE \u00c0 LA NEWSLETTER\n<\/button>\n<\/div>\n<p><input type=\"hidden\" name=\"list\" value=\"74\"><br \/>\n<\/form>\n\n\t\t<\/div>\n\t\t\t\t\t<\/div>\n\n\t\n\n<\/div>\n","protected":false},"excerpt":{"rendered":"","protected":false},"author":138,"featured_media":0,"parent":0,"menu_order":0,"comment_status":"closed","ping_status":"closed","template":"page-blank.php","meta":{"footnotes":""},"class_list":["post-6343","page","type-page","status-publish","hentry"],"yoast_head":"<!-- This site is optimized with the Yoast SEO plugin v23.0 - https:\/\/yoast.com\/wordpress\/plugins\/seo\/ -->\n<title>Newsletter - Fair<\/title>\n<meta name=\"robots\" content=\"index, follow, max-snippet:-1, max-image-preview:large, max-video-preview:-1\" \/>\n<link rel=\"canonical\" href=\"https:\/\/www.fair.it\/newsletter\/\" \/>\n<meta property=\"og:locale\" content=\"fr_FR\" \/>\n<meta property=\"og:type\" content=\"article\" \/>\n<meta property=\"og:title\" content=\"Newsletter - Fair\" \/>\n<meta property=\"og:url\" content=\"https:\/\/www.fair.it\/newsletter\/\" \/>\n<meta property=\"og:site_name\" content=\"Fair\" \/>\n<meta property=\"article:publisher\" content=\"https:\/\/www.facebook.com\/fair.italy\" \/>\n<meta property=\"article:modified_time\" content=\"2022-12-20T14:50:11+00:00\" \/>\n<meta property=\"og:image\" content=\"https:\/\/www.fair.it\/wp-content\/uploads\/LOGO-2-scaled.jpg\" \/>\n\t<meta property=\"og:image:width\" content=\"2560\" \/>\n\t<meta property=\"og:image:height\" content=\"1328\" \/>\n\t<meta property=\"og:image:type\" content=\"image\/jpeg\" \/>\n<meta name=\"twitter:card\" content=\"summary_large_image\" \/>\n<meta name=\"twitter:site\" content=\"@FAIRITALY1971\" \/>\n<script type=\"application\/ld+json\" class=\"yoast-schema-graph\">{\"@context\":\"https:\/\/schema.org\",\"@graph\":[{\"@type\":\"WebPage\",\"@id\":\"https:\/\/www.fair.it\/newsletter\/\",\"url\":\"https:\/\/www.fair.it\/newsletter\/\",\"name\":\"Newsletter - Fair\",\"isPartOf\":{\"@id\":\"https:\/\/www.fair.it\/#website\"},\"datePublished\":\"2021-04-02T10:27:53+00:00\",\"dateModified\":\"2022-12-20T14:50:11+00:00\",\"breadcrumb\":{\"@id\":\"https:\/\/www.fair.it\/newsletter\/#breadcrumb\"},\"inLanguage\":\"fr-FR\",\"potentialAction\":[{\"@type\":\"ReadAction\",\"target\":[\"https:\/\/www.fair.it\/newsletter\/\"]}]},{\"@type\":\"BreadcrumbList\",\"@id\":\"https:\/\/www.fair.it\/newsletter\/#breadcrumb\",\"itemListElement\":[{\"@type\":\"ListItem\",\"position\":1,\"name\":\"Home\",\"item\":\"https:\/\/www.fair.it\/fr\/\"},{\"@type\":\"ListItem\",\"position\":2,\"name\":\"Newsletter\"}]},{\"@type\":\"WebSite\",\"@id\":\"https:\/\/www.fair.it\/#website\",\"url\":\"https:\/\/www.fair.it\/\",\"name\":\"Fair\",\"description\":\"\",\"publisher\":{\"@id\":\"https:\/\/www.fair.it\/#organization\"},\"potentialAction\":[{\"@type\":\"SearchAction\",\"target\":{\"@type\":\"EntryPoint\",\"urlTemplate\":\"https:\/\/www.fair.it\/?s={search_term_string}\"},\"query-input\":\"required name=search_term_string\"}],\"inLanguage\":\"fr-FR\"},{\"@type\":\"Organization\",\"@id\":\"https:\/\/www.fair.it\/#organization\",\"name\":\"F.a.i.r. srl\",\"url\":\"https:\/\/www.fair.it\/\",\"logo\":{\"@type\":\"ImageObject\",\"inLanguage\":\"fr-FR\",\"@id\":\"https:\/\/www.fair.it\/#\/schema\/logo\/image\/\",\"url\":\"https:\/\/www.fair.it\/wp-content\/uploads\/LOGO-2-scaled.jpg\",\"contentUrl\":\"https:\/\/www.fair.it\/wp-content\/uploads\/LOGO-2-scaled.jpg\",\"width\":2560,\"height\":1328,\"caption\":\"F.a.i.r. srl\"},\"image\":{\"@id\":\"https:\/\/www.fair.it\/#\/schema\/logo\/image\/\"},\"sameAs\":[\"https:\/\/www.facebook.com\/fair.italy\",\"https:\/\/x.com\/FAIRITALY1971\",\"https:\/\/www.instagram.com\/fairitaly\/\",\"https:\/\/www.pinterest.it\/FAIRITALY\/\",\"https:\/\/www.youtube.com\/channel\/UC2fQOBPNpVoq3RjivV7_KpQ\"]}]}<\/script>\n<!-- \/ Yoast SEO plugin. -->","yoast_head_json":{"title":"Newsletter - Fair","robots":{"index":"index","follow":"follow","max-snippet":"max-snippet:-1","max-image-preview":"max-image-preview:large","max-video-preview":"max-video-preview:-1"},"canonical":"https:\/\/www.fair.it\/newsletter\/","og_locale":"fr_FR","og_type":"article","og_title":"Newsletter - Fair","og_url":"https:\/\/www.fair.it\/newsletter\/","og_site_name":"Fair","article_publisher":"https:\/\/www.facebook.com\/fair.italy","article_modified_time":"2022-12-20T14:50:11+00:00","og_image":[{"width":2560,"height":1328,"url":"https:\/\/www.fair.it\/wp-content\/uploads\/LOGO-2-scaled.jpg","type":"image\/jpeg"}],"twitter_card":"summary_large_image","twitter_site":"@FAIRITALY1971","schema":{"@context":"https:\/\/schema.org","@graph":[{"@type":"WebPage","@id":"https:\/\/www.fair.it\/newsletter\/","url":"https:\/\/www.fair.it\/newsletter\/","name":"Newsletter - Fair","isPartOf":{"@id":"https:\/\/www.fair.it\/#website"},"datePublished":"2021-04-02T10:27:53+00:00","dateModified":"2022-12-20T14:50:11+00:00","breadcrumb":{"@id":"https:\/\/www.fair.it\/newsletter\/#breadcrumb"},"inLanguage":"fr-FR","potentialAction":[{"@type":"ReadAction","target":["https:\/\/www.fair.it\/newsletter\/"]}]},{"@type":"BreadcrumbList","@id":"https:\/\/www.fair.it\/newsletter\/#breadcrumb","itemListElement":[{"@type":"ListItem","position":1,"name":"Home","item":"https:\/\/www.fair.it\/fr\/"},{"@type":"ListItem","position":2,"name":"Newsletter"}]},{"@type":"WebSite","@id":"https:\/\/www.fair.it\/#website","url":"https:\/\/www.fair.it\/","name":"Fair","description":"","publisher":{"@id":"https:\/\/www.fair.it\/#organization"},"potentialAction":[{"@type":"SearchAction","target":{"@type":"EntryPoint","urlTemplate":"https:\/\/www.fair.it\/?s={search_term_string}"},"query-input":"required name=search_term_string"}],"inLanguage":"fr-FR"},{"@type":"Organization","@id":"https:\/\/www.fair.it\/#organization","name":"F.a.i.r. srl","url":"https:\/\/www.fair.it\/","logo":{"@type":"ImageObject","inLanguage":"fr-FR","@id":"https:\/\/www.fair.it\/#\/schema\/logo\/image\/","url":"https:\/\/www.fair.it\/wp-content\/uploads\/LOGO-2-scaled.jpg","contentUrl":"https:\/\/www.fair.it\/wp-content\/uploads\/LOGO-2-scaled.jpg","width":2560,"height":1328,"caption":"F.a.i.r. srl"},"image":{"@id":"https:\/\/www.fair.it\/#\/schema\/logo\/image\/"},"sameAs":["https:\/\/www.facebook.com\/fair.italy","https:\/\/x.com\/FAIRITALY1971","https:\/\/www.instagram.com\/fairitaly\/","https:\/\/www.pinterest.it\/FAIRITALY\/","https:\/\/www.youtube.com\/channel\/UC2fQOBPNpVoq3RjivV7_KpQ"]}]}},"_links":{"self":[{"href":"https:\/\/www.fair.it\/fr\/wp-json\/wp\/v2\/pages\/6343"}],"collection":[{"href":"https:\/\/www.fair.it\/fr\/wp-json\/wp\/v2\/pages"}],"about":[{"href":"https:\/\/www.fair.it\/fr\/wp-json\/wp\/v2\/types\/page"}],"author":[{"embeddable":true,"href":"https:\/\/www.fair.it\/fr\/wp-json\/wp\/v2\/users\/138"}],"replies":[{"embeddable":true,"href":"https:\/\/www.fair.it\/fr\/wp-json\/wp\/v2\/comments?post=6343"}],"version-history":[{"count":3,"href":"https:\/\/www.fair.it\/fr\/wp-json\/wp\/v2\/pages\/6343\/revisions"}],"predecessor-version":[{"id":25302,"href":"https:\/\/www.fair.it\/fr\/wp-json\/wp\/v2\/pages\/6343\/revisions\/25302"}],"wp:attachment":[{"href":"https:\/\/www.fair.it\/fr\/wp-json\/wp\/v2\/media?parent=6343"}],"curies":[{"name":"wp","href":"https:\/\/api.w.org\/{rel}","templated":true}]}}