{"id":6002,"date":"2021-04-01T14:36:28","date_gmt":"2021-04-01T12:36:28","guid":{"rendered":"https:\/\/fair.sviluppo.host\/?page_id=6002"},"modified":"2024-02-24T18:00:47","modified_gmt":"2024-02-24T17:00:47","slug":"competition-shotguns","status":"publish","type":"page","link":"https:\/\/www.fair.it\/fr\/produits\/competition-shotguns\/","title":{"rendered":"FUSILS DE TIR"},"content":{"rendered":"\n\n\t<section class=\"section dark\" id=\"section_2139010590\">\n\t\t<div class=\"section-bg fill\" >\n\t\t\t<img loading=\"lazy\" decoding=\"async\" width=\"1920\" height=\"1280\" src=\"https:\/\/www.fair.it\/wp-content\/uploads\/sfondo-legno.jpg\" class=\"bg attachment- size-\" alt=\"\" \/>\t\t\t\t\t\t\n\t\t\t\n\n\t\t<\/div>\n\n\t\t\n\n\t\t<div class=\"section-content relative\">\n\t\t\t\n\n\n\t\t<\/div>\n\n\t\t\n<style>\n#section_2139010590 {\n  padding-top: 0px;\n  padding-bottom: 0px;\n  min-height: 170px;\n}\n#section_2139010590 .section-bg img {\n  object-position: 0% 43%;\n}\n@media (min-width:550px) {\n  #section_2139010590 {\n    padding-top: 30px;\n    padding-bottom: 30px;\n    min-height: 170px;\n  }\n}\n<\/style>\n\t<\/section>\n\t\n\n\t<section class=\"section\" id=\"section_842786994\">\n\t\t<div class=\"section-bg fill\" >\n\t\t\t\t\t\t\t\t\t\n\t\t\t\n\n\t\t<\/div>\n\n\t\t\n\n\t\t<div class=\"section-content relative\">\n\t\t\t\n\n<div class=\"row align-center\"  id=\"row-1086595827\">\n\n\n\t<div id=\"col-1333649184\" class=\"col medium-10 small-12 large-9\"  >\n\t\t\t\t<div class=\"col-inner text-center box-shadow-1\" style=\"background-color:rgb(255, 255, 255);\" >\n\t\t\t\n\t\t\t\n\n<h1>FUSILS DE TIR<\/h1>\n<p data-pm-slice=\"1 1 &#091;&#093;\">Pour<strong> la ligne de tir, F.A.I.R.\u00ae<\/strong> a accord\u00e9 une attention particuli\u00e8re en r\u00e9alisant une s\u00e9rie d&rsquo;<strong>armes extr\u00eamement robustes, pr\u00e9cises<\/strong> et capables de garantir \u00e0 chaque niveau d&rsquo;exp\u00e9rience le fusil le plus adapt\u00e9.<\/p>\n\n\t\t<\/div>\n\t\t\t\t\n<style>\n#col-1333649184 > .col-inner {\n  margin: -100px 0px 0px 0px;\n}\n<\/style>\n\t<\/div>\n\n\t\n\n\n<style>\n#row-1086595827 > .col > .col-inner {\n  padding: 45px 25px 15px 25px;\n}\n@media (min-width:550px) {\n  #row-1086595827 > .col > .col-inner {\n    padding: 45px 80px 15px 80px;\n  }\n}\n@media (min-width:850px) {\n  #row-1086595827 > .col > .col-inner {\n    padding: 50px 50px 30px 50px;\n  }\n}\n<\/style>\n<\/div>\n\n\t\t<\/div>\n\n\t\t\n<style>\n#section_842786994 {\n  padding-top: 0px;\n  padding-bottom: 0px;\n  min-height: 0px;\n}\n<\/style>\n\t<\/section>\n\t\n\n\t<section class=\"section\" id=\"section_902597559\">\n\t\t<div class=\"section-bg fill\" >\n\t\t\t\t\t\t\t\t\t\n\t\t\t\n\n\t\t<\/div>\n\n\t\t\n\n\t\t<div class=\"section-content relative\">\n\t\t\t\n\n<div class=\"row row-small align-center\"  id=\"row-1668886050\">\n\n\n\t<div id=\"col-1420452421\" class=\"col medium-3 small-11 large-3\"  >\n\t\t\t\t<div class=\"col-inner text-center box-shadow-1\" style=\"background-color:rgb(250, 250, 250);\" >\n\t\t\t\n\t\t\t\n\n\t<div class=\"box has-hover   has-hover box-text-bottom\" >\n\n\t\t<div class=\"box-image\" >\n\t\t\t<a href=\"\/prodotti\/fucili-da-tiro\/master\/\" >\t\t\t<div class=\"\" >\n\t\t\t\t<img loading=\"lazy\" decoding=\"async\" width=\"700\" height=\"400\" src=\"https:\/\/www.fair.it\/wp-content\/uploads\/MASTER.jpg\" class=\"attachment-original size-original\" alt=\"\" srcset=\"https:\/\/www.fair.it\/wp-content\/uploads\/MASTER.jpg 700w, https:\/\/www.fair.it\/wp-content\/uploads\/MASTER-510x291.jpg 510w\" sizes=\"(max-width: 700px) 100vw, 700px\" \/>\t\t\t\t\t\t\t\t\t\t\t<\/div>\n\t\t\t<\/a>\t\t<\/div>\n\n\t\t<div class=\"box-text text-center dark\" style=\"background-color:rgb(114, 116, 119);\">\n\t\t\t<div class=\"box-text-inner\">\n\t\t\t\t\n\n<h2>MASTER<\/h2>\n<a href=\"\/prodotti\/fucili-da-tiro\/master\/\" class=\"button white lowercase\"  style=\"border-radius:99px;\">\n\t\t<span>Visualizza<\/span>\n\t<\/a>\n\n\n\n\t\t\t<\/div>\n\t\t<\/div>\n\t<\/div>\n\t\n\n\t\t<\/div>\n\t\t\t\t\t<\/div>\n\n\t\n\n\t<div id=\"col-1323248560\" class=\"col medium-3 small-11 large-3\"  >\n\t\t\t\t<div class=\"col-inner text-center box-shadow-2\" style=\"background-color:rgb(250, 250, 250);\" >\n\t\t\t\n\t\t\t\n\n\t<div class=\"box has-hover   has-hover box-text-bottom\" >\n\n\t\t<div class=\"box-image\" >\n\t\t\t<a href=\"\/prodotti\/fucili-da-tiro\/srl-802\/\" >\t\t\t<div class=\"\" >\n\t\t\t\t<img loading=\"lazy\" decoding=\"async\" width=\"700\" height=\"400\" src=\"https:\/\/www.fair.it\/wp-content\/uploads\/SRL-802.jpg\" class=\"attachment-original size-original\" alt=\"\" srcset=\"https:\/\/www.fair.it\/wp-content\/uploads\/SRL-802.jpg 700w, https:\/\/www.fair.it\/wp-content\/uploads\/SRL-802-510x291.jpg 510w\" sizes=\"(max-width: 700px) 100vw, 700px\" \/>\t\t\t\t\t\t\t\t\t\t\t<\/div>\n\t\t\t<\/a>\t\t<\/div>\n\n\t\t<div class=\"box-text text-center dark\" style=\"background-color:rgb(114, 116, 119);\">\n\t\t\t<div class=\"box-text-inner\">\n\t\t\t\t\n\n<h2>SRL 802<\/h2>\n<a href=\"\/prodotti\/fucili-da-tiro\/srl-802\/\" class=\"button white lowercase\"  style=\"border-radius:99px;\">\n\t\t<span>Visualizza<\/span>\n\t<\/a>\n\n\n\n\t\t\t<\/div>\n\t\t<\/div>\n\t<\/div>\n\t\n\n\t\t<\/div>\n\t\t\t\t\t<\/div>\n\n\t\n\n\t<div id=\"col-1018644891\" class=\"col medium-3 small-11 large-3\"  >\n\t\t\t\t<div class=\"col-inner text-center box-shadow-2\" style=\"background-color:rgb(250, 250, 250);\" >\n\t\t\t\n\t\t\t\n\n\t<div class=\"box has-hover   has-hover box-text-bottom\" >\n\n\t\t<div class=\"box-image\" >\n\t\t\t<a href=\"\/prodotti\/fucili-da-tiro\/carrera\/\" >\t\t\t<div class=\"\" >\n\t\t\t\t<img loading=\"lazy\" decoding=\"async\" width=\"700\" height=\"400\" src=\"https:\/\/www.fair.it\/wp-content\/uploads\/CARRERA\u00ae.jpg\" class=\"attachment-original size-original\" alt=\"\" srcset=\"https:\/\/www.fair.it\/wp-content\/uploads\/CARRERA\u00ae.jpg 700w, https:\/\/www.fair.it\/wp-content\/uploads\/CARRERA\u00ae-510x291.jpg 510w\" sizes=\"(max-width: 700px) 100vw, 700px\" \/>\t\t\t\t\t\t\t\t\t\t\t<\/div>\n\t\t\t<\/a>\t\t<\/div>\n\n\t\t<div class=\"box-text text-center dark\" style=\"background-color:rgb(114, 116, 119);\">\n\t\t\t<div class=\"box-text-inner\">\n\t\t\t\t\n\n<h2>CARRERA<sup>\u00ae<\/sup><\/h2>\n<a href=\"\/prodotti\/fucili-da-tiro\/carrera\/\" class=\"button white lowercase\"  style=\"border-radius:99px;\">\n\t\t<span>Visualizza<\/span>\n\t<\/a>\n\n\n\n\t\t\t<\/div>\n\t\t<\/div>\n\t<\/div>\n\t\n\n\t\t<\/div>\n\t\t\t\t\t<\/div>\n\n\t\n\n\t<div id=\"col-448117236\" class=\"col medium-3 small-11 large-3\"  >\n\t\t\t\t<div class=\"col-inner text-center box-shadow-1\" style=\"background-color:rgb(250, 250, 250);\" >\n\t\t\t\n\t\t\t\n\n\t<div class=\"box has-hover   has-hover box-text-bottom\" >\n\n\t\t<div class=\"box-image\" >\n\t\t\t<a href=\"\/prodotti\/fucili-da-tiro\/racing\/\" >\t\t\t<div class=\"\" >\n\t\t\t\t<img loading=\"lazy\" decoding=\"async\" width=\"700\" height=\"400\" src=\"https:\/\/www.fair.it\/wp-content\/uploads\/RACING.jpg\" class=\"attachment-original size-original\" alt=\"\" srcset=\"https:\/\/www.fair.it\/wp-content\/uploads\/RACING.jpg 700w, https:\/\/www.fair.it\/wp-content\/uploads\/RACING-510x291.jpg 510w\" sizes=\"(max-width: 700px) 100vw, 700px\" \/>\t\t\t\t\t\t\t\t\t\t\t<\/div>\n\t\t\t<\/a>\t\t<\/div>\n\n\t\t<div class=\"box-text text-center dark\" style=\"background-color:rgb(114, 116, 119);\">\n\t\t\t<div class=\"box-text-inner\">\n\t\t\t\t\n\n<h2>RACING<\/h2>\n<a href=\"\/prodotti\/fucili-da-tiro\/racing\/\" class=\"button white lowercase\"  style=\"border-radius:99px;\">\n\t\t<span>Visualizza<\/span>\n\t<\/a>\n\n\n\n\t\t\t<\/div>\n\t\t<\/div>\n\t<\/div>\n\t\n\n\t\t<\/div>\n\t\t\t\t\t<\/div>\n\n\t\n\n<\/div>\n<div class=\"row row-large align-center\"  id=\"row-814774920\">\n\n\n\t<div id=\"col-746322613\" class=\"col medium-4 small-11 large-4\"  >\n\t\t\t\t<div class=\"col-inner text-center box-shadow-2\" style=\"background-color:rgb(250, 250, 250);\" >\n\t\t\t\n\t\t\t\n\n\t<div class=\"box has-hover  hidden has-hover box-text-bottom\" >\n\n\t\t<div class=\"box-image\" >\n\t\t\t\t\t\t<div class=\"\" >\n\t\t\t\t<img loading=\"lazy\" decoding=\"async\" width=\"700\" height=\"400\" src=\"https:\/\/www.fair.it\/wp-content\/uploads\/PREMIER-SPORTING.jpg\" class=\"attachment-original size-original\" alt=\"\" srcset=\"https:\/\/www.fair.it\/wp-content\/uploads\/PREMIER-SPORTING.jpg 700w, https:\/\/www.fair.it\/wp-content\/uploads\/PREMIER-SPORTING-510x291.jpg 510w\" sizes=\"(max-width: 700px) 100vw, 700px\" \/>\t\t\t\t\t\t\t\t\t\t\t<\/div>\n\t\t\t\t\t<\/div>\n\n\t\t<div class=\"box-text text-center dark\" style=\"background-color:rgb(114, 116, 119);\">\n\t\t\t<div class=\"box-text-inner\">\n\t\t\t\t\n\n<h2>PREMIER SPORTING<\/h2>\n<a class=\"button white lowercase\"  style=\"border-radius:99px;\">\n\t\t<span>Visualizza<\/span>\n\t<\/a>\n\n\n\n\t\t\t<\/div>\n\t\t<\/div>\n\t<\/div>\n\t\n\n\t\t<\/div>\n\t\t\t\t\t<\/div>\n\n\t\n\n\t<div id=\"col-179861991\" class=\"col medium-4 small-11 large-4\"  >\n\t\t\t\t<div class=\"col-inner text-center box-shadow-2\" style=\"background-color:rgb(250, 250, 250);\" >\n\t\t\t\n\t\t\t\n\n\t<div class=\"box has-hover  hidden has-hover box-text-bottom\" >\n\n\t\t<div class=\"box-image\" >\n\t\t\t\t\t\t<div class=\"\" >\n\t\t\t\t<img loading=\"lazy\" decoding=\"async\" width=\"700\" height=\"400\" src=\"https:\/\/www.fair.it\/wp-content\/uploads\/Lincon-game-SOVRAPPOSTI.jpg\" class=\"attachment-original size-original\" alt=\"\" srcset=\"https:\/\/www.fair.it\/wp-content\/uploads\/Lincon-game-SOVRAPPOSTI.jpg 700w, https:\/\/www.fair.it\/wp-content\/uploads\/Lincon-game-SOVRAPPOSTI-510x291.jpg 510w\" sizes=\"(max-width: 700px) 100vw, 700px\" \/>\t\t\t\t\t\t\t\t\t\t\t<\/div>\n\t\t\t\t\t<\/div>\n\n\t\t<div class=\"box-text text-center dark\" style=\"background-color:rgb(114, 116, 119);\">\n\t\t\t<div class=\"box-text-inner\">\n\t\t\t\t\n\n<h2>LEISURE<\/h2>\n<a class=\"button white lowercase\"  style=\"border-radius:99px;\">\n\t\t<span>Visualizza<\/span>\n\t<\/a>\n\n\n\n\t\t\t<\/div>\n\t\t<\/div>\n\t<\/div>\n\t\n\n\t\t<\/div>\n\t\t\t\t\t<\/div>\n\n\t\n\n<\/div>\n<div class=\"row\"  id=\"row-1127601292\">\n\n\n\t<div id=\"col-1603702884\" class=\"col small-12 large-12\"  >\n\t\t\t\t<div class=\"col-inner\"  >\n\t\t\t\n\t\t\t\n\n<h2 data-pm-slice=\"1 1 &#091;&#093;\">NOS MOD\u00c8LES DE FUSILS DE TIR<\/h2>\n<p>Depuis la cr\u00e9ation des <strong><a href=\"https:\/\/www.fair.it\/fr\/produits\/competition-shotguns\/master\/\">mod\u00e8les MASTER<\/a><\/strong>, con\u00e7us pour ceux qui veulent s&rsquo;initier au tir, jusqu&rsquo;aux<strong> mod\u00e8les<\/strong> <a href=\"https:\/\/www.fair.it\/fr\/produits\/competition-shotguns\/racing\/\">RACING<\/a> ou <a href=\"https:\/\/www.fair.it\/fr\/produits\/competition-shotguns\/carrera\/\">CARRERA\u00ae<\/a>, pour ceux qui recherchent des outils de haute technologie, tous nos mod\u00e8les de tir sont fabriqu\u00e9s selon la m\u00eame<strong> philosophie : \u00ab\u00a0Fiabilit\u00e9, facilit\u00e9 de vis\u00e9e et durabilit\u00e9\u00a0\u00bb.<\/strong><\/p>\n<p>\u00c9tudi\u00e9s et con\u00e7us selon les diff\u00e9rentes disciplines d&rsquo;utilisation, nos <strong>fusils superpos\u00e9s F.A.I.R.\u00ae de tir<\/strong> sont fabriqu\u00e9s avec les m\u00eames caract\u00e9ristiques de conception, telles que des <strong>crosse ergonomiques<\/strong> avec un nouveau design du busc, le <strong>syst\u00e8me X-CONES\u00ae<\/strong> (c\u00f4ne de raccord chambre\/\u00e2me doux pour une diminution du recul) et des <strong>organes de vis\u00e9e sup\u00e9rieurs stri\u00e9s et anti-reflets<\/strong> avec<strong> une ligne de vis\u00e9e centrale.<\/strong><\/p>\n<p>En fonction de l&rsquo;utilisation pr\u00e9vue, notre ligne de tir se d\u00e9cline en <strong>4 familles distinctes<\/strong>, allant des <strong>mod\u00e8les sobres MASTER<\/strong>, aux <strong>mod\u00e8les \u00e9l\u00e9gants et raffin\u00e9s <a href=\"https:\/\/www.fair.it\/fr\/produits\/competition-shotguns\/srl-802\/\">SRL 802<\/a><\/strong>, en <strong>passant par les mod\u00e8les \u00ab\u00a0tout option\u00a0\u00bb CARRERA\u00ae<\/strong> et <strong>RACING\u00ae<\/strong>.<\/p>\n\n\t\t<\/div>\n\t\t\t\t\t<\/div>\n\n\t\n\n<\/div>\n\t<div id=\"gap-1749851407\" class=\"gap-element clearfix\" style=\"display:block; height:auto;\">\n\t\t\n<style>\n#gap-1749851407 {\n  padding-top: 15px;\n}\n<\/style>\n\t<\/div>\n\t\n\n\n\t\t<\/div>\n\n\t\t\n<style>\n#section_902597559 {\n  padding-top: 0px;\n  padding-bottom: 0px;\n}\n@media (min-width:550px) {\n  #section_902597559 {\n    padding-top: 0px;\n    padding-bottom: 0px;\n  }\n}\n<\/style>\n\t<\/section>\n\t\n\n","protected":false},"excerpt":{"rendered":"","protected":false},"author":1,"featured_media":0,"parent":6509,"menu_order":0,"comment_status":"closed","ping_status":"closed","template":"page-blank.php","meta":{"footnotes":""},"class_list":["post-6002","page","type-page","status-publish","hentry"],"yoast_head":"<!-- This site is optimized with the Yoast SEO plugin v23.0 - https:\/\/yoast.com\/wordpress\/plugins\/seo\/ -->\n<title>FUSILS DE TIR - Fair<\/title>\n<meta name=\"robots\" content=\"index, follow, max-snippet:-1, max-image-preview:large, max-video-preview:-1\" \/>\n<link rel=\"canonical\" href=\"https:\/\/www.fair.it\/fr\/produits\/competition-shotguns\/\" \/>\n<meta property=\"og:locale\" content=\"fr_FR\" \/>\n<meta property=\"og:type\" content=\"article\" \/>\n<meta property=\"og:title\" content=\"FUSILS DE TIR - Fair\" \/>\n<meta property=\"og:url\" content=\"https:\/\/www.fair.it\/fr\/produits\/competition-shotguns\/\" \/>\n<meta property=\"og:site_name\" content=\"Fair\" \/>\n<meta property=\"article:publisher\" content=\"https:\/\/www.facebook.com\/fair.italy\" \/>\n<meta property=\"article:modified_time\" content=\"2024-02-24T17:00:47+00:00\" \/>\n<meta property=\"og:image\" content=\"https:\/\/www.fair.it\/wp-content\/uploads\/LOGO-2-scaled.jpg\" \/>\n\t<meta property=\"og:image:width\" content=\"2560\" \/>\n\t<meta property=\"og:image:height\" content=\"1328\" \/>\n\t<meta property=\"og:image:type\" content=\"image\/jpeg\" \/>\n<meta name=\"twitter:card\" content=\"summary_large_image\" \/>\n<meta name=\"twitter:site\" content=\"@FAIRITALY1971\" \/>\n<script type=\"application\/ld+json\" class=\"yoast-schema-graph\">{\"@context\":\"https:\/\/schema.org\",\"@graph\":[{\"@type\":\"WebPage\",\"@id\":\"https:\/\/www.fair.it\/fr\/produits\/competition-shotguns\/\",\"url\":\"https:\/\/www.fair.it\/fr\/produits\/competition-shotguns\/\",\"name\":\"FUSILS DE TIR - Fair\",\"isPartOf\":{\"@id\":\"https:\/\/www.fair.it\/#website\"},\"datePublished\":\"2021-04-01T12:36:28+00:00\",\"dateModified\":\"2024-02-24T17:00:47+00:00\",\"breadcrumb\":{\"@id\":\"https:\/\/www.fair.it\/fr\/produits\/competition-shotguns\/#breadcrumb\"},\"inLanguage\":\"fr-FR\",\"potentialAction\":[{\"@type\":\"ReadAction\",\"target\":[\"https:\/\/www.fair.it\/fr\/produits\/competition-shotguns\/\"]}]},{\"@type\":\"BreadcrumbList\",\"@id\":\"https:\/\/www.fair.it\/fr\/produits\/competition-shotguns\/#breadcrumb\",\"itemListElement\":[{\"@type\":\"ListItem\",\"position\":1,\"name\":\"Home\",\"item\":\"https:\/\/www.fair.it\/fr\/\"},{\"@type\":\"ListItem\",\"position\":2,\"name\":\"Produits\",\"item\":\"https:\/\/www.fair.it\/fr\/produits\/\"},{\"@type\":\"ListItem\",\"position\":3,\"name\":\"FUSILS DE TIR\"}]},{\"@type\":\"WebSite\",\"@id\":\"https:\/\/www.fair.it\/#website\",\"url\":\"https:\/\/www.fair.it\/\",\"name\":\"Fair\",\"description\":\"\",\"publisher\":{\"@id\":\"https:\/\/www.fair.it\/#organization\"},\"potentialAction\":[{\"@type\":\"SearchAction\",\"target\":{\"@type\":\"EntryPoint\",\"urlTemplate\":\"https:\/\/www.fair.it\/?s={search_term_string}\"},\"query-input\":\"required name=search_term_string\"}],\"inLanguage\":\"fr-FR\"},{\"@type\":\"Organization\",\"@id\":\"https:\/\/www.fair.it\/#organization\",\"name\":\"F.a.i.r. srl\",\"url\":\"https:\/\/www.fair.it\/\",\"logo\":{\"@type\":\"ImageObject\",\"inLanguage\":\"fr-FR\",\"@id\":\"https:\/\/www.fair.it\/#\/schema\/logo\/image\/\",\"url\":\"https:\/\/www.fair.it\/wp-content\/uploads\/LOGO-2-scaled.jpg\",\"contentUrl\":\"https:\/\/www.fair.it\/wp-content\/uploads\/LOGO-2-scaled.jpg\",\"width\":2560,\"height\":1328,\"caption\":\"F.a.i.r. srl\"},\"image\":{\"@id\":\"https:\/\/www.fair.it\/#\/schema\/logo\/image\/\"},\"sameAs\":[\"https:\/\/www.facebook.com\/fair.italy\",\"https:\/\/x.com\/FAIRITALY1971\",\"https:\/\/www.instagram.com\/fairitaly\/\",\"https:\/\/www.pinterest.it\/FAIRITALY\/\",\"https:\/\/www.youtube.com\/channel\/UC2fQOBPNpVoq3RjivV7_KpQ\"]}]}<\/script>\n<!-- \/ Yoast SEO plugin. -->","yoast_head_json":{"title":"FUSILS DE TIR - Fair","robots":{"index":"index","follow":"follow","max-snippet":"max-snippet:-1","max-image-preview":"max-image-preview:large","max-video-preview":"max-video-preview:-1"},"canonical":"https:\/\/www.fair.it\/fr\/produits\/competition-shotguns\/","og_locale":"fr_FR","og_type":"article","og_title":"FUSILS DE TIR - Fair","og_url":"https:\/\/www.fair.it\/fr\/produits\/competition-shotguns\/","og_site_name":"Fair","article_publisher":"https:\/\/www.facebook.com\/fair.italy","article_modified_time":"2024-02-24T17:00:47+00:00","og_image":[{"width":2560,"height":1328,"url":"https:\/\/www.fair.it\/wp-content\/uploads\/LOGO-2-scaled.jpg","type":"image\/jpeg"}],"twitter_card":"summary_large_image","twitter_site":"@FAIRITALY1971","schema":{"@context":"https:\/\/schema.org","@graph":[{"@type":"WebPage","@id":"https:\/\/www.fair.it\/fr\/produits\/competition-shotguns\/","url":"https:\/\/www.fair.it\/fr\/produits\/competition-shotguns\/","name":"FUSILS DE TIR - Fair","isPartOf":{"@id":"https:\/\/www.fair.it\/#website"},"datePublished":"2021-04-01T12:36:28+00:00","dateModified":"2024-02-24T17:00:47+00:00","breadcrumb":{"@id":"https:\/\/www.fair.it\/fr\/produits\/competition-shotguns\/#breadcrumb"},"inLanguage":"fr-FR","potentialAction":[{"@type":"ReadAction","target":["https:\/\/www.fair.it\/fr\/produits\/competition-shotguns\/"]}]},{"@type":"BreadcrumbList","@id":"https:\/\/www.fair.it\/fr\/produits\/competition-shotguns\/#breadcrumb","itemListElement":[{"@type":"ListItem","position":1,"name":"Home","item":"https:\/\/www.fair.it\/fr\/"},{"@type":"ListItem","position":2,"name":"Produits","item":"https:\/\/www.fair.it\/fr\/produits\/"},{"@type":"ListItem","position":3,"name":"FUSILS DE TIR"}]},{"@type":"WebSite","@id":"https:\/\/www.fair.it\/#website","url":"https:\/\/www.fair.it\/","name":"Fair","description":"","publisher":{"@id":"https:\/\/www.fair.it\/#organization"},"potentialAction":[{"@type":"SearchAction","target":{"@type":"EntryPoint","urlTemplate":"https:\/\/www.fair.it\/?s={search_term_string}"},"query-input":"required name=search_term_string"}],"inLanguage":"fr-FR"},{"@type":"Organization","@id":"https:\/\/www.fair.it\/#organization","name":"F.a.i.r. srl","url":"https:\/\/www.fair.it\/","logo":{"@type":"ImageObject","inLanguage":"fr-FR","@id":"https:\/\/www.fair.it\/#\/schema\/logo\/image\/","url":"https:\/\/www.fair.it\/wp-content\/uploads\/LOGO-2-scaled.jpg","contentUrl":"https:\/\/www.fair.it\/wp-content\/uploads\/LOGO-2-scaled.jpg","width":2560,"height":1328,"caption":"F.a.i.r. srl"},"image":{"@id":"https:\/\/www.fair.it\/#\/schema\/logo\/image\/"},"sameAs":["https:\/\/www.facebook.com\/fair.italy","https:\/\/x.com\/FAIRITALY1971","https:\/\/www.instagram.com\/fairitaly\/","https:\/\/www.pinterest.it\/FAIRITALY\/","https:\/\/www.youtube.com\/channel\/UC2fQOBPNpVoq3RjivV7_KpQ"]}]}},"_links":{"self":[{"href":"https:\/\/www.fair.it\/fr\/wp-json\/wp\/v2\/pages\/6002"}],"collection":[{"href":"https:\/\/www.fair.it\/fr\/wp-json\/wp\/v2\/pages"}],"about":[{"href":"https:\/\/www.fair.it\/fr\/wp-json\/wp\/v2\/types\/page"}],"author":[{"embeddable":true,"href":"https:\/\/www.fair.it\/fr\/wp-json\/wp\/v2\/users\/1"}],"replies":[{"embeddable":true,"href":"https:\/\/www.fair.it\/fr\/wp-json\/wp\/v2\/comments?post=6002"}],"version-history":[{"count":3,"href":"https:\/\/www.fair.it\/fr\/wp-json\/wp\/v2\/pages\/6002\/revisions"}],"predecessor-version":[{"id":31709,"href":"https:\/\/www.fair.it\/fr\/wp-json\/wp\/v2\/pages\/6002\/revisions\/31709"}],"up":[{"embeddable":true,"href":"https:\/\/www.fair.it\/fr\/wp-json\/wp\/v2\/pages\/6509"}],"wp:attachment":[{"href":"https:\/\/www.fair.it\/fr\/wp-json\/wp\/v2\/media?parent=6002"}],"curies":[{"name":"wp","href":"https:\/\/api.w.org\/{rel}","templated":true}]}}