{"id":5982,"date":"2021-04-01T11:32:50","date_gmt":"2021-04-01T09:32:50","guid":{"rendered":"https:\/\/fair.sviluppo.host\/?page_id=5982"},"modified":"2024-02-24T18:35:07","modified_gmt":"2024-02-24T17:35:07","slug":"fusils-de-chasse","status":"publish","type":"page","link":"https:\/\/www.fair.it\/fr\/produits\/fusils-de-chasse\/","title":{"rendered":"FUSILS DE CHASSE"},"content":{"rendered":"\n\n\t<section class=\"section dark\" id=\"section_1777379085\">\n\t\t<div class=\"section-bg fill\" >\n\t\t\t<img loading=\"lazy\" decoding=\"async\" width=\"1920\" height=\"1280\" src=\"https:\/\/www.fair.it\/wp-content\/uploads\/sfondo-legno.jpg\" class=\"bg attachment- size-\" alt=\"\" \/>\t\t\t\t\t\t\n\t\t\t\n\n\t\t<\/div>\n\n\t\t\n\n\t\t<div class=\"section-content relative\">\n\t\t\t\n\n\n\t\t<\/div>\n\n\t\t\n<style>\n#section_1777379085 {\n  padding-top: 0px;\n  padding-bottom: 0px;\n  min-height: 170px;\n}\n@media (min-width:550px) {\n  #section_1777379085 {\n    padding-top: 30px;\n    padding-bottom: 30px;\n    min-height: 170px;\n  }\n}\n<\/style>\n\t<\/section>\n\t\n\n\t<section class=\"section\" id=\"section_975764808\">\n\t\t<div class=\"section-bg fill\" >\n\t\t\t\t\t\t\t\t\t\n\t\t\t\n\n\t\t<\/div>\n\n\t\t\n\n\t\t<div class=\"section-content relative\">\n\t\t\t\n\n<div class=\"row align-center\"  id=\"row-917647328\">\n\n\n\t<div id=\"col-913097040\" class=\"col medium-10 small-12 large-9\"  >\n\t\t\t\t<div class=\"col-inner text-center box-shadow-1\" style=\"background-color:rgb(255, 255, 255);\" >\n\t\t\t\n\t\t\t\n\n<h1>FUSILS DE CHASSE<\/h1>\n<p>Des gammes d\u00e9di\u00e9es \u00e0 la chasse qui allient la meilleure technologie de fabrication \u00e0 la<br \/>\ntradition s\u00e9culaire des armuriers italiens.<\/p>\n\n\n\t\t<\/div>\n\t\t\t\t\n<style>\n#col-913097040 > .col-inner {\n  margin: -100px 0px 0px 0px;\n}\n<\/style>\n\t<\/div>\n\n\t\n\n\n<style>\n#row-917647328 > .col > .col-inner {\n  padding: 45px 25px 15px 25px;\n}\n@media (min-width:550px) {\n  #row-917647328 > .col > .col-inner {\n    padding: 45px 80px 15px 80px;\n  }\n}\n@media (min-width:850px) {\n  #row-917647328 > .col > .col-inner {\n    padding: 50px 50px 30px 50px;\n  }\n}\n<\/style>\n<\/div>\n\n\t\t<\/div>\n\n\t\t\n<style>\n#section_975764808 {\n  padding-top: 0px;\n  padding-bottom: 0px;\n  min-height: 0px;\n}\n<\/style>\n\t<\/section>\n\t\n\n\t<section class=\"section\" id=\"section_1943684332\">\n\t\t<div class=\"section-bg fill\" >\n\t\t\t\t\t\t\t\t\t\n\t\t\t\n\n\t\t<\/div>\n\n\t\t\n\n\t\t<div class=\"section-content relative\">\n\t\t\t\n\n\t<div id=\"gap-427067645\" class=\"gap-element clearfix\" style=\"display:block; height:auto;\">\n\t\t\n<style>\n#gap-427067645 {\n  padding-top: 18px;\n}\n<\/style>\n\t<\/div>\n\t\n\n  <div class=\"banner-grid-wrapper\">\n  <div id=\"banner-grid-89126146\" class=\"banner-grid row row-grid row-small\" data-packery-options=\"\">\n                      \n\n<div class=\"col grid-col small-13 large-3 grid-col-1 padding-bottom-0 padding-bottom-5\" ><div class=\"col-inner\">\n\n\n  <div class=\"banner has-hover bg-zoom\" id=\"banner-1661682356\">\n          <div class=\"banner-inner fill\">\n        <div class=\"banner-bg fill\" >\n            <img loading=\"lazy\" decoding=\"async\" width=\"951\" height=\"800\" src=\"https:\/\/www.fair.it\/wp-content\/uploads\/fucili-da-caccia-1-951x800.jpg\" class=\"bg attachment-large size-large\" alt=\"\" \/>                        <div class=\"overlay\"><\/div>            \n                    <\/div>\n\t\t\n        <div class=\"banner-layers container\">\n            <a class=\"fill\" href=\"\/fr\/produits\/fusils-de-chasse\/superposes\/\" ><div class=\"fill banner-link\"><\/div><\/a>            \n\n   <div id=\"text-box-1624590834\" class=\"text-box banner-layer x50 md-x50 lg-x50 y50 md-y50 lg-y50 res-text\">\n                                <div class=\"text-box-content text dark\">\n              \n              <div class=\"text-inner text-center\">\n                  \n\n<h2><strong style=\"color: black !important;\"><a href=\"\/fr\/produits\/fusils-de-chasse\/superposes\/\">SUPERPOSES<\/a><\/strong><\/h2>\n\n              <\/div>\n           <\/div>\n                            \n<style>\n#text-box-1624590834 {\n  width: 100%;\n}\n#text-box-1624590834 .text-box-content {\n  font-size: 100%;\n}\n@media (min-width:850px) {\n  #text-box-1624590834 {\n    width: 100%;\n  }\n}\n<\/style>\n    <\/div>\n \n\n        <\/div>\n      <\/div>\n\n            \n<style>\n#banner-1661682356 {\n  padding-top: 500px;\n}\n#banner-1661682356 .overlay {\n  background-color: rgba(0, 0, 0, 0.2);\n}\n<\/style>\n  <\/div>\n\n\n\n<\/div><\/div>\n<div class=\"col grid-col small-12 large-3 grid-col-1 padding-bottom-0 padding-bottom-5\" ><div class=\"col-inner\">\n\n\n  <div class=\"banner has-hover bg-zoom\" id=\"banner-1136273707\">\n          <div class=\"banner-inner fill\">\n        <div class=\"banner-bg fill\" >\n            <img loading=\"lazy\" decoding=\"async\" width=\"951\" height=\"800\" src=\"https:\/\/www.fair.it\/wp-content\/uploads\/fucili-caccia-paralleli-951x800.jpg\" class=\"bg attachment-large size-large\" alt=\"\" \/>                        <div class=\"overlay\"><\/div>            \n                    <\/div>\n\t\t\n        <div class=\"banner-layers container\">\n            <a class=\"fill\" href=\"\/fr\/produits\/fusils-de-chasse\/juxtapose\/\" ><div class=\"fill banner-link\"><\/div><\/a>            \n\n   <div id=\"text-box-429962412\" class=\"text-box banner-layer x50 md-x50 lg-x50 y50 md-y50 lg-y50 res-text\">\n                                <div class=\"text-box-content text dark\">\n              \n              <div class=\"text-inner text-center\">\n                  \n\n<h2><strong style=\"color: black !important;\"><a href=\"\/fr\/produits\/fusils-de-chasse\/juxtapose\/\">JUXTAPOSES<\/a><\/strong><\/h2>\n\n              <\/div>\n           <\/div>\n                            \n<style>\n#text-box-429962412 {\n  width: 100%;\n}\n#text-box-429962412 .text-box-content {\n  font-size: 100%;\n}\n@media (min-width:550px) {\n  #text-box-429962412 {\n    width: 100%;\n  }\n}\n@media (min-width:850px) {\n  #text-box-429962412 {\n    width: 100%;\n  }\n}\n<\/style>\n    <\/div>\n \n\n        <\/div>\n      <\/div>\n\n            \n<style>\n#banner-1136273707 {\n  padding-top: 500px;\n}\n#banner-1136273707 .overlay {\n  background-color: rgba(0, 0, 0, 0.26);\n}\n<\/style>\n  <\/div>\n\n\n\n<\/div><\/div>\n<div class=\"col grid-col small-12 large-3 grid-col-1 padding-bottom-0 padding-bottom-5\" ><div class=\"col-inner\">\n\n\n  <div class=\"banner has-hover bg-zoom\" id=\"banner-1679530835\">\n          <div class=\"banner-inner fill\">\n        <div class=\"banner-bg fill\" >\n            <img loading=\"lazy\" decoding=\"async\" width=\"951\" height=\"800\" src=\"https:\/\/www.fair.it\/wp-content\/uploads\/APERTURA-EXPRESS-1-951x800.jpg\" class=\"bg attachment-large size-large\" alt=\"\" \/>                        <div class=\"overlay\"><\/div>            \n                    <\/div>\n\t\t\n        <div class=\"banner-layers container\">\n            <a class=\"fill\" href=\"\/fr\/produits\/fusils-de-chasse\/express\/\" ><div class=\"fill banner-link\"><\/div><\/a>            \n\n   <div id=\"text-box-1884536328\" class=\"text-box banner-layer x50 md-x50 lg-x50 y50 md-y50 lg-y50 res-text\">\n                                <div class=\"text-box-content text dark\">\n              \n              <div class=\"text-inner text-center\">\n                  \n\n<h2><strong style=\"color: black !important;\"><a href=\"\/fr\/produits\/fusils-de-chasse\/express\/\">RIFLES<\/a><\/strong><\/h2>\n\n              <\/div>\n           <\/div>\n                            \n<style>\n#text-box-1884536328 {\n  width: 100%;\n}\n#text-box-1884536328 .text-box-content {\n  font-size: 100%;\n}\n@media (min-width:550px) {\n  #text-box-1884536328 {\n    width: 100%;\n  }\n}\n@media (min-width:850px) {\n  #text-box-1884536328 {\n    width: 100%;\n  }\n}\n<\/style>\n    <\/div>\n \n\n        <\/div>\n      <\/div>\n\n            \n<style>\n#banner-1679530835 {\n  padding-top: 500px;\n}\n#banner-1679530835 .overlay {\n  background-color: rgba(0, 0, 0, 0.1);\n}\n<\/style>\n  <\/div>\n\n\n\n<\/div><\/div>\n<div class=\"col grid-col small-12 large-3 grid-col-1 padding-bottom-0 padding-bottom-5\" ><div class=\"col-inner\">\n\n\n  <div class=\"banner has-hover bg-zoom\" id=\"banner-439882744\">\n          <div class=\"banner-inner fill\">\n        <div class=\"banner-bg fill\" >\n            <img loading=\"lazy\" decoding=\"async\" width=\"951\" height=\"800\" src=\"https:\/\/www.fair.it\/wp-content\/uploads\/fucili-da-caccia-semiautomatici-1.jpg\" class=\"bg attachment-large size-large\" alt=\"\" \/>                        <div class=\"overlay\"><\/div>            \n                    <\/div>\n\t\t\n        <div class=\"banner-layers container\">\n            <a class=\"fill\" href=\"\/fr\/produits\/fusils-de-chasse\/ssx12\/\" ><div class=\"fill banner-link\"><\/div><\/a>            \n\n   <div id=\"text-box-2069972252\" class=\"text-box banner-layer x50 md-x50 lg-x50 y50 md-y50 lg-y50 res-text\">\n                                <div class=\"text-box-content text dark\">\n              \n              <div class=\"text-inner text-center\">\n                  \n\n<h2><strong style=\"color: black !important;\"><a href=\"\/fr\/produits\/fusils-de-chasse\/ssx12\/\">SEMI-AUTOMATIQUE<\/a><\/strong><\/h2>\n\n              <\/div>\n           <\/div>\n                            \n<style>\n#text-box-2069972252 {\n  width: 100%;\n}\n#text-box-2069972252 .text-box-content {\n  font-size: 100%;\n}\n@media (min-width:550px) {\n  #text-box-2069972252 {\n    width: 100%;\n  }\n}\n@media (min-width:850px) {\n  #text-box-2069972252 {\n    width: 100%;\n  }\n}\n<\/style>\n    <\/div>\n \n\n        <\/div>\n      <\/div>\n\n            \n<style>\n#banner-439882744 {\n  padding-top: 500px;\n}\n#banner-439882744 .overlay {\n  background-color: rgba(0, 0, 0, 0.26);\n}\n<\/style>\n  <\/div>\n\n\n\n<\/div><\/div>\n\n            <\/div>\n    <style>\n    #banner-grid-89126146 .grid-col-1{height: 250px}\n    #banner-grid-89126146 .grid-col-1-2{height: 125px}\n    #banner-grid-89126146 .grid-col-1-3{height:83.333333333333px}\n    #banner-grid-89126146 .grid-col-2-3{height: 166.66666666667px}\n    #banner-grid-89126146 .grid-col-1-4{height: 62.5px}\n    #banner-grid-89126146 .grid-col-3-4{height: 187.5px}\n\n\n    \n    \n\n  <\/style>\n    <\/div>\n  \n\t<div id=\"gap-393531709\" class=\"gap-element clearfix\" style=\"display:block; height:auto;\">\n\t\t\n<style>\n#gap-393531709 {\n  padding-top: 17px;\n}\n<\/style>\n\t<\/div>\n\t\n\n\n\t\t<\/div>\n\n\t\t\n<style>\n#section_1943684332 {\n  padding-top: 0px;\n  padding-bottom: 0px;\n  background-color: rgb(255,255,255);\n}\n@media (min-width:550px) {\n  #section_1943684332 {\n    padding-top: 10px;\n    padding-bottom: 10px;\n  }\n}\n<\/style>\n\t<\/section>\n\t\n\t<div id=\"gap-21338949\" class=\"gap-element clearfix\" style=\"display:block; height:auto;\">\n\t\t\n<style>\n#gap-21338949 {\n  padding-top: 30px;\n}\n<\/style>\n\t<\/div>\n\t\n\n\n\t<section class=\"section\" id=\"section_667736004\">\n\t\t<div class=\"section-bg fill\" >\n\t\t\t\t\t\t\t\t\t\n\t\t\t\n\n\t\t<\/div>\n\n\t\t\n\n\t\t<div class=\"section-content relative\">\n\t\t\t\n\n<div class=\"row\"  id=\"row-219036115\">\n\n\n\t<div id=\"col-98601130\" class=\"col small-12 large-12\"  >\n\t\t\t\t<div class=\"col-inner\"  >\n\t\t\t\n\t\t\t\n\n\t<div id=\"text-2478104670\" class=\"text testo-giustificato\">\n\t\t\n\n<h2>DES FUSILS QUI NE SONT PAS DES PRODUITS DE MARKETING, MAIS DES PRODUITS \u00c9TUDI\u00c9S,<br \/>\nD\u00c9VELOPP\u00c9S, \u00c9PROUV\u00c9S ET FABRIQU\u00c9S POUR R\u00c9PONDRE AUX ATTENTES DE TOUS LES<br \/>\nCHASSEURS<\/h2>\n\n\t\t\n<style>\n#text-2478104670 {\n  font-size: 0.9rem;\n}\n<\/style>\n\t<\/div>\n\t\n\t<div id=\"text-833368752\" class=\"text testo-giustificato\">\n\t\t\n\n<p><a href=\"https:\/\/www.fair.it\/fr\/\"><strong>F.A.I.R. \u00ae<\/strong><\/a> est fi\u00e8re de pr\u00e9senter <strong>sa gamme de fusils superpos\u00e9s de chasse<\/strong> con\u00e7us dans le respect de la tradition. Des fusils qui ne sont pas de simples produits de marketing, mais des produits \u00e9tudi\u00e9s, d\u00e9velopp\u00e9s, \u00e9prouv\u00e9s et fabriqu\u00e9s pour r\u00e9pondre aux attentes de tous les chasseurs en termes de <strong>qualit\u00e9, fiabilit\u00e9<\/strong> et <strong>pr\u00e9cision.<\/strong><\/p>\n<p data-pm-slice=\"1 1 &#091;&#093;\">La <strong>recherche de la perfection<\/strong>, le <strong>souci du d\u00e9tail<\/strong>, l&rsquo;<strong>interchangeabilit\u00e9 des composants<\/strong> ne sont que quelques-uns des points de d\u00e9part sur lesquels repose le d\u00e9veloppement de cette ligne de chasse, qui repr\u00e9sente une synth\u00e8se de <strong>nouvelles technologies<\/strong>, allant des <strong>finitions des surfaces<\/strong> aux <strong>nouveaux mat\u00e9riaux \u00e0 haute r\u00e9sistance.<\/strong><\/p>\n\t\t\t<\/div>\n\t\n\t<div id=\"text-1386198165\" class=\"text testo-giustificato\">\n\t\t\n\n<h2>LA GAMME DE CHASSE<\/h2>\n\n\t\t\n<style>\n#text-1386198165 {\n  font-size: 0.9rem;\n}\n<\/style>\n\t<\/div>\n\t\n\t<div id=\"text-32256690\" class=\"text testo-giustificato\">\n\t\t\n\n<p data-pm-slice=\"1 1 &#091;&#093;\">La gamme de chasse est divis\u00e9e en plusieurs types de produits : parmi eux, vous trouverez des fusils juxtapos\u00e9s et superpos\u00e9s \u00e0 canon lisse et ray\u00e9, ainsi que notre semi-automatique SSX12.<\/p>\n<p data-pm-slice=\"1 1 &#091;&#093;\"><br \/>Les<strong><a href=\"https:\/\/www.fair.it\/fr\/produits\/fusils-de-chasse\/superposes\/\">fusils superpos\u00e9s \u00e0 canon lisse<\/a><\/strong>sont divis\u00e9s en 7 familles :<\/p>\n<ul>\n<li>LINCOLN GAME<\/li>\n<li>PREMIER<\/li>\n<li>SLX 600<\/li>\n<li>SLX 692<\/li>\n<li>XLIGHT\u00ae bascule en ergal<\/li>\n<li>SLX 800<\/li>\n<li>JUBILEE<\/li>\n<li>CLASSIC (exclusif pour le march\u00e9 italien)<\/li>\n<\/ul>\n<p data-pm-slice=\"1 1 &#091;&#093;\">Les <a href=\"https:\/\/www.fair.it\/fr\/produits\/fusils-de-chasse\/juxtapose\/\"><strong>fusils juxtapos\u00e9s \u00e0 canon lisse<\/strong><\/a> sont divis\u00e9s en 3 familles :<\/p>\n<ul>\n<li>ISIDE<\/li>\n<li>ISIDE PRESTIGE\u00a0<\/li>\n<li>ISIDE VINTAGE<\/li>\n<\/ul>\n<p>La <a href=\"https:\/\/www.fair.it\/fr\/produits\/fusils-de-chasse\/rifles\/\"><strong>gamme de carabines \u00e0 canon ray\u00e9<\/strong><\/a> est divis\u00e9e en 4 familles :\u00a0<\/p>\n<ul>\n<li>SAFARI<\/li>\n<li>COMBI<\/li>\n<li>K 500 Kipplauf<\/li>\n<li>ISIDE SAFARI (juxstapose) \u00e9galement disponible avec chiens ext\u00e9rieurs<\/li>\n<\/ul>\n<p><a href=\"https:\/\/www.fair.it\/fr\/produits\/fusils-de-chasse\/ssx12\/\"><strong>Semi-automatic shotgun<\/strong><\/a><\/p>\n<ul>\n<li>SSX12<\/li>\n<\/ul>\n\t\t\t<\/div>\n\t\n\n\t\t<\/div>\n\t\t\t\t\t<\/div>\n\n\t\n\n\t<div id=\"col-146825225\" class=\"col small-12 large-12\"  >\n\t\t\t\t<div class=\"col-inner\"  >\n\t\t\t\n\t\t\t\n\n\t<div id=\"text-3942060620\" class=\"text testo-giustificato\">\n\t\t\n\n<p data-pm-slice=\"1 1 &#091;&#093;\">Parmi les diff\u00e9rentes familles, le chasseur pourra certainement trouver l&rsquo;arme la plus adapt\u00e9e \u00e0 ses besoins, allant des versions plus sobres du <strong>mod\u00e8le PREMIER<\/strong> aux <strong>versions sp\u00e9ciales<\/strong> GOOSE \u2013 SLUG \u2013 BATTUE, des v<strong>ersions super l\u00e9g\u00e8res<\/strong> XLIGHT\u00ae aux <strong>versions<\/strong> JUBILEE et JUBILEE PRESTIGE <strong>recherch\u00e9es<\/strong> pour leur pr\u00e9sentation diff\u00e9rente, jusqu&rsquo;aux juxtapos\u00e9s ISIDE uniques par leur raffinement de conception et de fabrication.<\/p>\n\t\t\t<\/div>\n\t\n<a href=\"https:\/\/www.fair.it\/fr\/technologie\/\" class=\"button primary\"  >\n\t\t<span>technologie<\/span>\n\t<\/a>\n\n\n<a href=\"https:\/\/www.fair.it\/fr\/symboles\/\" class=\"button primary\"  >\n\t\t<span>symboles<\/span>\n\t<\/a>\n\n\n\t<div id=\"text-1145796379\" class=\"text testo-giustificato\">\n\t\t\n\n<p data-pm-slice=\"1 1 &#091;&#093;\"><strong>SUPERPOS\u00c9S<\/strong><\/p>\n<p data-pm-slice=\"1 1 &#091;&#093;\">Les fusils <a href=\"https:\/\/www.fair.it\/fr\/produits\/fusils-de-chasse\/superposes\/\">superpos\u00e9s F.A.I.R.<\/a>\u00a0sont \u00e0 la fois <strong>\u00e9l\u00e9gants et robustes<\/strong>, avec un <strong>raffinement esth\u00e9tique \u00e9lev\u00e9<\/strong>. Ils sont disponibles dans quatre configurations de bascules d\u00e9di\u00e9es.<\/p>\n<p data-pm-slice=\"1 1 &#091;&#093;\"><strong>JUXTAPOS\u00c9S<\/strong><\/p>\n<p data-pm-slice=\"1 1 &#091;&#093;\">Dans les fusils <a href=\"https:\/\/www.fair.it\/fr\/produits\/fusils-de-chasse\/juxtapose\/\">juxtapos\u00e9s F.A.I.R.<\/a>, la <strong>puret\u00e9 des lignes des bascules rondes<\/strong> se marie avec le <strong>raffinement des gravures<\/strong>.<\/p>\n<p data-pm-slice=\"1 1 &#091;&#093;\"><strong>RAY\u00c9S<\/strong><\/p>\n<p data-pm-slice=\"1 1 &#091;&#093;\">Le slogan de F.A.I.R.\u00ae, connu dans le monde entier, est \u00ab\u00a0<strong>TRADITION ET TECHNOLOGIE<\/strong>\u00a0\u00bb : cette expression illustre <strong>l&rsquo;esprit qui nous guide<\/strong> m\u00eame dans la fabrication des <a href=\"https:\/\/www.fair.it\/fr\/produits\/fusils-de-chasse\/rifles\/\">fusils \u00e0 canons ray\u00e9s<\/a>.<\/p>\n<p><strong>SEMIAUTOMATIQUE SSX12<\/strong><\/p>\n<p>Ce <a href=\"https:\/\/www.fair.it\/fr\/produits\/fusils-de-chasse\/ssx12\/\">fusil semi-automatique F.A.I.R.\u00ae SSX12<\/a>, \u00e0 fonctionnement inertiel, est la <strong>r\u00e9ponse \u00e0 nos clients<\/strong> qui exigent <strong>un produit diff\u00e9rent<\/strong> de la production de fusils superpos\u00e9s et juxtapos\u00e9s,<\/p>\n<p>pour lesquels F.A.I.R.\u00ae est synonyme de qualit\u00e9 dans le monde entier.<\/p>\n\t\t\t<\/div>\n\t\n\n\t\t<\/div>\n\t\t\t\t\t<\/div>\n\n\t\n\n<\/div>\n\n\t\t<\/div>\n\n\t\t\n<style>\n#section_667736004 {\n  padding-top: 5px;\n  padding-bottom: 5px;\n}\n<\/style>\n\t<\/section>\n\t\n\n","protected":false},"excerpt":{"rendered":"","protected":false},"author":1,"featured_media":0,"parent":6509,"menu_order":0,"comment_status":"closed","ping_status":"closed","template":"page-blank.php","meta":{"footnotes":""},"class_list":["post-5982","page","type-page","status-publish","hentry"],"yoast_head":"<!-- This site is optimized with the Yoast SEO plugin v23.0 - https:\/\/yoast.com\/wordpress\/plugins\/seo\/ -->\n<title>FUSILS DE CHASSE - Fair<\/title>\n<meta name=\"robots\" content=\"index, follow, max-snippet:-1, max-image-preview:large, max-video-preview:-1\" \/>\n<link rel=\"canonical\" href=\"https:\/\/www.fair.it\/fr\/produits\/fusils-de-chasse\/\" \/>\n<meta property=\"og:locale\" content=\"fr_FR\" \/>\n<meta property=\"og:type\" content=\"article\" \/>\n<meta property=\"og:title\" content=\"FUSILS DE CHASSE - Fair\" \/>\n<meta property=\"og:url\" content=\"https:\/\/www.fair.it\/fr\/produits\/fusils-de-chasse\/\" \/>\n<meta property=\"og:site_name\" content=\"Fair\" \/>\n<meta property=\"article:publisher\" content=\"https:\/\/www.facebook.com\/fair.italy\" \/>\n<meta property=\"article:modified_time\" content=\"2024-02-24T17:35:07+00:00\" \/>\n<meta property=\"og:image\" content=\"https:\/\/www.fair.it\/wp-content\/uploads\/LOGO-2-scaled.jpg\" \/>\n\t<meta property=\"og:image:width\" content=\"2560\" \/>\n\t<meta property=\"og:image:height\" content=\"1328\" \/>\n\t<meta property=\"og:image:type\" content=\"image\/jpeg\" \/>\n<meta name=\"twitter:card\" content=\"summary_large_image\" \/>\n<meta name=\"twitter:site\" content=\"@FAIRITALY1971\" \/>\n<script type=\"application\/ld+json\" class=\"yoast-schema-graph\">{\"@context\":\"https:\/\/schema.org\",\"@graph\":[{\"@type\":\"WebPage\",\"@id\":\"https:\/\/www.fair.it\/fr\/produits\/fusils-de-chasse\/\",\"url\":\"https:\/\/www.fair.it\/fr\/produits\/fusils-de-chasse\/\",\"name\":\"FUSILS DE CHASSE - Fair\",\"isPartOf\":{\"@id\":\"https:\/\/www.fair.it\/#website\"},\"datePublished\":\"2021-04-01T09:32:50+00:00\",\"dateModified\":\"2024-02-24T17:35:07+00:00\",\"breadcrumb\":{\"@id\":\"https:\/\/www.fair.it\/fr\/produits\/fusils-de-chasse\/#breadcrumb\"},\"inLanguage\":\"fr-FR\",\"potentialAction\":[{\"@type\":\"ReadAction\",\"target\":[\"https:\/\/www.fair.it\/fr\/produits\/fusils-de-chasse\/\"]}]},{\"@type\":\"BreadcrumbList\",\"@id\":\"https:\/\/www.fair.it\/fr\/produits\/fusils-de-chasse\/#breadcrumb\",\"itemListElement\":[{\"@type\":\"ListItem\",\"position\":1,\"name\":\"Home\",\"item\":\"https:\/\/www.fair.it\/fr\/\"},{\"@type\":\"ListItem\",\"position\":2,\"name\":\"Produits\",\"item\":\"https:\/\/www.fair.it\/fr\/produits\/\"},{\"@type\":\"ListItem\",\"position\":3,\"name\":\"FUSILS DE CHASSE\"}]},{\"@type\":\"WebSite\",\"@id\":\"https:\/\/www.fair.it\/#website\",\"url\":\"https:\/\/www.fair.it\/\",\"name\":\"Fair\",\"description\":\"\",\"publisher\":{\"@id\":\"https:\/\/www.fair.it\/#organization\"},\"potentialAction\":[{\"@type\":\"SearchAction\",\"target\":{\"@type\":\"EntryPoint\",\"urlTemplate\":\"https:\/\/www.fair.it\/?s={search_term_string}\"},\"query-input\":\"required name=search_term_string\"}],\"inLanguage\":\"fr-FR\"},{\"@type\":\"Organization\",\"@id\":\"https:\/\/www.fair.it\/#organization\",\"name\":\"F.a.i.r. srl\",\"url\":\"https:\/\/www.fair.it\/\",\"logo\":{\"@type\":\"ImageObject\",\"inLanguage\":\"fr-FR\",\"@id\":\"https:\/\/www.fair.it\/#\/schema\/logo\/image\/\",\"url\":\"https:\/\/www.fair.it\/wp-content\/uploads\/LOGO-2-scaled.jpg\",\"contentUrl\":\"https:\/\/www.fair.it\/wp-content\/uploads\/LOGO-2-scaled.jpg\",\"width\":2560,\"height\":1328,\"caption\":\"F.a.i.r. srl\"},\"image\":{\"@id\":\"https:\/\/www.fair.it\/#\/schema\/logo\/image\/\"},\"sameAs\":[\"https:\/\/www.facebook.com\/fair.italy\",\"https:\/\/x.com\/FAIRITALY1971\",\"https:\/\/www.instagram.com\/fairitaly\/\",\"https:\/\/www.pinterest.it\/FAIRITALY\/\",\"https:\/\/www.youtube.com\/channel\/UC2fQOBPNpVoq3RjivV7_KpQ\"]}]}<\/script>\n<!-- \/ Yoast SEO plugin. -->","yoast_head_json":{"title":"FUSILS DE CHASSE - Fair","robots":{"index":"index","follow":"follow","max-snippet":"max-snippet:-1","max-image-preview":"max-image-preview:large","max-video-preview":"max-video-preview:-1"},"canonical":"https:\/\/www.fair.it\/fr\/produits\/fusils-de-chasse\/","og_locale":"fr_FR","og_type":"article","og_title":"FUSILS DE CHASSE - Fair","og_url":"https:\/\/www.fair.it\/fr\/produits\/fusils-de-chasse\/","og_site_name":"Fair","article_publisher":"https:\/\/www.facebook.com\/fair.italy","article_modified_time":"2024-02-24T17:35:07+00:00","og_image":[{"width":2560,"height":1328,"url":"https:\/\/www.fair.it\/wp-content\/uploads\/LOGO-2-scaled.jpg","type":"image\/jpeg"}],"twitter_card":"summary_large_image","twitter_site":"@FAIRITALY1971","schema":{"@context":"https:\/\/schema.org","@graph":[{"@type":"WebPage","@id":"https:\/\/www.fair.it\/fr\/produits\/fusils-de-chasse\/","url":"https:\/\/www.fair.it\/fr\/produits\/fusils-de-chasse\/","name":"FUSILS DE CHASSE - Fair","isPartOf":{"@id":"https:\/\/www.fair.it\/#website"},"datePublished":"2021-04-01T09:32:50+00:00","dateModified":"2024-02-24T17:35:07+00:00","breadcrumb":{"@id":"https:\/\/www.fair.it\/fr\/produits\/fusils-de-chasse\/#breadcrumb"},"inLanguage":"fr-FR","potentialAction":[{"@type":"ReadAction","target":["https:\/\/www.fair.it\/fr\/produits\/fusils-de-chasse\/"]}]},{"@type":"BreadcrumbList","@id":"https:\/\/www.fair.it\/fr\/produits\/fusils-de-chasse\/#breadcrumb","itemListElement":[{"@type":"ListItem","position":1,"name":"Home","item":"https:\/\/www.fair.it\/fr\/"},{"@type":"ListItem","position":2,"name":"Produits","item":"https:\/\/www.fair.it\/fr\/produits\/"},{"@type":"ListItem","position":3,"name":"FUSILS DE CHASSE"}]},{"@type":"WebSite","@id":"https:\/\/www.fair.it\/#website","url":"https:\/\/www.fair.it\/","name":"Fair","description":"","publisher":{"@id":"https:\/\/www.fair.it\/#organization"},"potentialAction":[{"@type":"SearchAction","target":{"@type":"EntryPoint","urlTemplate":"https:\/\/www.fair.it\/?s={search_term_string}"},"query-input":"required name=search_term_string"}],"inLanguage":"fr-FR"},{"@type":"Organization","@id":"https:\/\/www.fair.it\/#organization","name":"F.a.i.r. srl","url":"https:\/\/www.fair.it\/","logo":{"@type":"ImageObject","inLanguage":"fr-FR","@id":"https:\/\/www.fair.it\/#\/schema\/logo\/image\/","url":"https:\/\/www.fair.it\/wp-content\/uploads\/LOGO-2-scaled.jpg","contentUrl":"https:\/\/www.fair.it\/wp-content\/uploads\/LOGO-2-scaled.jpg","width":2560,"height":1328,"caption":"F.a.i.r. srl"},"image":{"@id":"https:\/\/www.fair.it\/#\/schema\/logo\/image\/"},"sameAs":["https:\/\/www.facebook.com\/fair.italy","https:\/\/x.com\/FAIRITALY1971","https:\/\/www.instagram.com\/fairitaly\/","https:\/\/www.pinterest.it\/FAIRITALY\/","https:\/\/www.youtube.com\/channel\/UC2fQOBPNpVoq3RjivV7_KpQ"]}]}},"_links":{"self":[{"href":"https:\/\/www.fair.it\/fr\/wp-json\/wp\/v2\/pages\/5982"}],"collection":[{"href":"https:\/\/www.fair.it\/fr\/wp-json\/wp\/v2\/pages"}],"about":[{"href":"https:\/\/www.fair.it\/fr\/wp-json\/wp\/v2\/types\/page"}],"author":[{"embeddable":true,"href":"https:\/\/www.fair.it\/fr\/wp-json\/wp\/v2\/users\/1"}],"replies":[{"embeddable":true,"href":"https:\/\/www.fair.it\/fr\/wp-json\/wp\/v2\/comments?post=5982"}],"version-history":[{"count":3,"href":"https:\/\/www.fair.it\/fr\/wp-json\/wp\/v2\/pages\/5982\/revisions"}],"predecessor-version":[{"id":31719,"href":"https:\/\/www.fair.it\/fr\/wp-json\/wp\/v2\/pages\/5982\/revisions\/31719"}],"up":[{"embeddable":true,"href":"https:\/\/www.fair.it\/fr\/wp-json\/wp\/v2\/pages\/6509"}],"wp:attachment":[{"href":"https:\/\/www.fair.it\/fr\/wp-json\/wp\/v2\/media?parent=5982"}],"curies":[{"name":"wp","href":"https:\/\/api.w.org\/{rel}","templated":true}]}}