{"id":5772,"date":"2021-03-29T16:36:49","date_gmt":"2021-03-29T14:36:49","guid":{"rendered":"https:\/\/fair.sviluppo.host\/?page_id=5772"},"modified":"2021-03-29T16:43:33","modified_gmt":"2021-03-29T14:43:33","slug":"developpement","status":"publish","type":"page","link":"https:\/\/www.fair.it\/fr\/developpement\/","title":{"rendered":"D\u00c9VELOPPEMENT"},"content":{"rendered":"\n\n\t<section class=\"section dark\" id=\"section_1207033850\">\n\t\t<div class=\"section-bg fill\" >\n\t\t\t<img loading=\"lazy\" decoding=\"async\" width=\"1920\" height=\"1280\" src=\"https:\/\/www.fair.it\/wp-content\/uploads\/sfondo-legno.jpg\" class=\"bg attachment- size-\" alt=\"\" \/>\t\t\t\t\t\t\n\t\t\t\n\n\t\t<\/div>\n\n\t\t\n\n\t\t<div class=\"section-content relative\">\n\t\t\t\n\n\n\t\t<\/div>\n\n\t\t\n<style>\n#section_1207033850 {\n  padding-top: 0px;\n  padding-bottom: 0px;\n  min-height: 170px;\n}\n@media (min-width:550px) {\n  #section_1207033850 {\n    padding-top: 30px;\n    padding-bottom: 30px;\n    min-height: 170px;\n  }\n}\n<\/style>\n\t<\/section>\n\t\n\n\t<section class=\"section\" id=\"section_780849039\">\n\t\t<div class=\"section-bg fill\" >\n\t\t\t\t\t\t\t\t\t\n\t\t\t\n\n\t\t<\/div>\n\n\t\t\n\n\t\t<div class=\"section-content relative\">\n\t\t\t\n\n<div class=\"row align-center\"  id=\"row-611758391\">\n\n\n\t<div id=\"col-1495712671\" class=\"col medium-10 small-12 large-9\"  >\n\t\t\t\t<div class=\"col-inner text-center box-shadow-1\" style=\"background-color:rgb(255, 255, 255);\" >\n\t\t\t\n\t\t\t\n\n<h1>D\u00c9VELOPPEMENT<\/h1>\n<p>Bien s\u00fbr, la conception est le moment le plus important de la production: notre bureau projets utilise des syst\u00e8mes CAD et CAM tr\u00e8s avanc\u00e9s, nous permettant d\u2019exploiter au mieux la cin\u00e9matique de tous les composants du fusil, en simulant leurs r\u00e9actions dynamiques et les effets cons\u00e9quents.<\/p>\n\n\t\t<\/div>\n\t\t\t\t\n<style>\n#col-1495712671 > .col-inner {\n  margin: -100px 0px 0px 0px;\n}\n<\/style>\n\t<\/div>\n\n\t\n\n\n<style>\n#row-611758391 > .col > .col-inner {\n  padding: 45px 25px 15px 25px;\n}\n@media (min-width:550px) {\n  #row-611758391 > .col > .col-inner {\n    padding: 45px 80px 15px 80px;\n  }\n}\n@media (min-width:850px) {\n  #row-611758391 > .col > .col-inner {\n    padding: 50px 50px 30px 50px;\n  }\n}\n<\/style>\n<\/div>\n\n\t\t<\/div>\n\n\t\t\n<style>\n#section_780849039 {\n  padding-top: 0px;\n  padding-bottom: 0px;\n  min-height: 0px;\n}\n<\/style>\n\t<\/section>\n\t\n<div class=\"row align-middle\"  id=\"row-1061263250\">\n\n\n\t<div id=\"col-1922184454\" class=\"col medium-12 small-12 large-6\"  >\n\t\t\t\t<div class=\"col-inner text-center\"  >\n\t\t\t\n\t\t\t\n\n\t<div class=\"img has-hover x md-x lg-x y md-y lg-y\" id=\"image_476622613\">\n\t\t\t\t\t\t\t\t<div class=\"img-inner dark\" >\n\t\t\t<img loading=\"lazy\" decoding=\"async\" width=\"598\" height=\"800\" src=\"https:\/\/www.fair.it\/wp-content\/uploads\/LAVORAZIONI-598x800.jpg\" class=\"attachment-large size-large\" alt=\"\" srcset=\"https:\/\/www.fair.it\/wp-content\/uploads\/LAVORAZIONI-598x800.jpg 598w, https:\/\/www.fair.it\/wp-content\/uploads\/LAVORAZIONI-510x683.jpg 510w, https:\/\/www.fair.it\/wp-content\/uploads\/LAVORAZIONI-299x400.jpg 299w, https:\/\/www.fair.it\/wp-content\/uploads\/LAVORAZIONI.jpg 600w\" sizes=\"(max-width: 598px) 100vw, 598px\" \/>\t\t\t\t\t\t\n\t\t\t\t\t<\/div>\n\t\t\t\t\t\t\t\t\n<style>\n#image_476622613 {\n  width: 100%;\n}\n@media (min-width:550px) {\n  #image_476622613 {\n    width: 60%;\n  }\n}\n@media (min-width:850px) {\n  #image_476622613 {\n    width: 100%;\n  }\n}\n<\/style>\n\t<\/div>\n\t\n\n\n\t\t<\/div>\n\t\t\t\t\t<\/div>\n\n\t\n\n\t<div id=\"col-533148522\" class=\"col medium-12 small-12 large-6\"  >\n\t\t\t\t<div class=\"col-inner\"  >\n\t\t\t\n\t\t\t\n\n\t<div id=\"text-3016811524\" class=\"text giustificato\">\n\t\t\n\n<p>Le d\u00e9veloppement de chaque composant m\u00e9canique est con\u00e7u d\u2019une fa\u00e7on scientifique et rationnelle, selon les lois m\u00e9caniques et physiques des sciences exactes.L\u2019usinage des pi\u00e8ces par des modernes machines \u00e0 commande num\u00e9rique nous permet de respecter rigoureusement les tol\u00e9rances de fabrication requises pour obtenir un couplage parfait des nombreux \u00e9l\u00e9ments m\u00e9caniques. Le haut niveau de standardisation atteint gr\u00e2ce \u00e0 ces machines tr\u00e8s performantes, permet de produire des pi\u00e8ces compl\u00e8tement interchangeables et de faciliter ainsi les op\u00e9rations d\u2019entretien et d\u2019assemblage des armes F.A.I.R.\u00ae.<\/p>\n<p>Les pi\u00e8ces usin\u00e9es avec une tr\u00e8s faible rugosit\u00e9 superficielle, sont soumises aux successives op\u00e9rations manuelles de finissage et de mise au point, qui sont effectu\u00e9es sur tous nos fusils, ind\u00e9pendamment de leur prix et de leur placement sur le march\u00e9. En symbiose harmonieuse avec les modernes moyens offerts par le progr\u00e8s de la technologie, nous conservons les traditionnelles activit\u00e9s manuelles de finissage, couplage et assemblage, qui sont l\u2019h\u00e9ritage des \u00e9coles d\u2019artisans qui se d\u00e9velopp\u00e8rent chez les anciens ateliers italiens.<\/p>\n\t\t\t<\/div>\n\t\n\n\t\t<\/div>\n\t\t\t\t\t<\/div>\n\n\t\n\n<\/div>\n<div class=\"row\"  id=\"row-686560742\">\n\n\n\t<div id=\"col-982680780\" class=\"col small-12 large-12\"  >\n\t\t\t\t<div class=\"col-inner\"  >\n\t\t\t\n\t\t\t\n\n\t<div id=\"text-3972925608\" class=\"text giustificato\">\n\t\t\n\n<p>Cet aspect exprime enti\u00e8rement la philosophie de F.A.I.R.\u00ae: une industrie qui continue \u00e0 produire dans le respect de l\u2019esprit artisanal, avec le m\u00eame soin, la m\u00eame richesse et \u00e9l\u00e9gance qu\u2019elle s\u2019\u00e9tait donn\u00e9 comme but et objectif et qui sont devenus aujourd\u2019hui ses m\u00e9thodes consolid\u00e9es. L\u2019essai de l\u2019arme commence d\u00e8s la fabrication de ses premiers composants. Des contr\u00f4les m\u00e9tallographiques et de dimensionnement continus et syst\u00e9matiques pr\u00e9c\u00e8dent la derni\u00e8re phase d\u2019essais chez le Banc National d\u2019Essai pour les armes \u00e0 feu portables \u00e0 Gardone Val Trompia, o\u00f9 toutes les armes sont \u00e9prouv\u00e9es conform\u00e9ment aux lois de la C.I.P. (Commission Internationale Permanente pour l\u2019\u00e9preuve des Armes \u00e0 Feu portatives).<\/p>\n\t\t\t<\/div>\n\t\n\n\t\t<\/div>\n\t\t\t\t\t<\/div>\n\n\t\n\n<\/div>\n\n","protected":false},"excerpt":{"rendered":"","protected":false},"author":1,"featured_media":0,"parent":0,"menu_order":0,"comment_status":"closed","ping_status":"closed","template":"page-blank.php","meta":{"footnotes":""},"class_list":["post-5772","page","type-page","status-publish","hentry"],"yoast_head":"<!-- This site is optimized with the Yoast SEO plugin v23.0 - https:\/\/yoast.com\/wordpress\/plugins\/seo\/ -->\n<title>D\u00c9VELOPPEMENT - Fair<\/title>\n<meta name=\"robots\" content=\"index, follow, max-snippet:-1, max-image-preview:large, max-video-preview:-1\" \/>\n<link rel=\"canonical\" href=\"https:\/\/www.fair.it\/progetto-e-sviluppo\/\" \/>\n<meta property=\"og:locale\" content=\"fr_FR\" \/>\n<meta property=\"og:type\" content=\"article\" \/>\n<meta property=\"og:title\" content=\"D\u00c9VELOPPEMENT - Fair\" \/>\n<meta property=\"og:url\" content=\"https:\/\/www.fair.it\/progetto-e-sviluppo\/\" \/>\n<meta property=\"og:site_name\" content=\"Fair\" \/>\n<meta property=\"article:publisher\" content=\"https:\/\/www.facebook.com\/fair.italy\" \/>\n<meta property=\"article:modified_time\" content=\"2021-03-29T14:43:33+00:00\" \/>\n<meta property=\"og:image\" content=\"https:\/\/www.fair.it\/wp-content\/uploads\/LOGO-2-scaled.jpg\" \/>\n\t<meta property=\"og:image:width\" content=\"2560\" \/>\n\t<meta property=\"og:image:height\" content=\"1328\" \/>\n\t<meta property=\"og:image:type\" content=\"image\/jpeg\" \/>\n<meta name=\"twitter:card\" content=\"summary_large_image\" \/>\n<meta name=\"twitter:site\" content=\"@FAIRITALY1971\" \/>\n<script type=\"application\/ld+json\" class=\"yoast-schema-graph\">{\"@context\":\"https:\/\/schema.org\",\"@graph\":[{\"@type\":\"WebPage\",\"@id\":\"https:\/\/www.fair.it\/progetto-e-sviluppo\/\",\"url\":\"https:\/\/www.fair.it\/progetto-e-sviluppo\/\",\"name\":\"D\u00c9VELOPPEMENT - Fair\",\"isPartOf\":{\"@id\":\"https:\/\/www.fair.it\/#website\"},\"datePublished\":\"2021-03-29T14:36:49+00:00\",\"dateModified\":\"2021-03-29T14:43:33+00:00\",\"breadcrumb\":{\"@id\":\"https:\/\/www.fair.it\/progetto-e-sviluppo\/#breadcrumb\"},\"inLanguage\":\"fr-FR\",\"potentialAction\":[{\"@type\":\"ReadAction\",\"target\":[\"https:\/\/www.fair.it\/progetto-e-sviluppo\/\"]}]},{\"@type\":\"BreadcrumbList\",\"@id\":\"https:\/\/www.fair.it\/progetto-e-sviluppo\/#breadcrumb\",\"itemListElement\":[{\"@type\":\"ListItem\",\"position\":1,\"name\":\"Home\",\"item\":\"https:\/\/www.fair.it\/fr\/\"},{\"@type\":\"ListItem\",\"position\":2,\"name\":\"D\u00c9VELOPPEMENT\"}]},{\"@type\":\"WebSite\",\"@id\":\"https:\/\/www.fair.it\/#website\",\"url\":\"https:\/\/www.fair.it\/\",\"name\":\"Fair\",\"description\":\"\",\"publisher\":{\"@id\":\"https:\/\/www.fair.it\/#organization\"},\"potentialAction\":[{\"@type\":\"SearchAction\",\"target\":{\"@type\":\"EntryPoint\",\"urlTemplate\":\"https:\/\/www.fair.it\/?s={search_term_string}\"},\"query-input\":\"required name=search_term_string\"}],\"inLanguage\":\"fr-FR\"},{\"@type\":\"Organization\",\"@id\":\"https:\/\/www.fair.it\/#organization\",\"name\":\"F.a.i.r. srl\",\"url\":\"https:\/\/www.fair.it\/\",\"logo\":{\"@type\":\"ImageObject\",\"inLanguage\":\"fr-FR\",\"@id\":\"https:\/\/www.fair.it\/#\/schema\/logo\/image\/\",\"url\":\"https:\/\/www.fair.it\/wp-content\/uploads\/LOGO-2-scaled.jpg\",\"contentUrl\":\"https:\/\/www.fair.it\/wp-content\/uploads\/LOGO-2-scaled.jpg\",\"width\":2560,\"height\":1328,\"caption\":\"F.a.i.r. srl\"},\"image\":{\"@id\":\"https:\/\/www.fair.it\/#\/schema\/logo\/image\/\"},\"sameAs\":[\"https:\/\/www.facebook.com\/fair.italy\",\"https:\/\/x.com\/FAIRITALY1971\",\"https:\/\/www.instagram.com\/fairitaly\/\",\"https:\/\/www.pinterest.it\/FAIRITALY\/\",\"https:\/\/www.youtube.com\/channel\/UC2fQOBPNpVoq3RjivV7_KpQ\"]}]}<\/script>\n<!-- \/ Yoast SEO plugin. -->","yoast_head_json":{"title":"D\u00c9VELOPPEMENT - Fair","robots":{"index":"index","follow":"follow","max-snippet":"max-snippet:-1","max-image-preview":"max-image-preview:large","max-video-preview":"max-video-preview:-1"},"canonical":"https:\/\/www.fair.it\/progetto-e-sviluppo\/","og_locale":"fr_FR","og_type":"article","og_title":"D\u00c9VELOPPEMENT - Fair","og_url":"https:\/\/www.fair.it\/progetto-e-sviluppo\/","og_site_name":"Fair","article_publisher":"https:\/\/www.facebook.com\/fair.italy","article_modified_time":"2021-03-29T14:43:33+00:00","og_image":[{"width":2560,"height":1328,"url":"https:\/\/www.fair.it\/wp-content\/uploads\/LOGO-2-scaled.jpg","type":"image\/jpeg"}],"twitter_card":"summary_large_image","twitter_site":"@FAIRITALY1971","schema":{"@context":"https:\/\/schema.org","@graph":[{"@type":"WebPage","@id":"https:\/\/www.fair.it\/progetto-e-sviluppo\/","url":"https:\/\/www.fair.it\/progetto-e-sviluppo\/","name":"D\u00c9VELOPPEMENT - Fair","isPartOf":{"@id":"https:\/\/www.fair.it\/#website"},"datePublished":"2021-03-29T14:36:49+00:00","dateModified":"2021-03-29T14:43:33+00:00","breadcrumb":{"@id":"https:\/\/www.fair.it\/progetto-e-sviluppo\/#breadcrumb"},"inLanguage":"fr-FR","potentialAction":[{"@type":"ReadAction","target":["https:\/\/www.fair.it\/progetto-e-sviluppo\/"]}]},{"@type":"BreadcrumbList","@id":"https:\/\/www.fair.it\/progetto-e-sviluppo\/#breadcrumb","itemListElement":[{"@type":"ListItem","position":1,"name":"Home","item":"https:\/\/www.fair.it\/fr\/"},{"@type":"ListItem","position":2,"name":"D\u00c9VELOPPEMENT"}]},{"@type":"WebSite","@id":"https:\/\/www.fair.it\/#website","url":"https:\/\/www.fair.it\/","name":"Fair","description":"","publisher":{"@id":"https:\/\/www.fair.it\/#organization"},"potentialAction":[{"@type":"SearchAction","target":{"@type":"EntryPoint","urlTemplate":"https:\/\/www.fair.it\/?s={search_term_string}"},"query-input":"required name=search_term_string"}],"inLanguage":"fr-FR"},{"@type":"Organization","@id":"https:\/\/www.fair.it\/#organization","name":"F.a.i.r. srl","url":"https:\/\/www.fair.it\/","logo":{"@type":"ImageObject","inLanguage":"fr-FR","@id":"https:\/\/www.fair.it\/#\/schema\/logo\/image\/","url":"https:\/\/www.fair.it\/wp-content\/uploads\/LOGO-2-scaled.jpg","contentUrl":"https:\/\/www.fair.it\/wp-content\/uploads\/LOGO-2-scaled.jpg","width":2560,"height":1328,"caption":"F.a.i.r. srl"},"image":{"@id":"https:\/\/www.fair.it\/#\/schema\/logo\/image\/"},"sameAs":["https:\/\/www.facebook.com\/fair.italy","https:\/\/x.com\/FAIRITALY1971","https:\/\/www.instagram.com\/fairitaly\/","https:\/\/www.pinterest.it\/FAIRITALY\/","https:\/\/www.youtube.com\/channel\/UC2fQOBPNpVoq3RjivV7_KpQ"]}]}},"_links":{"self":[{"href":"https:\/\/www.fair.it\/fr\/wp-json\/wp\/v2\/pages\/5772"}],"collection":[{"href":"https:\/\/www.fair.it\/fr\/wp-json\/wp\/v2\/pages"}],"about":[{"href":"https:\/\/www.fair.it\/fr\/wp-json\/wp\/v2\/types\/page"}],"author":[{"embeddable":true,"href":"https:\/\/www.fair.it\/fr\/wp-json\/wp\/v2\/users\/1"}],"replies":[{"embeddable":true,"href":"https:\/\/www.fair.it\/fr\/wp-json\/wp\/v2\/comments?post=5772"}],"version-history":[{"count":9,"href":"https:\/\/www.fair.it\/fr\/wp-json\/wp\/v2\/pages\/5772\/revisions"}],"predecessor-version":[{"id":5781,"href":"https:\/\/www.fair.it\/fr\/wp-json\/wp\/v2\/pages\/5772\/revisions\/5781"}],"wp:attachment":[{"href":"https:\/\/www.fair.it\/fr\/wp-json\/wp\/v2\/media?parent=5772"}],"curies":[{"name":"wp","href":"https:\/\/api.w.org\/{rel}","templated":true}]}}