{"id":32047,"date":"2024-03-26T09:58:44","date_gmt":"2024-03-26T08:58:44","guid":{"rendered":"https:\/\/www.fair.it\/?page_id=32047"},"modified":"2024-03-26T10:03:44","modified_gmt":"2024-03-26T09:03:44","slug":"confidentialite-des-videos","status":"publish","type":"page","link":"https:\/\/www.fair.it\/fr\/confidentialite-des-videos\/","title":{"rendered":"Confidentialit\u00e9 des vid\u00e9os"},"content":{"rendered":"\n<h1 data-pm-slice=\"1 1 []\">INFORMATION SUR LE TRAITEMENT DES IMAGES PAR SYST\u00c8MES DE VID\u00c9OSURVEILLANCE<\/h1>\n<p>La soci\u00e9t\u00e9 <strong>F.A.I.R.<\/strong> (ci-apr\u00e8s d\u00e9nomm\u00e9e la \u00ab\u00a0Soci\u00e9t\u00e9\u00a0\u00bb) utilise un syst\u00e8me de vid\u00e9osurveillance qui peut traiter vos images. Conform\u00e9ment \u00e0 l&rsquo;article 13 du R\u00e8glement Europ\u00e9en 2016\/679 ou RGPD, nous souhaitons vous fournir les informations suivantes:<\/p>\n<h2>Objectifs<\/h2>\n<p>Le syst\u00e8me de vid\u00e9osurveillance est install\u00e9 pour contr\u00f4ler les acc\u00e8s au si\u00e8ge et au magasin de la Soci\u00e9t\u00e9, assurer la s\u00e9curit\u00e9 des employ\u00e9s et prot\u00e9ger le patrimoine de l&rsquo;entreprise. <br \/>Ce syst\u00e8me permet de d\u00e9tecter efficacement les situations mettant en danger les biens et les personnes, de dissuader les actes de vandalisme, de vol ou de braquage, et d&rsquo;identifier les auteurs de crimes contre le patrimoine de l&rsquo;entreprise. L&rsquo;installation du syst\u00e8me est justifi\u00e9e par le besoin de prot\u00e9ger le patrimoine, la s\u00e9curit\u00e9 et le contr\u00f4le des acc\u00e8s non autoris\u00e9s.<\/p>\n<h2>N\u00e9cessit\u00e9 et Proportionnalit\u00e9 du Traitement<\/h2>\n<p>En relation avec les objectifs \u00e9nonc\u00e9s, et compte tenu des caract\u00e9ristiques des installations, le fonctionnement du syst\u00e8me de vid\u00e9osurveillance est consid\u00e9r\u00e9 comme n\u00e9cessaire et proportionn\u00e9. Les enregistrements des images sont effectu\u00e9s 24 heures sur 24, et l&rsquo;acc\u00e8s aux images est limit\u00e9 aux personnes autoris\u00e9es en cas d&rsquo;infractions, de d\u00e9fense l\u00e9gale ou de demandes des autorit\u00e9s comp\u00e9tentes.<\/p>\n<h2>Caract\u00e9ristiques Additionnelles du Syst\u00e8me<\/h2>\n<p>Le syst\u00e8me utilise une technologie analogique et num\u00e9rique avec une fonction d&rsquo;arr\u00eat sur image. Les images ne peuvent \u00eatre visionn\u00e9es que par le personnel autoris\u00e9 de la Soci\u00e9t\u00e9 et par les soci\u00e9t\u00e9s fournissant des services li\u00e9s \u00e0 la vid\u00e9osurveillance, d\u00e9sign\u00e9es en tant que responsables du traitement.<br \/>La liste des Responsables du Traitement est disponible sur demande aupr\u00e8s du Responsable du Traitement.<\/p>\n<h2>P\u00e9riode de conservation des images<\/h2>\n<p>Les images sont conserv\u00e9es pendant une p\u00e9riode de 24 heures \u00e0 compter de leur d\u00e9tection, sauf en cas de besoins sp\u00e9cifiques de conservation suppl\u00e9mentaire li\u00e9s \u00e0 des jours f\u00e9ri\u00e9s, \u00e0 la fermeture des bureaux ou du magasin, et \u00e0 des demandes sp\u00e9cifiques des autorit\u00e9s judiciaires. <br \/>Les images sont conserv\u00e9es uniquement le temps n\u00e9cessaire \u00e0 leur visionnage et \u00e0 l&rsquo;\u00e9valuation des actions \u00e0 entreprendre, y compris la d\u00e9nonciation aux autorit\u00e9s comp\u00e9tentes.<br \/>La suppression des images est programm\u00e9e et effectu\u00e9e automatiquement, de mani\u00e8re \u00e0 rendre les donn\u00e9es supprim\u00e9es non r\u00e9utilisables.<\/p>\n<h2>Port\u00e9e de la communication des donn\u00e9es personnelles collect\u00e9es<\/h2>\n<p>Les images sont visionn\u00e9es, en cas de besoin, par le personnel autoris\u00e9 de l&rsquo;entreprise, par des tiers charg\u00e9s de la gestion et de la maintenance des \u00e9quipements, et ne sont pas diffus\u00e9es \u00e0 l&rsquo;ext\u00e9rieur. <br \/>Les images peuvent \u00eatre communiqu\u00e9es aux autorit\u00e9s judiciaires et de police judiciaire en cas d&rsquo;infractions ou de soup\u00e7ons d&rsquo;infractions. Les donn\u00e9es ne seront pas transf\u00e9r\u00e9es en dehors de l&rsquo;Union europ\u00e9enne.<\/p>\n<h2>Droits en mati\u00e8re de protection des donn\u00e9es et droit de d\u00e9poser une plainte aupr\u00e8s de l&rsquo;autorit\u00e9 de contr\u00f4le<\/h2>\n<p>Le Responsable du Traitement, sous r\u00e9serve de l&rsquo;existence du fondement juridique de la demande et limit\u00e9ment \u00e0 l&rsquo;enregistrement des images, garantira l&rsquo;exercice de vos droits en envoyant un e-mail \u00e0 l&rsquo;adresse <a class=\"ProsemirrorEditor-link\" href=\"mailto:info@fair.it\">info@fair.it<\/a>. <br \/>Les droits reconnus par le R\u00e8glement Europ\u00e9en n\u00b0 2016\/679 sont disponibles sur le site <a class=\"ProsemirrorEditor-link\" href=\"https:\/\/www.garanteprivacy.it\/home\/diritti.\">www.garanteprivacy.it\/home\/diritti.<\/a><\/p>\n<h2>Contacts<\/h2>\n<p>Les coordonn\u00e9es de la Soci\u00e9t\u00e9 Responsable du Traitement, \u00e0 laquelle vous pouvez vous adresser pour exercer vos droits, sont les suivantes : F.A.I.R. \u00ae srl, Via Gitti, 41 &#8211; 25060 Marcheno (Brescia), t\u00e9l\u00e9phone : +39 030 861162, e-mail : <a class=\"ProsemirrorEditor-link\" href=\"mailto:info@fair.it\">info@fair.it<\/a><br \/>Si vous estimez que le traitement de vos donn\u00e9es personnelles est contraire au RGPD, vous avez le droit de d\u00e9poser une plainte aupr\u00e8s de l&rsquo;Autorit\u00e9 de Contr\u00f4le pour la Protection des Donn\u00e9es Personnelles, en<\/p>\n<p>utilisant les r\u00e9f\u00e9rences disponibles sur le site internet www.garanteprivacy.it\/home\/diritti, ou<\/p>\n<p>de saisir les instances judiciaires appropri\u00e9es.<\/p>\n\n","protected":false},"excerpt":{"rendered":"","protected":false},"author":138,"featured_media":0,"parent":0,"menu_order":0,"comment_status":"closed","ping_status":"closed","template":"","meta":{"footnotes":""},"class_list":["post-32047","page","type-page","status-publish","hentry"],"yoast_head":"<!-- This site is optimized with the Yoast SEO plugin v23.0 - https:\/\/yoast.com\/wordpress\/plugins\/seo\/ -->\n<title>Confidentialit\u00e9 des vid\u00e9os - Fair<\/title>\n<meta name=\"robots\" content=\"index, follow, max-snippet:-1, max-image-preview:large, max-video-preview:-1\" \/>\n<link rel=\"canonical\" href=\"https:\/\/www.fair.it\/videoprivacy\/\" \/>\n<meta property=\"og:locale\" content=\"fr_FR\" \/>\n<meta property=\"og:type\" content=\"article\" \/>\n<meta property=\"og:title\" content=\"Confidentialit\u00e9 des vid\u00e9os - Fair\" \/>\n<meta property=\"og:url\" content=\"https:\/\/www.fair.it\/videoprivacy\/\" \/>\n<meta property=\"og:site_name\" content=\"Fair\" \/>\n<meta property=\"article:publisher\" content=\"https:\/\/www.facebook.com\/fair.italy\" \/>\n<meta property=\"article:modified_time\" content=\"2024-03-26T09:03:44+00:00\" \/>\n<meta property=\"og:image\" content=\"https:\/\/www.fair.it\/wp-content\/uploads\/LOGO-2-scaled.jpg\" \/>\n\t<meta property=\"og:image:width\" content=\"2560\" \/>\n\t<meta property=\"og:image:height\" content=\"1328\" \/>\n\t<meta property=\"og:image:type\" content=\"image\/jpeg\" \/>\n<meta name=\"twitter:card\" content=\"summary_large_image\" \/>\n<meta name=\"twitter:site\" content=\"@FAIRITALY1971\" \/>\n<script type=\"application\/ld+json\" class=\"yoast-schema-graph\">{\"@context\":\"https:\/\/schema.org\",\"@graph\":[{\"@type\":\"WebPage\",\"@id\":\"https:\/\/www.fair.it\/videoprivacy\/\",\"url\":\"https:\/\/www.fair.it\/videoprivacy\/\",\"name\":\"Confidentialit\u00e9 des vid\u00e9os - Fair\",\"isPartOf\":{\"@id\":\"https:\/\/www.fair.it\/#website\"},\"datePublished\":\"2024-03-26T08:58:44+00:00\",\"dateModified\":\"2024-03-26T09:03:44+00:00\",\"breadcrumb\":{\"@id\":\"https:\/\/www.fair.it\/videoprivacy\/#breadcrumb\"},\"inLanguage\":\"fr-FR\",\"potentialAction\":[{\"@type\":\"ReadAction\",\"target\":[\"https:\/\/www.fair.it\/videoprivacy\/\"]}]},{\"@type\":\"BreadcrumbList\",\"@id\":\"https:\/\/www.fair.it\/videoprivacy\/#breadcrumb\",\"itemListElement\":[{\"@type\":\"ListItem\",\"position\":1,\"name\":\"Home\",\"item\":\"https:\/\/www.fair.it\/fr\/\"},{\"@type\":\"ListItem\",\"position\":2,\"name\":\"Confidentialit\u00e9 des vid\u00e9os\"}]},{\"@type\":\"WebSite\",\"@id\":\"https:\/\/www.fair.it\/#website\",\"url\":\"https:\/\/www.fair.it\/\",\"name\":\"Fair\",\"description\":\"\",\"publisher\":{\"@id\":\"https:\/\/www.fair.it\/#organization\"},\"potentialAction\":[{\"@type\":\"SearchAction\",\"target\":{\"@type\":\"EntryPoint\",\"urlTemplate\":\"https:\/\/www.fair.it\/?s={search_term_string}\"},\"query-input\":\"required name=search_term_string\"}],\"inLanguage\":\"fr-FR\"},{\"@type\":\"Organization\",\"@id\":\"https:\/\/www.fair.it\/#organization\",\"name\":\"F.a.i.r. srl\",\"url\":\"https:\/\/www.fair.it\/\",\"logo\":{\"@type\":\"ImageObject\",\"inLanguage\":\"fr-FR\",\"@id\":\"https:\/\/www.fair.it\/#\/schema\/logo\/image\/\",\"url\":\"https:\/\/www.fair.it\/wp-content\/uploads\/LOGO-2-scaled.jpg\",\"contentUrl\":\"https:\/\/www.fair.it\/wp-content\/uploads\/LOGO-2-scaled.jpg\",\"width\":2560,\"height\":1328,\"caption\":\"F.a.i.r. srl\"},\"image\":{\"@id\":\"https:\/\/www.fair.it\/#\/schema\/logo\/image\/\"},\"sameAs\":[\"https:\/\/www.facebook.com\/fair.italy\",\"https:\/\/x.com\/FAIRITALY1971\",\"https:\/\/www.instagram.com\/fairitaly\/\",\"https:\/\/www.pinterest.it\/FAIRITALY\/\",\"https:\/\/www.youtube.com\/channel\/UC2fQOBPNpVoq3RjivV7_KpQ\"]}]}<\/script>\n<!-- \/ Yoast SEO plugin. -->","yoast_head_json":{"title":"Confidentialit\u00e9 des vid\u00e9os - Fair","robots":{"index":"index","follow":"follow","max-snippet":"max-snippet:-1","max-image-preview":"max-image-preview:large","max-video-preview":"max-video-preview:-1"},"canonical":"https:\/\/www.fair.it\/videoprivacy\/","og_locale":"fr_FR","og_type":"article","og_title":"Confidentialit\u00e9 des vid\u00e9os - Fair","og_url":"https:\/\/www.fair.it\/videoprivacy\/","og_site_name":"Fair","article_publisher":"https:\/\/www.facebook.com\/fair.italy","article_modified_time":"2024-03-26T09:03:44+00:00","og_image":[{"width":2560,"height":1328,"url":"https:\/\/www.fair.it\/wp-content\/uploads\/LOGO-2-scaled.jpg","type":"image\/jpeg"}],"twitter_card":"summary_large_image","twitter_site":"@FAIRITALY1971","schema":{"@context":"https:\/\/schema.org","@graph":[{"@type":"WebPage","@id":"https:\/\/www.fair.it\/videoprivacy\/","url":"https:\/\/www.fair.it\/videoprivacy\/","name":"Confidentialit\u00e9 des vid\u00e9os - Fair","isPartOf":{"@id":"https:\/\/www.fair.it\/#website"},"datePublished":"2024-03-26T08:58:44+00:00","dateModified":"2024-03-26T09:03:44+00:00","breadcrumb":{"@id":"https:\/\/www.fair.it\/videoprivacy\/#breadcrumb"},"inLanguage":"fr-FR","potentialAction":[{"@type":"ReadAction","target":["https:\/\/www.fair.it\/videoprivacy\/"]}]},{"@type":"BreadcrumbList","@id":"https:\/\/www.fair.it\/videoprivacy\/#breadcrumb","itemListElement":[{"@type":"ListItem","position":1,"name":"Home","item":"https:\/\/www.fair.it\/fr\/"},{"@type":"ListItem","position":2,"name":"Confidentialit\u00e9 des vid\u00e9os"}]},{"@type":"WebSite","@id":"https:\/\/www.fair.it\/#website","url":"https:\/\/www.fair.it\/","name":"Fair","description":"","publisher":{"@id":"https:\/\/www.fair.it\/#organization"},"potentialAction":[{"@type":"SearchAction","target":{"@type":"EntryPoint","urlTemplate":"https:\/\/www.fair.it\/?s={search_term_string}"},"query-input":"required name=search_term_string"}],"inLanguage":"fr-FR"},{"@type":"Organization","@id":"https:\/\/www.fair.it\/#organization","name":"F.a.i.r. srl","url":"https:\/\/www.fair.it\/","logo":{"@type":"ImageObject","inLanguage":"fr-FR","@id":"https:\/\/www.fair.it\/#\/schema\/logo\/image\/","url":"https:\/\/www.fair.it\/wp-content\/uploads\/LOGO-2-scaled.jpg","contentUrl":"https:\/\/www.fair.it\/wp-content\/uploads\/LOGO-2-scaled.jpg","width":2560,"height":1328,"caption":"F.a.i.r. srl"},"image":{"@id":"https:\/\/www.fair.it\/#\/schema\/logo\/image\/"},"sameAs":["https:\/\/www.facebook.com\/fair.italy","https:\/\/x.com\/FAIRITALY1971","https:\/\/www.instagram.com\/fairitaly\/","https:\/\/www.pinterest.it\/FAIRITALY\/","https:\/\/www.youtube.com\/channel\/UC2fQOBPNpVoq3RjivV7_KpQ"]}]}},"_links":{"self":[{"href":"https:\/\/www.fair.it\/fr\/wp-json\/wp\/v2\/pages\/32047"}],"collection":[{"href":"https:\/\/www.fair.it\/fr\/wp-json\/wp\/v2\/pages"}],"about":[{"href":"https:\/\/www.fair.it\/fr\/wp-json\/wp\/v2\/types\/page"}],"author":[{"embeddable":true,"href":"https:\/\/www.fair.it\/fr\/wp-json\/wp\/v2\/users\/138"}],"replies":[{"embeddable":true,"href":"https:\/\/www.fair.it\/fr\/wp-json\/wp\/v2\/comments?post=32047"}],"version-history":[{"count":3,"href":"https:\/\/www.fair.it\/fr\/wp-json\/wp\/v2\/pages\/32047\/revisions"}],"predecessor-version":[{"id":32051,"href":"https:\/\/www.fair.it\/fr\/wp-json\/wp\/v2\/pages\/32047\/revisions\/32051"}],"wp:attachment":[{"href":"https:\/\/www.fair.it\/fr\/wp-json\/wp\/v2\/media?parent=32047"}],"curies":[{"name":"wp","href":"https:\/\/api.w.org\/{rel}","templated":true}]}}