{"id":2298,"date":"2019-12-05T16:39:29","date_gmt":"2019-12-05T15:39:29","guid":{"rendered":"https:\/\/fairstore.sviluppo.host\/?page_id=2298"},"modified":"2024-02-24T19:05:53","modified_gmt":"2024-02-24T18:05:53","slug":"delivery-time-shipping-costs","status":"publish","type":"page","link":"https:\/\/www.fair.it\/fr\/delivery-time-shipping-costs\/","title":{"rendered":"Delivery time shipping costs"},"content":{"rendered":"\n<div class=\"row\"  id=\"row-1077950752\">\n\n\n\t<div id=\"col-578918108\" class=\"col small-12 large-12\"  >\n\t\t\t\t<div class=\"col-inner\"  >\n\t\t\t\n\t\t\t\n\n<h2 data-pm-slice=\"1 1 &#091;&#093;\"><strong>D\u00e9lais de Livraison<\/strong><\/h2>\n<p>Les produits en stock seront exp\u00e9di\u00e9s dans un d\u00e9lai de 10 jours ouvrables \u00e0 compter de la r\u00e9ception du paiement. Les produits personnalis\u00e9s ou les commandes sp\u00e9ciales seront trait\u00e9s exclusivement apr\u00e8s r\u00e9ception du paiement et seront livr\u00e9s dans un d\u00e9lai d&rsquo;environ 30 jours \u00e0 compter de la r\u00e9ception du paiement.<\/p>\n<h2><strong>Frais de Livraison<\/strong><\/h2>\n<p>Les frais de livraison varient en fonction du poids de l&#8217;emballage et de sa destination. Le co\u00fbt sera affich\u00e9 au moment de la confirmation de la commande (apr\u00e8s que le Client ait indiqu\u00e9 l&rsquo;adresse de livraison).<\/p>\n<h2 data-pm-slice=\"1 1 &#091;&#093;\"><strong>Livraison sur Rendez-vous<\/strong><\/h2>\n<p>Lors de la confirmation de la commande, vous serez invit\u00e9 \u00e0 choisir le type de livraison :<\/p>\n<ul>\n<li><strong>standard<\/strong>:\u00ad Le colis sera livr\u00e9 \u00e0 l&rsquo;adresse indiqu\u00e9e par le Client sans pr\u00e9avis et sans possibilit\u00e9 de choisir le jour ou l&rsquo;heure de livraison (en s\u00e9lectionnant ce type de livraison, les indications de date ou de cr\u00e9neaux horaires fournies par le Client ne seront pas prises en compte).<\/li>\n<\/ul>\n\n\t\t<\/div>\n\t\t\t\t\t<\/div>\n\n\t\n\n<\/div>\n\n","protected":false},"excerpt":{"rendered":"","protected":false},"author":138,"featured_media":0,"parent":0,"menu_order":0,"comment_status":"closed","ping_status":"closed","template":"","meta":{"footnotes":""},"class_list":["post-2298","page","type-page","status-publish","hentry"],"yoast_head":"<!-- This site is optimized with the Yoast SEO plugin v23.0 - https:\/\/yoast.com\/wordpress\/plugins\/seo\/ -->\n<title>Delivery time shipping costs - Fair<\/title>\n<meta name=\"robots\" content=\"noindex, nofollow\" \/>\n<meta property=\"og:locale\" content=\"fr_FR\" \/>\n<meta property=\"og:type\" content=\"article\" \/>\n<meta property=\"og:title\" content=\"Delivery time shipping costs - Fair\" \/>\n<meta property=\"og:url\" content=\"https:\/\/www.fair.it\/tempi-e-costi-di-spedizione\/\" \/>\n<meta property=\"og:site_name\" content=\"Fair\" \/>\n<meta property=\"article:publisher\" content=\"https:\/\/www.facebook.com\/fair.italy\" \/>\n<meta property=\"article:modified_time\" content=\"2024-02-24T18:05:53+00:00\" \/>\n<meta property=\"og:image\" content=\"https:\/\/www.fair.it\/wp-content\/uploads\/LOGO-2-scaled.jpg\" \/>\n\t<meta property=\"og:image:width\" content=\"2560\" \/>\n\t<meta property=\"og:image:height\" content=\"1328\" \/>\n\t<meta property=\"og:image:type\" content=\"image\/jpeg\" \/>\n<meta name=\"twitter:card\" content=\"summary_large_image\" \/>\n<meta name=\"twitter:site\" content=\"@FAIRITALY1971\" \/>\n<script type=\"application\/ld+json\" class=\"yoast-schema-graph\">{\"@context\":\"https:\/\/schema.org\",\"@graph\":[{\"@type\":\"WebPage\",\"@id\":\"https:\/\/www.fair.it\/tempi-e-costi-di-spedizione\/\",\"url\":\"https:\/\/www.fair.it\/tempi-e-costi-di-spedizione\/\",\"name\":\"Delivery time shipping costs - Fair\",\"isPartOf\":{\"@id\":\"https:\/\/www.fair.it\/#website\"},\"datePublished\":\"2019-12-05T15:39:29+00:00\",\"dateModified\":\"2024-02-24T18:05:53+00:00\",\"breadcrumb\":{\"@id\":\"https:\/\/www.fair.it\/tempi-e-costi-di-spedizione\/#breadcrumb\"},\"inLanguage\":\"fr-FR\",\"potentialAction\":[{\"@type\":\"ReadAction\",\"target\":[\"https:\/\/www.fair.it\/tempi-e-costi-di-spedizione\/\"]}]},{\"@type\":\"BreadcrumbList\",\"@id\":\"https:\/\/www.fair.it\/tempi-e-costi-di-spedizione\/#breadcrumb\",\"itemListElement\":[{\"@type\":\"ListItem\",\"position\":1,\"name\":\"Home\",\"item\":\"https:\/\/www.fair.it\/fr\/\"},{\"@type\":\"ListItem\",\"position\":2,\"name\":\"Delivery time shipping costs\"}]},{\"@type\":\"WebSite\",\"@id\":\"https:\/\/www.fair.it\/#website\",\"url\":\"https:\/\/www.fair.it\/\",\"name\":\"Fair\",\"description\":\"\",\"publisher\":{\"@id\":\"https:\/\/www.fair.it\/#organization\"},\"potentialAction\":[{\"@type\":\"SearchAction\",\"target\":{\"@type\":\"EntryPoint\",\"urlTemplate\":\"https:\/\/www.fair.it\/?s={search_term_string}\"},\"query-input\":\"required name=search_term_string\"}],\"inLanguage\":\"fr-FR\"},{\"@type\":\"Organization\",\"@id\":\"https:\/\/www.fair.it\/#organization\",\"name\":\"F.a.i.r. srl\",\"url\":\"https:\/\/www.fair.it\/\",\"logo\":{\"@type\":\"ImageObject\",\"inLanguage\":\"fr-FR\",\"@id\":\"https:\/\/www.fair.it\/#\/schema\/logo\/image\/\",\"url\":\"https:\/\/www.fair.it\/wp-content\/uploads\/LOGO-2-scaled.jpg\",\"contentUrl\":\"https:\/\/www.fair.it\/wp-content\/uploads\/LOGO-2-scaled.jpg\",\"width\":2560,\"height\":1328,\"caption\":\"F.a.i.r. srl\"},\"image\":{\"@id\":\"https:\/\/www.fair.it\/#\/schema\/logo\/image\/\"},\"sameAs\":[\"https:\/\/www.facebook.com\/fair.italy\",\"https:\/\/x.com\/FAIRITALY1971\",\"https:\/\/www.instagram.com\/fairitaly\/\",\"https:\/\/www.pinterest.it\/FAIRITALY\/\",\"https:\/\/www.youtube.com\/channel\/UC2fQOBPNpVoq3RjivV7_KpQ\"]}]}<\/script>\n<!-- \/ Yoast SEO plugin. -->","yoast_head_json":{"title":"Delivery time shipping costs - Fair","robots":{"index":"noindex","follow":"nofollow"},"og_locale":"fr_FR","og_type":"article","og_title":"Delivery time shipping costs - Fair","og_url":"https:\/\/www.fair.it\/tempi-e-costi-di-spedizione\/","og_site_name":"Fair","article_publisher":"https:\/\/www.facebook.com\/fair.italy","article_modified_time":"2024-02-24T18:05:53+00:00","og_image":[{"width":2560,"height":1328,"url":"https:\/\/www.fair.it\/wp-content\/uploads\/LOGO-2-scaled.jpg","type":"image\/jpeg"}],"twitter_card":"summary_large_image","twitter_site":"@FAIRITALY1971","schema":{"@context":"https:\/\/schema.org","@graph":[{"@type":"WebPage","@id":"https:\/\/www.fair.it\/tempi-e-costi-di-spedizione\/","url":"https:\/\/www.fair.it\/tempi-e-costi-di-spedizione\/","name":"Delivery time shipping costs - Fair","isPartOf":{"@id":"https:\/\/www.fair.it\/#website"},"datePublished":"2019-12-05T15:39:29+00:00","dateModified":"2024-02-24T18:05:53+00:00","breadcrumb":{"@id":"https:\/\/www.fair.it\/tempi-e-costi-di-spedizione\/#breadcrumb"},"inLanguage":"fr-FR","potentialAction":[{"@type":"ReadAction","target":["https:\/\/www.fair.it\/tempi-e-costi-di-spedizione\/"]}]},{"@type":"BreadcrumbList","@id":"https:\/\/www.fair.it\/tempi-e-costi-di-spedizione\/#breadcrumb","itemListElement":[{"@type":"ListItem","position":1,"name":"Home","item":"https:\/\/www.fair.it\/fr\/"},{"@type":"ListItem","position":2,"name":"Delivery time shipping costs"}]},{"@type":"WebSite","@id":"https:\/\/www.fair.it\/#website","url":"https:\/\/www.fair.it\/","name":"Fair","description":"","publisher":{"@id":"https:\/\/www.fair.it\/#organization"},"potentialAction":[{"@type":"SearchAction","target":{"@type":"EntryPoint","urlTemplate":"https:\/\/www.fair.it\/?s={search_term_string}"},"query-input":"required name=search_term_string"}],"inLanguage":"fr-FR"},{"@type":"Organization","@id":"https:\/\/www.fair.it\/#organization","name":"F.a.i.r. srl","url":"https:\/\/www.fair.it\/","logo":{"@type":"ImageObject","inLanguage":"fr-FR","@id":"https:\/\/www.fair.it\/#\/schema\/logo\/image\/","url":"https:\/\/www.fair.it\/wp-content\/uploads\/LOGO-2-scaled.jpg","contentUrl":"https:\/\/www.fair.it\/wp-content\/uploads\/LOGO-2-scaled.jpg","width":2560,"height":1328,"caption":"F.a.i.r. srl"},"image":{"@id":"https:\/\/www.fair.it\/#\/schema\/logo\/image\/"},"sameAs":["https:\/\/www.facebook.com\/fair.italy","https:\/\/x.com\/FAIRITALY1971","https:\/\/www.instagram.com\/fairitaly\/","https:\/\/www.pinterest.it\/FAIRITALY\/","https:\/\/www.youtube.com\/channel\/UC2fQOBPNpVoq3RjivV7_KpQ"]}]}},"_links":{"self":[{"href":"https:\/\/www.fair.it\/fr\/wp-json\/wp\/v2\/pages\/2298"}],"collection":[{"href":"https:\/\/www.fair.it\/fr\/wp-json\/wp\/v2\/pages"}],"about":[{"href":"https:\/\/www.fair.it\/fr\/wp-json\/wp\/v2\/types\/page"}],"author":[{"embeddable":true,"href":"https:\/\/www.fair.it\/fr\/wp-json\/wp\/v2\/users\/138"}],"replies":[{"embeddable":true,"href":"https:\/\/www.fair.it\/fr\/wp-json\/wp\/v2\/comments?post=2298"}],"version-history":[{"count":3,"href":"https:\/\/www.fair.it\/fr\/wp-json\/wp\/v2\/pages\/2298\/revisions"}],"predecessor-version":[{"id":31722,"href":"https:\/\/www.fair.it\/fr\/wp-json\/wp\/v2\/pages\/2298\/revisions\/31722"}],"wp:attachment":[{"href":"https:\/\/www.fair.it\/fr\/wp-json\/wp\/v2\/media?parent=2298"}],"curies":[{"name":"wp","href":"https:\/\/api.w.org\/{rel}","templated":true}]}}