{"id":2294,"date":"2019-12-05T16:16:55","date_gmt":"2019-12-05T15:16:55","guid":{"rendered":"https:\/\/fairstore.sviluppo.host\/?page_id=2294"},"modified":"2024-02-24T19:03:16","modified_gmt":"2024-02-24T18:03:16","slug":"payment-methods","status":"publish","type":"page","link":"https:\/\/www.fair.it\/fr\/payment-methods\/","title":{"rendered":"Payment Methods"},"content":{"rendered":"\n<div class=\"row\"  id=\"row-1181988346\">\n\n\n\t<div id=\"col-1755786326\" class=\"col small-12 large-12\"  >\n\t\t\t\t<div class=\"col-inner\"  >\n\t\t\t\n\t\t\t\n\n<p data-pm-slice=\"1 1 &#091;&#093;\">Pour effectuer des achats sur notre site, vous pouvez utiliser les m\u00e9thodes de paiment suivantes:<\/p>\n<h2><strong>Carte de cr\u00e9dit &#8211; Debit &#8211; Pr\u00e9pay\u00e9e<\/strong><\/h2>\n<p>La s\u00e9curit\u00e9 de vos donn\u00e9es est primordiale pour nous. Nous utilisons Stripe en tant que prestataire externe pour la gestion s\u00e9curis\u00e9e de vos paiements par carte de cr\u00e9dit. Stripe est consid\u00e9r\u00e9 comme l&rsquo;un des gestionnaires de transactions financi\u00e8res avec cartes de cr\u00e9dit les plus fiables et les plus autoris\u00e9s, ayant pass\u00e9 les audits requis par les institutions de s\u00e9curit\u00e9 PCI pertinentes avec la certification PCI Service Provider de niveau 1, la plus stricte parmi les niveaux de certification d\u00e9livr\u00e9s. Nous ne stockons pas vos donn\u00e9es de carte de cr\u00e9dit sur nos serveurs, car elles sont g\u00e9r\u00e9es directement et exclusivement par Stripe via un processus appel\u00e9 \u00ab\u00a0tokenisation\u00a0\u00bb et stock\u00e9es sur leurs serveurs s\u00e9curis\u00e9s. Les donn\u00e9es de carte de cr\u00e9dit sont crypt\u00e9es par Stripe sur un disque dur en AES-256, tandis que les cl\u00e9s de d\u00e9chiffrement associ\u00e9es sont stock\u00e9es dans des unit\u00e9s distinctes et distinctes. Aucun serveur ou d\u00e9mon au sein de Stripe ne peut extraire de donn\u00e9es claires des cartes de cr\u00e9dit stock\u00e9es. L&rsquo;infrastructure principale de Stripe pour le stockage, le d\u00e9chiffrement et la transmission des donn\u00e9es de carte de cr\u00e9dit fonctionne sur un \u00e9quipement s\u00e9par\u00e9 et ne partage pas ses informations d&rsquo;identification avec les diff\u00e9rentes interfaces de communication (proc\u00e9dures API, sites Web, etc.). Chaque transaction est ensuite g\u00e9r\u00e9e via des protocoles de s\u00e9curit\u00e9 chiffr\u00e9s en formats SSL et HSTS par les proc\u00e9dures logicielles de Stripe incluses dans nos applications et par Stripe luim\u00eame.<\/p>\n<h2><strong>PayPal<\/strong><\/h2>\n<p>Le paiement sera effectu\u00e9 imm\u00e9diatement apr\u00e8s l&rsquo;achat et il n&rsquo;est pas indispensable d&rsquo;avoir un compte PayPal.<\/p>\n<h2 data-pm-slice=\"1 1 &#091;&#093;\"><strong>Virement Bancaire<\/strong><\/h2>\n<p>Vous pouvez r\u00e9gler les marchandises par virement bancaire payable \u00e0 :<\/p>\n<table id=\"tabellaBonifico\">\n<tbody>\n<tr>\n<th>BENEFICIARIO<\/th>\n<td>TEAMECOMMERCE SRL a socio unico<br \/>Via Roma n.50\/R \u2013 24060 CREDARO \u2013 BG<br \/>C.F. e P.I. 03948390160<\/td>\n<\/tr>\n<tr>\n<th>ABI<\/th>\n<td>05034<\/td>\n<\/tr>\n<tr>\n<th>CAB<\/th>\n<td>53140<\/td>\n<\/tr>\n<tr>\n<th>C\/C<\/th>\n<td>000000011991<\/td>\n<\/tr>\n<tr>\n<th>CIN<\/th>\n<td>Z<\/td>\n<\/tr>\n<tr>\n<th>IBAN<\/th>\n<td>IT62Z0503453140000000011991<\/td>\n<\/tr>\n<tr>\n<th>SWIFT \/ codice BIC<\/th>\n<td>BAPPIT21AC3<\/td>\n<\/tr>\n<tr>\n<th>BANCA<\/th>\n<td>Banco Popolare<\/td>\n<\/tr>\n<tr>\n<th>FILIALE<\/th>\n<td>Grumello del Monte \u2013 BG<\/td>\n<\/tr>\n<\/tbody>\n<\/table>\n<p>Les marchandises sont envoy\u00e9es uniquement apr\u00e8s r\u00e9ception du paiement par carte de cr\u00e9dit. Cependant, nous vous conseillons d&rsquo;envoyer le re\u00e7u du virement par e-mail \u00e0 l&rsquo;adresse suivante: <a href=\"mailto:info@fair-store.com\">info@fair-store.com<\/a><\/p>\n\n\t\t<\/div>\n\t\t\t\t\t<\/div>\n\n\t\n\n<\/div>\n\n","protected":false},"excerpt":{"rendered":"","protected":false},"author":138,"featured_media":0,"parent":0,"menu_order":0,"comment_status":"closed","ping_status":"closed","template":"","meta":{"footnotes":""},"class_list":["post-2294","page","type-page","status-publish","hentry"],"yoast_head":"<!-- This site is optimized with the Yoast SEO plugin v23.0 - https:\/\/yoast.com\/wordpress\/plugins\/seo\/ -->\n<title>Payment Methods - Fair<\/title>\n<meta name=\"robots\" content=\"noindex, nofollow\" \/>\n<meta property=\"og:locale\" content=\"fr_FR\" \/>\n<meta property=\"og:type\" content=\"article\" \/>\n<meta property=\"og:title\" content=\"Payment Methods - Fair\" \/>\n<meta property=\"og:url\" content=\"https:\/\/www.fair.it\/metodi-di-pagamento\/\" \/>\n<meta property=\"og:site_name\" content=\"Fair\" \/>\n<meta property=\"article:publisher\" content=\"https:\/\/www.facebook.com\/fair.italy\" \/>\n<meta property=\"article:modified_time\" content=\"2024-02-24T18:03:16+00:00\" \/>\n<meta property=\"og:image\" content=\"https:\/\/www.fair.it\/wp-content\/uploads\/LOGO-2-scaled.jpg\" \/>\n\t<meta property=\"og:image:width\" content=\"2560\" \/>\n\t<meta property=\"og:image:height\" content=\"1328\" \/>\n\t<meta property=\"og:image:type\" content=\"image\/jpeg\" \/>\n<meta name=\"twitter:card\" content=\"summary_large_image\" \/>\n<meta name=\"twitter:site\" content=\"@FAIRITALY1971\" \/>\n<script type=\"application\/ld+json\" class=\"yoast-schema-graph\">{\"@context\":\"https:\/\/schema.org\",\"@graph\":[{\"@type\":\"WebPage\",\"@id\":\"https:\/\/www.fair.it\/metodi-di-pagamento\/\",\"url\":\"https:\/\/www.fair.it\/metodi-di-pagamento\/\",\"name\":\"Payment Methods - Fair\",\"isPartOf\":{\"@id\":\"https:\/\/www.fair.it\/#website\"},\"datePublished\":\"2019-12-05T15:16:55+00:00\",\"dateModified\":\"2024-02-24T18:03:16+00:00\",\"breadcrumb\":{\"@id\":\"https:\/\/www.fair.it\/metodi-di-pagamento\/#breadcrumb\"},\"inLanguage\":\"fr-FR\",\"potentialAction\":[{\"@type\":\"ReadAction\",\"target\":[\"https:\/\/www.fair.it\/metodi-di-pagamento\/\"]}]},{\"@type\":\"BreadcrumbList\",\"@id\":\"https:\/\/www.fair.it\/metodi-di-pagamento\/#breadcrumb\",\"itemListElement\":[{\"@type\":\"ListItem\",\"position\":1,\"name\":\"Home\",\"item\":\"https:\/\/www.fair.it\/fr\/\"},{\"@type\":\"ListItem\",\"position\":2,\"name\":\"Payment Methods\"}]},{\"@type\":\"WebSite\",\"@id\":\"https:\/\/www.fair.it\/#website\",\"url\":\"https:\/\/www.fair.it\/\",\"name\":\"Fair\",\"description\":\"\",\"publisher\":{\"@id\":\"https:\/\/www.fair.it\/#organization\"},\"potentialAction\":[{\"@type\":\"SearchAction\",\"target\":{\"@type\":\"EntryPoint\",\"urlTemplate\":\"https:\/\/www.fair.it\/?s={search_term_string}\"},\"query-input\":\"required name=search_term_string\"}],\"inLanguage\":\"fr-FR\"},{\"@type\":\"Organization\",\"@id\":\"https:\/\/www.fair.it\/#organization\",\"name\":\"F.a.i.r. srl\",\"url\":\"https:\/\/www.fair.it\/\",\"logo\":{\"@type\":\"ImageObject\",\"inLanguage\":\"fr-FR\",\"@id\":\"https:\/\/www.fair.it\/#\/schema\/logo\/image\/\",\"url\":\"https:\/\/www.fair.it\/wp-content\/uploads\/LOGO-2-scaled.jpg\",\"contentUrl\":\"https:\/\/www.fair.it\/wp-content\/uploads\/LOGO-2-scaled.jpg\",\"width\":2560,\"height\":1328,\"caption\":\"F.a.i.r. srl\"},\"image\":{\"@id\":\"https:\/\/www.fair.it\/#\/schema\/logo\/image\/\"},\"sameAs\":[\"https:\/\/www.facebook.com\/fair.italy\",\"https:\/\/x.com\/FAIRITALY1971\",\"https:\/\/www.instagram.com\/fairitaly\/\",\"https:\/\/www.pinterest.it\/FAIRITALY\/\",\"https:\/\/www.youtube.com\/channel\/UC2fQOBPNpVoq3RjivV7_KpQ\"]}]}<\/script>\n<!-- \/ Yoast SEO plugin. -->","yoast_head_json":{"title":"Payment Methods - Fair","robots":{"index":"noindex","follow":"nofollow"},"og_locale":"fr_FR","og_type":"article","og_title":"Payment Methods - Fair","og_url":"https:\/\/www.fair.it\/metodi-di-pagamento\/","og_site_name":"Fair","article_publisher":"https:\/\/www.facebook.com\/fair.italy","article_modified_time":"2024-02-24T18:03:16+00:00","og_image":[{"width":2560,"height":1328,"url":"https:\/\/www.fair.it\/wp-content\/uploads\/LOGO-2-scaled.jpg","type":"image\/jpeg"}],"twitter_card":"summary_large_image","twitter_site":"@FAIRITALY1971","schema":{"@context":"https:\/\/schema.org","@graph":[{"@type":"WebPage","@id":"https:\/\/www.fair.it\/metodi-di-pagamento\/","url":"https:\/\/www.fair.it\/metodi-di-pagamento\/","name":"Payment Methods - Fair","isPartOf":{"@id":"https:\/\/www.fair.it\/#website"},"datePublished":"2019-12-05T15:16:55+00:00","dateModified":"2024-02-24T18:03:16+00:00","breadcrumb":{"@id":"https:\/\/www.fair.it\/metodi-di-pagamento\/#breadcrumb"},"inLanguage":"fr-FR","potentialAction":[{"@type":"ReadAction","target":["https:\/\/www.fair.it\/metodi-di-pagamento\/"]}]},{"@type":"BreadcrumbList","@id":"https:\/\/www.fair.it\/metodi-di-pagamento\/#breadcrumb","itemListElement":[{"@type":"ListItem","position":1,"name":"Home","item":"https:\/\/www.fair.it\/fr\/"},{"@type":"ListItem","position":2,"name":"Payment Methods"}]},{"@type":"WebSite","@id":"https:\/\/www.fair.it\/#website","url":"https:\/\/www.fair.it\/","name":"Fair","description":"","publisher":{"@id":"https:\/\/www.fair.it\/#organization"},"potentialAction":[{"@type":"SearchAction","target":{"@type":"EntryPoint","urlTemplate":"https:\/\/www.fair.it\/?s={search_term_string}"},"query-input":"required name=search_term_string"}],"inLanguage":"fr-FR"},{"@type":"Organization","@id":"https:\/\/www.fair.it\/#organization","name":"F.a.i.r. srl","url":"https:\/\/www.fair.it\/","logo":{"@type":"ImageObject","inLanguage":"fr-FR","@id":"https:\/\/www.fair.it\/#\/schema\/logo\/image\/","url":"https:\/\/www.fair.it\/wp-content\/uploads\/LOGO-2-scaled.jpg","contentUrl":"https:\/\/www.fair.it\/wp-content\/uploads\/LOGO-2-scaled.jpg","width":2560,"height":1328,"caption":"F.a.i.r. srl"},"image":{"@id":"https:\/\/www.fair.it\/#\/schema\/logo\/image\/"},"sameAs":["https:\/\/www.facebook.com\/fair.italy","https:\/\/x.com\/FAIRITALY1971","https:\/\/www.instagram.com\/fairitaly\/","https:\/\/www.pinterest.it\/FAIRITALY\/","https:\/\/www.youtube.com\/channel\/UC2fQOBPNpVoq3RjivV7_KpQ"]}]}},"_links":{"self":[{"href":"https:\/\/www.fair.it\/fr\/wp-json\/wp\/v2\/pages\/2294"}],"collection":[{"href":"https:\/\/www.fair.it\/fr\/wp-json\/wp\/v2\/pages"}],"about":[{"href":"https:\/\/www.fair.it\/fr\/wp-json\/wp\/v2\/types\/page"}],"author":[{"embeddable":true,"href":"https:\/\/www.fair.it\/fr\/wp-json\/wp\/v2\/users\/138"}],"replies":[{"embeddable":true,"href":"https:\/\/www.fair.it\/fr\/wp-json\/wp\/v2\/comments?post=2294"}],"version-history":[{"count":3,"href":"https:\/\/www.fair.it\/fr\/wp-json\/wp\/v2\/pages\/2294\/revisions"}],"predecessor-version":[{"id":31721,"href":"https:\/\/www.fair.it\/fr\/wp-json\/wp\/v2\/pages\/2294\/revisions\/31721"}],"wp:attachment":[{"href":"https:\/\/www.fair.it\/fr\/wp-json\/wp\/v2\/media?parent=2294"}],"curies":[{"name":"wp","href":"https:\/\/api.w.org\/{rel}","templated":true}]}}