{"id":2290,"date":"2019-12-05T15:57:35","date_gmt":"2019-12-05T14:57:35","guid":{"rendered":"https:\/\/fairstore.sviluppo.host\/?page_id=2290"},"modified":"2024-02-24T20:39:52","modified_gmt":"2024-02-24T19:39:52","slug":"privacy-policy","status":"publish","type":"page","link":"https:\/\/www.fair.it\/fr\/privacy-policy\/","title":{"rendered":"Privacy Policy"},"content":{"rendered":"\n<h2 data-pm-slice=\"1 1 []\">Note d&rsquo;information sur le traitement des donn\u00e9es personnelles conform\u00e9ment au R\u00e8glement Europ\u00e9en 2016\/679 ou RGPD<\/h2>\n<p>En conformit\u00e9 avec le R\u00e8glement Europ\u00e9en 2016\/679, vous trouverez ici toutes les informations sur le traitement de vos donn\u00e9es personnelles que vous nous avez fournies.<br \/>Cette note d&rsquo;information est fournie uniquement pour ce site dans sa version italienne et dans toutes les autres langues publi\u00e9es, et elle n&rsquo;est pas valable pour d&rsquo;autres sites consult\u00e9s par l&rsquo;utilisateur via un lien.<\/p>\n<p>Le <b>RESPONSABLE DU TRAITEMENT<\/b> est F.A.I.R.\u00ae srl, Via Gitti, 41 &#8211; 25060 Marcheno (Brescia), num\u00e9ro de t\u00e9l\u00e9phone: +39 030 861162, e-mail: <a href=\"mailto:info@fair.it\">info@fair.it<\/a>, en la personne de son Repr\u00e9sentant L\u00e9gal. Le <b>RESPONSABLE CONJOINT DU TRAITEMENT<\/b> est TEAMECOMMERCE S.r.l. &#8211; Via Roma n.50\/R &#8211; 24060 CREDARO (BG), e-mail <a href=\"mailto:amministrazione@teamecommerce.com\">amministrazione@teamecommerce.com<\/a>, repr\u00e9sent\u00e9 par son Repr\u00e9sentant L\u00e9gal. La liste compl\u00e8te des Sous-traitants, mise \u00e0 jour \u00e0 la derni\u00e8re version, est disponible \u00e0 notre si\u00e8ge ou peut \u00eatre demand\u00e9e par e-mail.<\/p>\n<h2>BUTS ET BASE JURIDIQUE DU TRAITEMENT<\/h2>\n<p>Vos donn\u00e9es personnelles seront trait\u00e9es dans ce site comme suit:<\/p>\n<h3>Domaine r\u00e9serv\u00e9 \/ Login:<\/h3>\n<p data-pm-slice=\"1 1 []\">Vos donn\u00e9es seront trait\u00e9es uniquement pour vous permettre d&rsquo;utiliser les fonctionnalit\u00e9s du domaine r\u00e9serv\u00e9. Le refus de fournir les donn\u00e9es personnelles pour le domaine r\u00e9serv\u00e9 entra\u00eene seulement l&rsquo;impossibilit\u00e9, pour nous, de vous donner l&rsquo;acc\u00e8s et l&rsquo;utilisation des services du domaine r\u00e9serv\u00e9, comme par exemple l&rsquo;enregistrement en ligne de la garantie.<\/p>\n<h3 data-pm-slice=\"1 1 []\">Shop en ligne:<\/h3>\n<p data-pm-slice=\"1 1 []\">Vos donn\u00e9es seront trait\u00e9es uniquement pour vous permettre de cr\u00e9er un utilisateur habilit\u00e9 \u00e0 l&rsquo;achat en ligne de nos produits, pour recevoir les produits que vous avez achet\u00e9s et pour l&rsquo;\u00e9mission de la facture, si demand\u00e9e. Dans ce cas, le refus de fournir les donn\u00e9es personnelles entra\u00eene seulement l&rsquo;impossibilit\u00e9 d&rsquo;acheter les produits de notre site.<\/p>\n<h3>Newsletter:<\/h3>\n<p data-pm-slice=\"1 1 []\">Si vous vous inscrivez au service de Newsletter, vos donn\u00e9es seront trait\u00e9es uniquement pour vous envoyer des communications commerciales et informatives. <br \/>Le refus de fournir les donn\u00e9es pour la newsletter entra\u00eene seulement, pour nous, l&rsquo;impossibilit\u00e9 de vous envoyer des offres et des communications commerciales et informatives.<br \/>Si vous donnez votre consentement explicite au profilage, vos donn\u00e9es pourront \u00eatre utilis\u00e9es pour vous envoyer des informations et des offres commerciales plus proches de vos int\u00e9r\u00eats et ainsi vous offrir une meilleure exp\u00e9rience.<br \/>Le refus de donner votre consentement au profilage entra\u00eene seulement l&rsquo;impossibilit\u00e9 pour nous de vous communiquer des informations et des communications plus conformes \u00e0 vos int\u00e9r\u00eats.<\/p>\n<h3>Formulaire de contact:<\/h3>\n<p data-pm-slice=\"1 1 []\">Nous utiliserons les donn\u00e9es que vous avez fournies sur le formulaire de contact uniquement pour r\u00e9pondre \u00e0 vos demandes sur ce site. Le refus de fournir les donn\u00e9es personnelles sur le formulaire de contact entra\u00eene seulement l&rsquo;impossibilit\u00e9 pour nous de vous fournir les informations demand\u00e9es.<\/p>\n<h3 data-pm-slice=\"1 1 []\">Enregistrement en ligne de la garantie :<\/h3>\n<p data-pm-slice=\"1 1 []\">Si vous enregistrez votre garantie en ligne, les donn\u00e9es que vous avez saisies seront trait\u00e9es uniquement pour effectuer les v\u00e9rifications n\u00e9cessaires et activer la garantie. <br \/>Le refus de fournir les donn\u00e9es personnelles lors de l&rsquo;enregistrement en ligne de la garantie entra\u00eene seulement l&rsquo;impossibilit\u00e9 pour nous d&rsquo;activer votre garantie. Toutes les donn\u00e9es que vous avez fournies sur ce site peuvent \u00eatre trait\u00e9es pour les activit\u00e9s administratives et de compte li\u00e9es \u00e0 notre int\u00e9r\u00eat l\u00e9gitime, ainsi que pour des raisons de s\u00e9curit\u00e9 li\u00e9es au site.<\/p>\n<h2 data-pm-slice=\"1 1 []\">COMMUNICATION, DIFFUSION ET TRANSMISSION DES DONN\u00c9ES<\/h2>\n<p data-pm-slice=\"1 1 []\">Vos donn\u00e9es ne seront pas diffus\u00e9es en dehors de F.A.I.R.\u00ae Srl et de TEAMECOMMERCE. <br \/>Nous pouvons transmettre vos donn\u00e9es aux transporteurs que nous avons choisis pour vous envoyer les marchandises que vous avez achet\u00e9es, ainsi qu&rsquo;aux fournisseurs de services du site et de la newsletter pour la conservation. Les serveurs de l&rsquo;entreprise sont situ\u00e9s dans l&rsquo;Union europ\u00e9enne et les donn\u00e9es ne sont pas transf\u00e9r\u00e9es vers des territoires hors de l&rsquo;UE.<br \/>Si vous achetez des produits sur notre boutique en ligne en utilisant Paypal ou Stripe, nous vous invitons \u00e0 consulter leurs informations sur le traitement des donn\u00e9es personnelles pour savoir comment vos donn\u00e9es sont trait\u00e9es.<\/p>\n<p><a href=\"https:\/\/www.paypal.com\/myaccount\/privacy\/privacyhub\" target=\"_blank\" rel=\"noopener\">Politique de confidentialit\u00e9 de Paypal<\/a><br \/><a href=\"https:\/\/stripe.com\/it\/privacy\" target=\"_blank\" rel=\"noopener\">Politique de confidentialit\u00e9 de Stripe<\/a><\/p>\n<h2 data-pm-slice=\"1 1 []\">DONN\u00c9ES DES MINEURS<\/h2>\n<p>Ce site Web s&rsquo;adresse \u00e0 un public g\u00e9n\u00e9ral, en privil\u00e9giant les utilisateurs \u00e2g\u00e9s de 18 ans ou plus. <br \/>Les donn\u00e9es d&rsquo;un mineur qui demande des services sur le site seront effac\u00e9es d\u00e8s que nous en aurons connaissance.<\/p>\n<h2 data-pm-slice=\"1 1 []\">CONSERVATION DES DONN\u00c9ES<\/h2>\n<p data-pm-slice=\"1 1 []\"><strong>Domaine r\u00e9serv\u00e9 \/ Connexion:<br \/><\/strong>Les donn\u00e9es sont conserv\u00e9es tant que l&rsquo;utilisateur est actif et pendant 24 mois suivant son inactivit\u00e9.<\/p>\n<p data-pm-slice=\"1 1 []\"><strong>Boutique en ligne<\/strong><b>:<br \/><\/b><span style=\"font-size: 14.4px;\">Les donn\u00e9es sur les transactions d&rsquo;achat sont trait\u00e9es pendant 10 ans <\/span>conform\u00e9ment \u00e0 la l\u00e9gislation comptable<\/p>\n<p><b>Newsletter:<br \/><\/b>Les donn\u00e9es sont trait\u00e9es pendant 24 mois.<\/p>\n<p><b>Formulaire de Contact:<br \/><\/b>Les donn\u00e9es sont conserv\u00e9es le temps n\u00e9cessaire pour r\u00e9pondre aux demandes envoy\u00e9es et pendant un maximum de 24 mois.<\/p>\n<p data-pm-slice=\"1 1 []\"><strong>Enregistrement en ligne de la garantie<\/strong><b>:<br \/><\/b>Les donn\u00e9es sont conserv\u00e9es pendant toute la dur\u00e9e de la garantie et ensuite en conformit\u00e9 avec la l\u00e9gislation en vigueur.<br \/>Certaines donn\u00e9es peuvent \u00eatre conserv\u00e9es plus longtemps si la l\u00e9gislation italienne l&rsquo;exige (conservation administrative, protection juridique et s\u00e9curit\u00e9 publique).<\/p>\n<h2 data-pm-slice=\"1 1 []\">DROITS DES PERSONNES CONCERN\u00c9ES<\/h2>\n<p data-pm-slice=\"1 1 []\">Il sera toujours possible d&rsquo;exercer les droits conform\u00e9ment aux articles 15 et suivants du R\u00e8glement Europ\u00e9en 2016\/679 (acc\u00e8s, rectification, effacement, limitation, portabilit\u00e9, opposition). <br \/>Notre entreprise n&rsquo;a pas nomm\u00e9 de D\u00e9l\u00e9gu\u00e9 \u00e0 la protection des donn\u00e9es personnelles en raison de la typologie des donn\u00e9es trait\u00e9es. Si vous estimez que vos donn\u00e9es ne sont pas g\u00e9r\u00e9es correctement, vous avez le droit d&rsquo;introduire une r\u00e9clamation aupr\u00e8s de l&rsquo;autorit\u00e9 de contr\u00f4le comp\u00e9tente. <br \/>Vous pouvez \u00e9galement soumettre une demande d&rsquo;acc\u00e8s aux donn\u00e9es ou d&rsquo;exercice d&rsquo;autres droits \u00e0 l&rsquo;adresse <a class=\"ProsemirrorEditor-link\" href=\"mailto:privacy@fair.it\">privacy@fair.it<\/a>.<\/p>\n<h2 data-pm-slice=\"1 1 []\">MODIFICATION DE L&rsquo;INFORMATION<\/h2>\n<p data-pm-slice=\"1 1 []\">Le Responsable du traitement se r\u00e9serve le droit de modifier, d&rsquo;ajouter ou de supprimer des parties de cette information \u00e0 sa discr\u00e9tion et \u00e0 tout moment. Il est conseill\u00e9 \u00e0 la personne concern\u00e9e de v\u00e9rifier r\u00e9guli\u00e8rement d&rsquo;\u00e9ventuelles modifications. <br \/>Pour faciliter cette v\u00e9rification, l&rsquo;information indiquera la date de la derni\u00e8re mise \u00e0 jour.<br \/>Date de la mise \u00e0 jour : 26\/01\/2022<\/p>\n\n","protected":false},"excerpt":{"rendered":"","protected":false},"author":138,"featured_media":0,"parent":0,"menu_order":0,"comment_status":"closed","ping_status":"closed","template":"","meta":{"footnotes":""},"class_list":["post-2290","page","type-page","status-publish","hentry"],"yoast_head":"<!-- This site is optimized with the Yoast SEO plugin v23.0 - https:\/\/yoast.com\/wordpress\/plugins\/seo\/ -->\n<title>Privacy Policy - Fair<\/title>\n<meta name=\"robots\" content=\"noindex, nofollow\" \/>\n<meta property=\"og:locale\" content=\"fr_FR\" \/>\n<meta property=\"og:type\" content=\"article\" \/>\n<meta property=\"og:title\" content=\"Privacy Policy - Fair\" \/>\n<meta property=\"og:url\" content=\"https:\/\/www.fair.it\/privacy-policy-2\/\" \/>\n<meta property=\"og:site_name\" content=\"Fair\" \/>\n<meta property=\"article:publisher\" content=\"https:\/\/www.facebook.com\/fair.italy\" \/>\n<meta property=\"article:modified_time\" content=\"2024-02-24T19:39:52+00:00\" \/>\n<meta property=\"og:image\" content=\"https:\/\/www.fair.it\/wp-content\/uploads\/LOGO-2-scaled.jpg\" \/>\n\t<meta property=\"og:image:width\" content=\"2560\" \/>\n\t<meta property=\"og:image:height\" content=\"1328\" \/>\n\t<meta property=\"og:image:type\" content=\"image\/jpeg\" \/>\n<meta name=\"twitter:card\" content=\"summary_large_image\" \/>\n<meta name=\"twitter:site\" content=\"@FAIRITALY1971\" \/>\n<script type=\"application\/ld+json\" class=\"yoast-schema-graph\">{\"@context\":\"https:\/\/schema.org\",\"@graph\":[{\"@type\":\"WebPage\",\"@id\":\"https:\/\/www.fair.it\/privacy-policy-2\/\",\"url\":\"https:\/\/www.fair.it\/privacy-policy-2\/\",\"name\":\"Privacy Policy - Fair\",\"isPartOf\":{\"@id\":\"https:\/\/www.fair.it\/#website\"},\"datePublished\":\"2019-12-05T14:57:35+00:00\",\"dateModified\":\"2024-02-24T19:39:52+00:00\",\"breadcrumb\":{\"@id\":\"https:\/\/www.fair.it\/privacy-policy-2\/#breadcrumb\"},\"inLanguage\":\"fr-FR\",\"potentialAction\":[{\"@type\":\"ReadAction\",\"target\":[\"https:\/\/www.fair.it\/privacy-policy-2\/\"]}]},{\"@type\":\"BreadcrumbList\",\"@id\":\"https:\/\/www.fair.it\/privacy-policy-2\/#breadcrumb\",\"itemListElement\":[{\"@type\":\"ListItem\",\"position\":1,\"name\":\"Home\",\"item\":\"https:\/\/www.fair.it\/fr\/\"},{\"@type\":\"ListItem\",\"position\":2,\"name\":\"Privacy Policy\"}]},{\"@type\":\"WebSite\",\"@id\":\"https:\/\/www.fair.it\/#website\",\"url\":\"https:\/\/www.fair.it\/\",\"name\":\"Fair\",\"description\":\"\",\"publisher\":{\"@id\":\"https:\/\/www.fair.it\/#organization\"},\"potentialAction\":[{\"@type\":\"SearchAction\",\"target\":{\"@type\":\"EntryPoint\",\"urlTemplate\":\"https:\/\/www.fair.it\/?s={search_term_string}\"},\"query-input\":\"required name=search_term_string\"}],\"inLanguage\":\"fr-FR\"},{\"@type\":\"Organization\",\"@id\":\"https:\/\/www.fair.it\/#organization\",\"name\":\"F.a.i.r. srl\",\"url\":\"https:\/\/www.fair.it\/\",\"logo\":{\"@type\":\"ImageObject\",\"inLanguage\":\"fr-FR\",\"@id\":\"https:\/\/www.fair.it\/#\/schema\/logo\/image\/\",\"url\":\"https:\/\/www.fair.it\/wp-content\/uploads\/LOGO-2-scaled.jpg\",\"contentUrl\":\"https:\/\/www.fair.it\/wp-content\/uploads\/LOGO-2-scaled.jpg\",\"width\":2560,\"height\":1328,\"caption\":\"F.a.i.r. srl\"},\"image\":{\"@id\":\"https:\/\/www.fair.it\/#\/schema\/logo\/image\/\"},\"sameAs\":[\"https:\/\/www.facebook.com\/fair.italy\",\"https:\/\/x.com\/FAIRITALY1971\",\"https:\/\/www.instagram.com\/fairitaly\/\",\"https:\/\/www.pinterest.it\/FAIRITALY\/\",\"https:\/\/www.youtube.com\/channel\/UC2fQOBPNpVoq3RjivV7_KpQ\"]}]}<\/script>\n<!-- \/ Yoast SEO plugin. -->","yoast_head_json":{"title":"Privacy Policy - Fair","robots":{"index":"noindex","follow":"nofollow"},"og_locale":"fr_FR","og_type":"article","og_title":"Privacy Policy - Fair","og_url":"https:\/\/www.fair.it\/privacy-policy-2\/","og_site_name":"Fair","article_publisher":"https:\/\/www.facebook.com\/fair.italy","article_modified_time":"2024-02-24T19:39:52+00:00","og_image":[{"width":2560,"height":1328,"url":"https:\/\/www.fair.it\/wp-content\/uploads\/LOGO-2-scaled.jpg","type":"image\/jpeg"}],"twitter_card":"summary_large_image","twitter_site":"@FAIRITALY1971","schema":{"@context":"https:\/\/schema.org","@graph":[{"@type":"WebPage","@id":"https:\/\/www.fair.it\/privacy-policy-2\/","url":"https:\/\/www.fair.it\/privacy-policy-2\/","name":"Privacy Policy - Fair","isPartOf":{"@id":"https:\/\/www.fair.it\/#website"},"datePublished":"2019-12-05T14:57:35+00:00","dateModified":"2024-02-24T19:39:52+00:00","breadcrumb":{"@id":"https:\/\/www.fair.it\/privacy-policy-2\/#breadcrumb"},"inLanguage":"fr-FR","potentialAction":[{"@type":"ReadAction","target":["https:\/\/www.fair.it\/privacy-policy-2\/"]}]},{"@type":"BreadcrumbList","@id":"https:\/\/www.fair.it\/privacy-policy-2\/#breadcrumb","itemListElement":[{"@type":"ListItem","position":1,"name":"Home","item":"https:\/\/www.fair.it\/fr\/"},{"@type":"ListItem","position":2,"name":"Privacy Policy"}]},{"@type":"WebSite","@id":"https:\/\/www.fair.it\/#website","url":"https:\/\/www.fair.it\/","name":"Fair","description":"","publisher":{"@id":"https:\/\/www.fair.it\/#organization"},"potentialAction":[{"@type":"SearchAction","target":{"@type":"EntryPoint","urlTemplate":"https:\/\/www.fair.it\/?s={search_term_string}"},"query-input":"required name=search_term_string"}],"inLanguage":"fr-FR"},{"@type":"Organization","@id":"https:\/\/www.fair.it\/#organization","name":"F.a.i.r. srl","url":"https:\/\/www.fair.it\/","logo":{"@type":"ImageObject","inLanguage":"fr-FR","@id":"https:\/\/www.fair.it\/#\/schema\/logo\/image\/","url":"https:\/\/www.fair.it\/wp-content\/uploads\/LOGO-2-scaled.jpg","contentUrl":"https:\/\/www.fair.it\/wp-content\/uploads\/LOGO-2-scaled.jpg","width":2560,"height":1328,"caption":"F.a.i.r. srl"},"image":{"@id":"https:\/\/www.fair.it\/#\/schema\/logo\/image\/"},"sameAs":["https:\/\/www.facebook.com\/fair.italy","https:\/\/x.com\/FAIRITALY1971","https:\/\/www.instagram.com\/fairitaly\/","https:\/\/www.pinterest.it\/FAIRITALY\/","https:\/\/www.youtube.com\/channel\/UC2fQOBPNpVoq3RjivV7_KpQ"]}]}},"_links":{"self":[{"href":"https:\/\/www.fair.it\/fr\/wp-json\/wp\/v2\/pages\/2290"}],"collection":[{"href":"https:\/\/www.fair.it\/fr\/wp-json\/wp\/v2\/pages"}],"about":[{"href":"https:\/\/www.fair.it\/fr\/wp-json\/wp\/v2\/types\/page"}],"author":[{"embeddable":true,"href":"https:\/\/www.fair.it\/fr\/wp-json\/wp\/v2\/users\/138"}],"replies":[{"embeddable":true,"href":"https:\/\/www.fair.it\/fr\/wp-json\/wp\/v2\/comments?post=2290"}],"version-history":[{"count":3,"href":"https:\/\/www.fair.it\/fr\/wp-json\/wp\/v2\/pages\/2290\/revisions"}],"predecessor-version":[{"id":31734,"href":"https:\/\/www.fair.it\/fr\/wp-json\/wp\/v2\/pages\/2290\/revisions\/31734"}],"wp:attachment":[{"href":"https:\/\/www.fair.it\/fr\/wp-json\/wp\/v2\/media?parent=2290"}],"curies":[{"name":"wp","href":"https:\/\/api.w.org\/{rel}","templated":true}]}}