{"id":2282,"date":"2019-12-05T15:12:07","date_gmt":"2019-12-05T14:12:07","guid":{"rendered":"https:\/\/fairstore.sviluppo.host\/?page_id=2282"},"modified":"2019-12-05T15:12:08","modified_gmt":"2019-12-05T14:12:08","slug":"notre-entrepise","status":"publish","type":"page","link":"https:\/\/www.fair.it\/fr\/notre-entrepise\/","title":{"rendered":"Notre entrepise"},"content":{"rendered":"\n\n  <div class=\"banner has-hover\" id=\"banner-257702657\">\n          <div class=\"banner-inner fill\">\n        <div class=\"banner-bg fill\" >\n            <img loading=\"lazy\" decoding=\"async\" width=\"1000\" height=\"324\" src=\"https:\/\/www.fair.it\/wp-content\/uploads\/header-chi-siamo.jpg\" class=\"bg attachment-large size-large\" alt=\"\" \/>                        <div class=\"overlay\"><\/div>            \n                    <\/div>\n\t\t\n        <div class=\"banner-layers container\">\n            <div class=\"fill banner-link\"><\/div>            \n\n   <div id=\"text-box-1761668715\" class=\"text-box banner-layer x50 md-x50 lg-x50 y50 md-y50 lg-y50 res-text\">\n                                <div class=\"text-box-content text dark\">\n              \n              <div class=\"text-inner text-center\">\n                  \n\n<div class=\"container section-title-container\" ><h1 class=\"section-title section-title-center\"><b><\/b><span class=\"section-title-main\" >Notre entrepise<\/span><b><\/b><\/h1><\/div>\n\n\n              <\/div>\n           <\/div>\n                            \n<style>\n#text-box-1761668715 {\n  width: 100%;\n}\n#text-box-1761668715 .text-box-content {\n  font-size: 100%;\n}\n<\/style>\n    <\/div>\n \n\n        <\/div>\n      <\/div>\n\n            \n<style>\n#banner-257702657 {\n  padding-top: 200px;\n}\n#banner-257702657 .overlay {\n  background-color: rgba(0, 69, 134, 0.7);\n}\n#banner-257702657 .banner-bg img {\n  object-position: 52% 60%;\n}\n@media (min-width:550px) {\n  #banner-257702657 {\n    padding-top: 300px;\n  }\n}\n<\/style>\n  <\/div>\n\n\n<div class=\"row\"  id=\"row-591679802\">\n\n\n\t<div id=\"col-1979423957\" class=\"col small-12 large-12\"  >\n\t\t\t\t<div class=\"col-inner\"  >\n\t\t\t\n\t\t\t\n\n<p>F.A.I.R.-Store<sup>\u00ae<\/sup> est une initiative de TEAMECOMMERCE srl. La soci\u00e9t\u00e9 TEAMECOMMERCE vende les produits de la marque F.A.I.R.<sup>\u00ae<\/sup> srl sur le web, en Italie et au \u00e9tranger (CEE et EXTRA CEE). Les sites www.fair\u00ad-store.it et www.fair\u00adstore.com sont autoris\u00e9s par la soci\u00e9t\u00e9 F.A.I.R.\u00ae srl. Les marques report\u00e9es sur le site F.A.I.R.\u00adStore<sup>\u00ae<\/sup> sont de propri\u00e9t\u00e9 de F.A.I.R.<sup>\u00ae<\/sup> srl \u00ad Rue Gitti, 41 \u00ad 25060 Marcheno (Brescia), Italie.<\/p>\n<h2>DEPUIS 1971 \u00c0 L\u2019EMPREINT DE LA TRADITION<\/h2>\n<p>Depuis 1971, ann\u00e9e de fondation de la soci\u00e9t\u00e9, la F.A.I.R.<sup>\u00ae<\/sup> s\u2019est sp\u00e9cialis\u00e9e dans la construction des armes longues \u00e0 tir et de chasse, pens\u00e9es pour \u00eatre les plus fiables et les plus fonctionelles possibles. Le client moyen qui achate une arme F.A.I.R.<sup>\u00ae<\/sup> est un chasseur ou un tireur qui ne demande pas au propre fusil seulment la caract\u00e9ristique estetique mais aussi d\u2019avoir un outil d\u2019avanguarde, construit avec une gravit\u00e9 tel de garantir la maximale probabilit\u00e9 de succ\u00e8s. Selon l\u2019esprit de la secolaire tradition des armes italiennes notre engagement a \u00e9t\u00e9 orient\u00e9 \u00e0 la cr\u00e9ation des armes avec organisations m\u00e9caniques qui sont exemples de nouveaux niveaux technologique dans la tecnique et la production internationale.<\/p>\n<p>Les batteries sont pens\u00e9es et cr\u00e9es pour satisfaire les montantes demandes du march\u00e9 international gr\u00e2ce \u00e0 une recherche de grands investissements qui nous permet d\u2019avoir dans le catalogue un riche ensemble d\u2019armes exclusives, projet\u00e9es sp\u00e9cifiquement en fonction de l\u2019activit\u00e9 de chasse ou sportive.<\/p>\n<p>Si la technologique et l\u2019experience nous permettent de surmonter les vieux probl\u00e8mes techniques li\u00e9s \u00e0 la mechanique des armes longues \u00e0 feu, c\u2019est gr\u00e2ce \u00e0 un profil de haute qualitat\u00e9 d\u2019ex\u00e9cution que les nos produits ont obtenu grand succ\u00e8s et nombreaux r\u00e9compenses. Au bureau de recherce de la F.A.I.R.<sup>\u00ae<\/sup> on s\u2019utilise nouveaux technologiques et mat\u00e9riels qui mettent en \u00e9vidence le r\u00f4le renomm\u00e9 dans la r\u00e9alit\u00e9 industrielle du secteur, en fait la soci\u00e9t\u00e9 s\u2019est positionn\u00e9 au 2eme place en Italie dans la production de fusils pour plusieurs ann\u00e9es.<\/p>\n<p>L\u2019entreprise s\u2019occupe de plusieurs cr\u00e9ations \u00e9quip\u00e9es d\u2019une flexibilit\u00e9 extr\u00eamement \u00e9lev\u00e9e, autant que de plusieurs ann\u00e9es la correcte gestion des ressources a permis non seulment la production de fusils \u00e0 \u00e2me lisse, mais aussi fusils \u00e0 \u00e2me ray\u00e9. La dimension de la balle courir offre un supplementaire avantage \u00e0 ceux qui battrent les taches ou les montagnes dans la chasse aux ongul\u00e9s et au gibier \u00e0 poil, autant que la m\u00eame technologie s\u2019applique aux fusils \u00e0 \u00e2me lisse.<\/p>\n<p>En 2012 notre ma\u00eetrise constructif developp\u00e9e en quarante anne\u00e9s de brillante engagement dans la r\u00e9alisation de fusils de chasse nous a permis d\u2019atteindre un r\u00e9sultat tr\u00e8s important: la presentation officielle de la gamme de fusils \u00e0 canon double \u201cISIDE\u201d. Ce notre retour \u00e0 la production de fusils \u00e0 canon double a \u00e9t\u00e9 defini par la presse qualifi\u00e9e \u201cun exemple scolaire de r\u00e9volution constructive dans la cr\u00e9ation en s\u00e9rie des fusils doubles, vantant en plus le grand m\u00e9rite d\u2019avoir reinterpr\u00e9ter un mod\u00e8le classique de la production armi\u00e8re dans la cl\u00e9 moderne, marquant le retour du fusil \u00e0 canon double pour tous et confirmant la philosophie F.A.I.R.<sup>\u00ae<\/sup> \u201ctradition and technology\u201d.<\/p>\n\n\t\t<\/div>\n\t\t\t\t\t<\/div>\n\n\t\n\n<\/div>\n","protected":false},"excerpt":{"rendered":"","protected":false},"author":138,"featured_media":0,"parent":0,"menu_order":0,"comment_status":"closed","ping_status":"closed","template":"page-blank.php","meta":{"footnotes":""},"class_list":["post-2282","page","type-page","status-publish","hentry"],"yoast_head":"<!-- This site is optimized with the Yoast SEO plugin v23.0 - https:\/\/yoast.com\/wordpress\/plugins\/seo\/ -->\n<title>Notre entrepise - Fair<\/title>\n<meta name=\"robots\" content=\"index, follow, max-snippet:-1, max-image-preview:large, max-video-preview:-1\" \/>\n<link rel=\"canonical\" href=\"https:\/\/www.fair.it\/fr\/notre-entrepise\/\" \/>\n<meta property=\"og:locale\" content=\"fr_FR\" \/>\n<meta property=\"og:type\" content=\"article\" \/>\n<meta property=\"og:title\" content=\"Notre entrepise - Fair\" \/>\n<meta property=\"og:url\" content=\"https:\/\/www.fair.it\/fr\/notre-entrepise\/\" \/>\n<meta property=\"og:site_name\" content=\"Fair\" \/>\n<meta property=\"article:publisher\" content=\"https:\/\/www.facebook.com\/fair.italy\" \/>\n<meta property=\"article:modified_time\" content=\"2019-12-05T14:12:08+00:00\" \/>\n<meta property=\"og:image\" content=\"https:\/\/www.fair.it\/wp-content\/uploads\/LOGO-2-scaled.jpg\" \/>\n\t<meta property=\"og:image:width\" content=\"2560\" \/>\n\t<meta property=\"og:image:height\" content=\"1328\" \/>\n\t<meta property=\"og:image:type\" content=\"image\/jpeg\" \/>\n<meta name=\"twitter:card\" content=\"summary_large_image\" \/>\n<meta name=\"twitter:site\" content=\"@FAIRITALY1971\" \/>\n<script type=\"application\/ld+json\" class=\"yoast-schema-graph\">{\"@context\":\"https:\/\/schema.org\",\"@graph\":[{\"@type\":\"WebPage\",\"@id\":\"https:\/\/www.fair.it\/fr\/notre-entrepise\/\",\"url\":\"https:\/\/www.fair.it\/fr\/notre-entrepise\/\",\"name\":\"Notre entrepise - Fair\",\"isPartOf\":{\"@id\":\"https:\/\/www.fair.it\/#website\"},\"datePublished\":\"2019-12-05T14:12:07+00:00\",\"dateModified\":\"2019-12-05T14:12:08+00:00\",\"breadcrumb\":{\"@id\":\"https:\/\/www.fair.it\/fr\/notre-entrepise\/#breadcrumb\"},\"inLanguage\":\"fr-FR\",\"potentialAction\":[{\"@type\":\"ReadAction\",\"target\":[\"https:\/\/www.fair.it\/fr\/notre-entrepise\/\"]}]},{\"@type\":\"BreadcrumbList\",\"@id\":\"https:\/\/www.fair.it\/fr\/notre-entrepise\/#breadcrumb\",\"itemListElement\":[{\"@type\":\"ListItem\",\"position\":1,\"name\":\"Home\",\"item\":\"https:\/\/www.fair.it\/fr\/\"},{\"@type\":\"ListItem\",\"position\":2,\"name\":\"Notre entrepise\"}]},{\"@type\":\"WebSite\",\"@id\":\"https:\/\/www.fair.it\/#website\",\"url\":\"https:\/\/www.fair.it\/\",\"name\":\"Fair\",\"description\":\"\",\"publisher\":{\"@id\":\"https:\/\/www.fair.it\/#organization\"},\"potentialAction\":[{\"@type\":\"SearchAction\",\"target\":{\"@type\":\"EntryPoint\",\"urlTemplate\":\"https:\/\/www.fair.it\/?s={search_term_string}\"},\"query-input\":\"required name=search_term_string\"}],\"inLanguage\":\"fr-FR\"},{\"@type\":\"Organization\",\"@id\":\"https:\/\/www.fair.it\/#organization\",\"name\":\"F.a.i.r. srl\",\"url\":\"https:\/\/www.fair.it\/\",\"logo\":{\"@type\":\"ImageObject\",\"inLanguage\":\"fr-FR\",\"@id\":\"https:\/\/www.fair.it\/#\/schema\/logo\/image\/\",\"url\":\"https:\/\/www.fair.it\/wp-content\/uploads\/LOGO-2-scaled.jpg\",\"contentUrl\":\"https:\/\/www.fair.it\/wp-content\/uploads\/LOGO-2-scaled.jpg\",\"width\":2560,\"height\":1328,\"caption\":\"F.a.i.r. srl\"},\"image\":{\"@id\":\"https:\/\/www.fair.it\/#\/schema\/logo\/image\/\"},\"sameAs\":[\"https:\/\/www.facebook.com\/fair.italy\",\"https:\/\/x.com\/FAIRITALY1971\",\"https:\/\/www.instagram.com\/fairitaly\/\",\"https:\/\/www.pinterest.it\/FAIRITALY\/\",\"https:\/\/www.youtube.com\/channel\/UC2fQOBPNpVoq3RjivV7_KpQ\"]}]}<\/script>\n<!-- \/ Yoast SEO plugin. -->","yoast_head_json":{"title":"Notre entrepise - Fair","robots":{"index":"index","follow":"follow","max-snippet":"max-snippet:-1","max-image-preview":"max-image-preview:large","max-video-preview":"max-video-preview:-1"},"canonical":"https:\/\/www.fair.it\/fr\/notre-entrepise\/","og_locale":"fr_FR","og_type":"article","og_title":"Notre entrepise - Fair","og_url":"https:\/\/www.fair.it\/fr\/notre-entrepise\/","og_site_name":"Fair","article_publisher":"https:\/\/www.facebook.com\/fair.italy","article_modified_time":"2019-12-05T14:12:08+00:00","og_image":[{"width":2560,"height":1328,"url":"https:\/\/www.fair.it\/wp-content\/uploads\/LOGO-2-scaled.jpg","type":"image\/jpeg"}],"twitter_card":"summary_large_image","twitter_site":"@FAIRITALY1971","schema":{"@context":"https:\/\/schema.org","@graph":[{"@type":"WebPage","@id":"https:\/\/www.fair.it\/fr\/notre-entrepise\/","url":"https:\/\/www.fair.it\/fr\/notre-entrepise\/","name":"Notre entrepise - Fair","isPartOf":{"@id":"https:\/\/www.fair.it\/#website"},"datePublished":"2019-12-05T14:12:07+00:00","dateModified":"2019-12-05T14:12:08+00:00","breadcrumb":{"@id":"https:\/\/www.fair.it\/fr\/notre-entrepise\/#breadcrumb"},"inLanguage":"fr-FR","potentialAction":[{"@type":"ReadAction","target":["https:\/\/www.fair.it\/fr\/notre-entrepise\/"]}]},{"@type":"BreadcrumbList","@id":"https:\/\/www.fair.it\/fr\/notre-entrepise\/#breadcrumb","itemListElement":[{"@type":"ListItem","position":1,"name":"Home","item":"https:\/\/www.fair.it\/fr\/"},{"@type":"ListItem","position":2,"name":"Notre entrepise"}]},{"@type":"WebSite","@id":"https:\/\/www.fair.it\/#website","url":"https:\/\/www.fair.it\/","name":"Fair","description":"","publisher":{"@id":"https:\/\/www.fair.it\/#organization"},"potentialAction":[{"@type":"SearchAction","target":{"@type":"EntryPoint","urlTemplate":"https:\/\/www.fair.it\/?s={search_term_string}"},"query-input":"required name=search_term_string"}],"inLanguage":"fr-FR"},{"@type":"Organization","@id":"https:\/\/www.fair.it\/#organization","name":"F.a.i.r. srl","url":"https:\/\/www.fair.it\/","logo":{"@type":"ImageObject","inLanguage":"fr-FR","@id":"https:\/\/www.fair.it\/#\/schema\/logo\/image\/","url":"https:\/\/www.fair.it\/wp-content\/uploads\/LOGO-2-scaled.jpg","contentUrl":"https:\/\/www.fair.it\/wp-content\/uploads\/LOGO-2-scaled.jpg","width":2560,"height":1328,"caption":"F.a.i.r. srl"},"image":{"@id":"https:\/\/www.fair.it\/#\/schema\/logo\/image\/"},"sameAs":["https:\/\/www.facebook.com\/fair.italy","https:\/\/x.com\/FAIRITALY1971","https:\/\/www.instagram.com\/fairitaly\/","https:\/\/www.pinterest.it\/FAIRITALY\/","https:\/\/www.youtube.com\/channel\/UC2fQOBPNpVoq3RjivV7_KpQ"]}]}},"_links":{"self":[{"href":"https:\/\/www.fair.it\/fr\/wp-json\/wp\/v2\/pages\/2282"}],"collection":[{"href":"https:\/\/www.fair.it\/fr\/wp-json\/wp\/v2\/pages"}],"about":[{"href":"https:\/\/www.fair.it\/fr\/wp-json\/wp\/v2\/types\/page"}],"author":[{"embeddable":true,"href":"https:\/\/www.fair.it\/fr\/wp-json\/wp\/v2\/users\/138"}],"replies":[{"embeddable":true,"href":"https:\/\/www.fair.it\/fr\/wp-json\/wp\/v2\/comments?post=2282"}],"version-history":[{"count":1,"href":"https:\/\/www.fair.it\/fr\/wp-json\/wp\/v2\/pages\/2282\/revisions"}],"predecessor-version":[{"id":2283,"href":"https:\/\/www.fair.it\/fr\/wp-json\/wp\/v2\/pages\/2282\/revisions\/2283"}],"wp:attachment":[{"href":"https:\/\/www.fair.it\/fr\/wp-json\/wp\/v2\/media?parent=2282"}],"curies":[{"name":"wp","href":"https:\/\/api.w.org\/{rel}","templated":true}]}}